{"id":14971,"date":"2019-12-04T12:58:10","date_gmt":"2019-12-04T11:58:10","guid":{"rendered":"https:\/\/bospal.com\/datenschutz\/"},"modified":"2024-01-26T12:05:31","modified_gmt":"2024-01-26T11:05:31","slug":"datenschutz","status":"publish","type":"page","link":"https:\/\/bospal.com\/de\/datenschutz\/","title":{"rendered":"Datenschutz"},"content":{"rendered":"\t\t<div data-elementor-type=\"wp-page\" data-elementor-id=\"14971\" class=\"elementor elementor-14971 elementor-4937\" data-elementor-post-type=\"page\">\n\t\t\t\t\t\t<section class=\"elementor-section elementor-top-section elementor-element elementor-element-622b1df elementor-reverse-mobile elementor-section-boxed elementor-section-height-default elementor-section-height-default\" data-id=\"622b1df\" data-element_type=\"section\" data-e-type=\"section\">\n\t\t\t\t\t\t<div class=\"elementor-container elementor-column-gap-default\">\n\t\t\t\t\t<div class=\"elementor-column elementor-col-66 elementor-top-column elementor-element elementor-element-933c3b2 elementor-hidden-phone\" data-id=\"933c3b2\" data-element_type=\"column\" data-e-type=\"column\" data-settings=\"{&quot;background_background&quot;:&quot;classic&quot;}\">\n\t\t\t<div class=\"elementor-widget-wrap elementor-element-populated\">\n\t\t\t\t\t\t<div class=\"elementor-element elementor-element-5189074 elementor-widget elementor-widget-heading\" data-id=\"5189074\" data-element_type=\"widget\" data-e-type=\"widget\" data-widget_type=\"heading.default\">\n\t\t\t\t<div class=\"elementor-widget-container\">\n\t\t\t\t\t<h1 class=\"elementor-heading-title elementor-size-default\">DATENSCHUTZPOLITIK<\/h1>\t\t\t\t<\/div>\n\t\t\t\t<\/div>\n\t\t\t\t\t<\/div>\n\t\t<\/div>\n\t\t\t\t<div class=\"elementor-column elementor-col-33 elementor-top-column elementor-element elementor-element-af18d6d elementor-hidden-tablet elementor-hidden-mobile\" data-id=\"af18d6d\" data-element_type=\"column\" data-e-type=\"column\" data-settings=\"{&quot;background_background&quot;:&quot;classic&quot;}\">\n\t\t\t<div class=\"elementor-widget-wrap elementor-element-populated\">\n\t\t\t\t\t\t<div class=\"elementor-element elementor-element-a52098b elementor-hidden-tablet elementor-hidden-mobile elementor-view-default elementor-widget elementor-widget-icon\" data-id=\"a52098b\" data-element_type=\"widget\" data-e-type=\"widget\" data-widget_type=\"icon.default\">\n\t\t\t\t<div class=\"elementor-widget-container\">\n\t\t\t\t\t\t\t<div class=\"elementor-icon-wrapper\">\n\t\t\t<div class=\"elementor-icon\">\n\t\t\t<svg xmlns=\"http:\/\/www.w3.org\/2000\/svg\" xml:space=\"preserve\" style=\"enable-background:new 0 0 496.592 496.592\" viewBox=\"0 0 496.592 496.592\"><path d=\"M400.296 328v-51.696l-21.816 8.488-.064-.144-.52-.944c-8.36-13.016-21.88-22.072-37.104-24.832l-52.496-9.552v-4.144c19.632-11.4 34.008-30.848 38.488-53.84 14.544-3.008 25.512-15.912 25.512-31.336V80.984a50.169 50.169 0 0 0-35.84-48.136l-4-4C293.848 10.24 269.112 0 242.8 0c-54.312 0-98.504 44.184-98.504 98.504V160c0 15.424 10.968 28.328 25.512 31.336 4.488 22.992 18.856 42.448 38.488 53.84v4.144l-52.488 9.544c-15.208 2.76-28.72 11.8-37.088 24.808l-.48 1.168-21.944-8.536V328c-13.232 0-24 10.768-24 24v32c0 13.232 10.768 24 24 24v29.472l152 59.12 152-59.12V408c13.232 0 24-10.768 24-24v-32c0-13.232-10.768-24-24-24zm-97.008-59.688 34.64 6.296c10.2 1.856 19.232 7.744 25.256 16.128l-77.4 30.096 17.504-52.52zm-78.312-15.8c7.384 2.256 15.208 3.488 23.32 3.488s15.936-1.232 23.32-3.488L248.296 270l-23.32-17.488zm11.144 28.352-16.328 16.32-10.592-31.768 5.096-.92 21.824 16.368zm46.176-16.36 5.096.92-10.592 31.768-16.328-16.32 21.824-16.368zm46-90.728v-27.552c4.76 2.776 8 7.88 8 13.776s-3.24 11-8 13.776zm-160 0c-4.76-2.776-8-7.88-8-13.776s3.24-11 8-13.776v27.552zm0-53.776v9.136a31.73 31.73 0 0 0-8 3.312V98.504C160.296 53.016 197.304 16 242.8 16c22.032 0 42.76 8.584 58.344 24.168l7.056 7.064 2.152.528a34.19 34.19 0 0 1 25.944 33.224v51.464a31.44 31.44 0 0 0-8-3.312V120h-25.368c-21.68 0-42.4-10.352-55.4-27.688l-6.36-8.496-15.896 15.904C212.184 112.8 194.792 120 176.296 120h-8zm16 56v-40.368c19.752-1.832 38.08-10.4 52.288-24.6l3.112-3.112c16.04 17.704 39.144 28.08 63.232 28.08h9.368v40c0 35.288-28.712 64-64 64s-64-28.712-64-64zm-25.632 98.608 34.64-6.296 17.504 52.52-77.416-30.104c6.024-8.392 15.072-14.264 25.272-16.12zM88.296 384v-32c0-4.416 3.592-8 8-8 13.232 0 24 10.768 24 24s-10.768 24-24 24c-4.408 0-8-3.584-8-8zm152 92.304-128-49.768v-21.928c14.104-6.192 24-20.248 24-36.608 0-16.36-9.896-30.416-24-36.608v-31.696l128 49.776v126.832zm-23.752-153.232 31.752-31.76 31.752 31.752-31.752 12.352-31.752-12.344zm167.752 103.456-128 49.768V349.472l128-49.776v31.696c-14.104 6.192-24 20.248-24 36.608 0 16.36 9.896 30.416 24 36.608v21.92zm24-42.528c0 4.416-3.592 8-8 8-13.232 0-24-10.768-24-24s10.768-24 24-24c4.408 0 8 3.584 8 8v32z\"><\/path><\/svg>\t\t\t<\/div>\n\t\t<\/div>\n\t\t\t\t\t\t<\/div>\n\t\t\t\t<\/div>\n\t\t\t\t\t<\/div>\n\t\t<\/div>\n\t\t\t\t\t<\/div>\n\t\t<\/section>\n\t\t\t\t<section class=\"elementor-section elementor-top-section elementor-element elementor-element-5e0a3c1 elementor-section-full_width elementor-section-height-default elementor-section-height-default\" data-id=\"5e0a3c1\" data-element_type=\"section\" data-e-type=\"section\">\n\t\t\t\t\t\t<div class=\"elementor-container elementor-column-gap-default\">\n\t\t\t\t\t<div class=\"elementor-column elementor-col-100 elementor-top-column elementor-element elementor-element-1809c99\" data-id=\"1809c99\" data-element_type=\"column\" data-e-type=\"column\">\n\t\t\t<div class=\"elementor-widget-wrap elementor-element-populated\">\n\t\t\t\t\t\t<div class=\"elementor-element elementor-element-3332144 elementor-widget elementor-widget-text-editor\" data-id=\"3332144\" data-element_type=\"widget\" data-e-type=\"widget\" data-widget_type=\"text-editor.default\">\n\t\t\t\t<div class=\"elementor-widget-container\">\n\t\t\t\t\t\t\t\t\t<ol>\n \t<li>Diese Datenschutzerkl\u00e4rung beschreibt, wie die \u00fcber die Website www.bospal.com erhobenen personenbezogenen Daten gesch\u00fctzt und verarbeitet werden.\n<\/li>\n \t<li>Der Inhaber der Website www.bospal.com und gleichzeitig der Datenverwalter, d.h. die Person, die \u00fcber die Verwendung Ihrer pers\u00f6nlichen Daten entscheidet, ist Dariusz Dudys, der seine Gesch\u00e4ftst\u00e4tigkeit unter dem Namen Eddi Complex D.Dudys. Sp.K., Krakowska 98a, 32-650 K\u0119ty, eingetragen im Zentralen Unternehmensregister und in der Information \u00fcber die Wirtschaftst\u00e4tigkeit der Republik Polen, gef\u00fchrt vom Wirtschaftsminister; NIP: 5492436294; REGON: 122958846.\n\n\n\n<\/li>\n \t<li>Die \u00fcber die Website erhobenen personenbezogenen Daten werden im Einklang mit der Verordnung (EU) 2016\/679 des Europ\u00e4ischen Parlaments und des Rates vom 27. April 2016 zum Schutz nat\u00fcrlicher Personen bei der Verarbeitung personenbezogener Daten, zum freien Datenverkehr und zur Aufhebung der Richtlinie 95\/46\/EG (Datenschutz-Grundverordnung), im Folgenden RODO genannt, verarbeitet.\n \n\n<\/li>\n<\/ol>\nWoher haben wir die Daten?\n<ol>\n \t<li>Diese haben wir von Kunden erhalten, als sie das Kontaktformular auf www.bospal.com ausf\u00fcllten.<\/li>\n<\/ol>\nWie sammeln wir Daten?\n<ol>\n \t<li>Eddi Complex D.Dudys. Sp.K. achtet besonders auf den Schutz der Interessen der betroffenen Personen und stellt insbesondere sicher, dass die von ihr erhobenen Daten im Einklang mit dem Gesetz verarbeitet werden, dass sie f\u00fcr festgelegte, rechtm\u00e4\u00dfige Zwecke erhoben und nicht einer mit diesen Zwecken nicht zu vereinbarenden Weiterverarbeitung unterzogen werden, dass sie sachlich richtig und den Zwecken angemessen sind, f\u00fcr die sie verarbeitet werden, und dass sie in einer Form gespeichert werden, die die Identifizierung der betroffenen Personen nur so lange erm\u00f6glicht, wie es f\u00fcr die Erreichung des Zwecks der Verarbeitung erforderlich ist.  \n\n\n\n\n<\/li>\n \t<li>Eddi Complex D.Dudys. Sp.K. sammelt Informationen \u00fcber nat\u00fcrliche Personen, die eine Rechtshandlung vornehmen, die nicht direkt mit ihrer T\u00e4tigkeit zusammenh\u00e4ngt, \u00fcber nat\u00fcrliche Personen, die eine gesch\u00e4ftliche oder berufliche T\u00e4tigkeit in eigenem Namen aus\u00fcben, und \u00fcber nat\u00fcrliche Personen, die juristische Personen oder organisatorische Einheiten vertreten, die keine juristischen Personen sind und denen das Gesetz Rechtsf\u00e4higkeit verleiht, und die eine gesch\u00e4ftliche oder berufliche T\u00e4tigkeit in eigenem Namen aus\u00fcben, nachfolgend zusammenfassend als Kunden bezeichnet.  \n\n\n\n<\/li>\n \t<li>Personenbezogene Daten von Kunden werden erhoben bei: a) Verwendung des Kontaktformulars.\n<\/li>\n \t<li>Bei Verwendung des Kontaktformulars muss der Kunde Folgendes angeben: a) E-Mail-Adresse; b) Name;\n\n<\/li>\n \t<li>Bei der Nutzung der Website k\u00f6nnen zus\u00e4tzliche Informationen gesammelt werden, insbesondere: die dem Computer des Kunden zugewiesene IP-Adresse oder die externe IP-Adresse des Internet-Providers, der Dom\u00e4nenname, der Browsertyp, die Zugriffszeit, der Betriebssystemtyp.\n\n<\/li>\n \t<li>Es k\u00f6nnen auch Navigationsdaten von Kunden gesammelt werden, einschlie\u00dflich Informationen \u00fcber die Links und Verweise, auf die sie klicken, oder andere Aktionen, die sie auf unserer Website durchf\u00fchren.<\/li>\n<\/ol>\nWie verwenden wir die von uns erhobenen Daten und wem vertrauen wir sie an?\n<ol>\n \t<li>Bei Verwendung des Kontaktformulars auf der Website werden die Daten der Kunden verarbeitet, um auf die gesendete Nachricht zu antworten &#8211; auf der Grundlage von Artikel 6 Absatz 1 Buchstabe b) RODO.  <\/li>\n \t<li>Die Navigationsdaten k\u00f6nnen verwendet werden, um den Kunden einen besseren Service zu bieten, um statistische Daten zu analysieren und die Website an die Pr\u00e4ferenzen der Kunden anzupassen sowie um den Online-Shop zu verwalten.\n\n<\/li>\n \t<li>Die vom Kunden zur Verf\u00fcgung gestellten personenbezogenen Daten werden zum Zwecke der Abwehr und Verfolgung von Anspr\u00fcchen &#8211; auf der Grundlage von Artikel 6 Absatz 1 Buchstabe f) RODO &#8211; im berechtigten Interesse von Eddi Complex D.Dudys. Sp.K. f\u00fcr einen Zeitraum von maximal 10 Jahren ab Vertragsende verarbeitet.\n  \n<\/li>\n \t<li>Die personenbezogenen Daten unserer Kunden werden derzeit nicht au\u00dferhalb der Europ\u00e4ischen Union verarbeitet.<\/li>\n \t<li>Im Zusammenhang mit den oben genannten Zwecken kann es sich bei den Empf\u00e4ngern der personenbezogenen Daten um Stellen handeln, die als Vermittler bei der Erf\u00fcllung der vertraglichen Verpflichtungen des f\u00fcr die Verarbeitung Verantwortlichen t\u00e4tig sind, z. B. IT-Dienstleister, Buchhalter, Anwaltskanzleien, Anbieter von Online-Zahlungen, Kurierdienste.<\/li>\n<\/ol>\nWie lange bewahren wir Ihre Daten auf? Wir verarbeiten und speichern Ihre Daten grunds\u00e4tzlich f\u00fcr die Dauer unseres Vertragsverh\u00e4ltnisses und bis zur Erreichung der Ziele der jeweiligen Verarbeitung. Soweit dies gesetzlich vorgeschrieben ist, werden bestimmte personenbezogene Daten auch l\u00e4nger gespeichert. Welche Rechte haben die Kunden in Bezug auf ihre personenbezogenen Daten?\n\n \n\n\n<ol>\n \t<li>Recht auf Widerruf der Einwilligung &#8211; Rechtsgrundlage Artikel 7 Absatz 3 RODO  <\/li>\n \t<li>Recht auf Widerspruch gegen die Datenverarbeitung &#8211; Rechtsgrundlage Artikel 21 RODO <\/li>\n \t<li>Recht auf Datenl\u00f6schung (&#8222;Recht auf Vergessenwerden&#8220;) &#8211; Rechtsgrundlage Artikel 17 RODO Kunden haben das Recht, alle von Eddi Complex D.Dudys. Sp.K. verarbeiteten Daten zu l\u00f6schen, au\u00dfer wenn: a) eine Bestellung begonnen wurde, die noch nicht versandt wurde, b) der Kunde eine offene Forderung an Eddi Complex D.Dudys. Sp.K., unabh\u00e4ngig von der Zahlungsart, c) der Kunde einen Kauf get\u00e4tigt hat, werden wir die personenbezogenen Daten \u00fcber die Transaktion zu Buchhaltungszwecken aufbewahren. \n\n  \n\n\n\n\n<\/li>\n \t<li>Recht auf Einschr\u00e4nkung der Datenverarbeitung &#8211; Rechtsgrundlage Artikel 18 RODO <\/li>\n \t<li>Auskunftsrecht &#8211; Rechtsgrundlage Artikel 15 RODO Sie haben das Recht, jederzeit Auskunft \u00fcber die von uns gespeicherten personenbezogenen Daten zu verlangen. \n\n<\/li>\n \t<li>Recht auf Berichtigung &#8211; Rechtsgrundlage Artikel 16 RODO Der Kunde hat das Recht, die Berichtigung seiner personenbezogenen Daten zu verlangen, wenn diese unrichtig sind, und unvollst\u00e4ndige Daten zu erg\u00e4nzen. \n<\/li>\n \t<li>Recht auf Daten\u00fcbertragbarkeit &#8211; Rechtsgrundlage Artikel 20 RODO Der Kunde hat jederzeit die M\u00f6glichkeit, seine pers\u00f6nlichen Daten im Bereich seines Kontos zu bearbeiten, einzusehen oder zu l\u00f6schen, nachdem er zuvor ein Login und ein Passwort eingegeben hat. F\u00fcr den Fall, dass der Kunde sein Passwort vergisst, gibt es auf der Login-Seite einen Link &#8222;Passwort erinnern&#8220;, der den Kunden zu einem Formular weiterleitet, bei dessen Ausf\u00fcllen mit der bei der Registrierung angegebenen E-Mail-Adresse ein Ersatzpasswort zugesandt wird. \n <\/li>\n \t<li>Der Kunde hat das Recht, beim Pr\u00e4sidenten der Datenschutzbeh\u00f6rde eine Beschwerde \u00fcber die Verletzung seines Rechts auf Datenschutz oder anderer Rechte, die ihm gem\u00e4\u00df der RODO gew\u00e4hrt werden, einzureichen.<\/li>\n<\/ol>\nWie sichern wir unsere Dienste?\n<ol>\n \t<li>Unsere technischen Standards &#8211; Die Daten\u00fcbertragung erfolgt \u00fcber das Secure Socket Layer (SSL)-\u00dcbertragungsprotokoll.<\/li>\n \t<li>Die Website kann Links zu anderen Websites enthalten. Der Administrator bittet Sie dringend, beim Besuch anderer Websites die dort festgelegten Datenschutzbestimmungen zu lesen. Diese Datenschutzrichtlinie gilt nur f\u00fcr diese Website.  <\/li>\n \t<li>Der f\u00fcr die Verarbeitung Verantwortliche wendet technische und organisatorische Ma\u00dfnahmen an, um den Schutz der verarbeiteten personenbezogenen Daten zu gew\u00e4hrleisten, die den Risiken und den gesch\u00fctzten Datenkategorien angemessen sind, und insbesondere um die Daten vor dem Zugriff Unbefugter, vor der Entnahme durch Unbefugte, vor der Verarbeitung unter Verletzung der geltenden Vorschriften und vor der Ver\u00e4nderung, dem Verlust, der Besch\u00e4digung oder der Zerst\u00f6rung zu sch\u00fctzen.<\/li>\n<\/ol>\nWie k\u00f6nnen Sie sich beschweren, wenn eine Verletzung der Datensicherheit oder der Datenschutzvorschriften vorliegt? Wenn Sie von Ihrem Widerspruchsrecht Gebrauch machen wollen, wenden Sie sich bitte an: E-Mail-Adresse: info@bospal.com Postanschrift: Eddi Complex D.Dudys. Sp.K. , Krakowska 98a, 32-650 K\u0119ty Wie k\u00f6nnen Sie sich an uns wenden, um weitere Informationen \u00fcber die Verarbeitung Ihrer personenbezogenen Daten zu erhalten? Der f\u00fcr die Verarbeitung Verantwortliche hat eine Kontaktstelle f\u00fcr Fragen im Zusammenhang mit der Verarbeitung und dem Schutz personenbezogener Daten benannt &#8211; hier sind die Kontaktdaten: E-Mail-Adresse: info@bospal.com Postanschrift: Eddi Complex D.Dudys. Sp.K., Krakowska 98a, 32-650 K\u0119ty Wie aktualisieren wir unsere Grunds\u00e4tze? Wir behalten uns das Recht vor, unsere Datenschutzbestimmungen jederzeit und ohne vorherige Ank\u00fcndigung zu aktualisieren oder zu modernisieren, indem wir die neue, ge\u00e4nderte Fassung auf unserer Website www.bospal.com ver\u00f6ffentlichen. Der neue Wortlaut der Richtlinie gilt, sobald er auf unserer Website ver\u00f6ffentlicht ist.\n\n\n\n\n\n  \n\n\n\n\n\n\n\n\n\n\n\n\n\n\n<h3><\/h3>\t\t\t\t\t\t\t\t<\/div>\n\t\t\t\t<\/div>\n\t\t\t\t\t<\/div>\n\t\t<\/div>\n\t\t\t\t\t<\/div>\n\t\t<\/section>\n\t\t\t\t<\/div>\n\t\t","protected":false},"excerpt":{"rendered":"<p>DATENSCHUTZPOLITIK Diese Datenschutzerkl\u00e4rung beschreibt, wie die \u00fcber die Website www.bospal.com erhobenen personenbezogenen Daten gesch\u00fctzt und verarbeitet werden. Der Inhaber der Website www.bospal.com und gleichzeitig der Datenverwalter, d.h. die Person, die \u00fcber die Verwendung Ihrer pers\u00f6nlichen Daten entscheidet, ist Dariusz Dudys, der seine Gesch\u00e4ftst\u00e4tigkeit unter dem Namen Eddi Complex D.Dudys. Sp.K., Krakowska 98a, 32-650 K\u0119ty, eingetragen [&hellip;]<\/p>\n","protected":false},"author":5,"featured_media":0,"parent":0,"menu_order":0,"comment_status":"closed","ping_status":"closed","template":"","meta":{"ocean_post_layout":"full-screen","ocean_both_sidebars_style":"","ocean_both_sidebars_content_width":0,"ocean_both_sidebars_sidebars_width":0,"ocean_sidebar":"0","ocean_second_sidebar":"0","ocean_disable_margins":"enable","ocean_add_body_class":"","ocean_shortcode_before_top_bar":"","ocean_shortcode_after_top_bar":"","ocean_shortcode_before_header":"","ocean_shortcode_after_header":"","ocean_has_shortcode":"","ocean_shortcode_after_title":"","ocean_shortcode_before_footer_widgets":"","ocean_shortcode_after_footer_widgets":"","ocean_shortcode_before_footer_bottom":"","ocean_shortcode_after_footer_bottom":"","ocean_display_top_bar":"off","ocean_display_header":"default","ocean_header_style":"","ocean_center_header_left_menu":"0","ocean_custom_header_template":"0","ocean_custom_logo":0,"ocean_custom_retina_logo":0,"ocean_custom_logo_max_width":0,"ocean_custom_logo_tablet_max_width":0,"ocean_custom_logo_mobile_max_width":0,"ocean_custom_logo_max_height":0,"ocean_custom_logo_tablet_max_height":0,"ocean_custom_logo_mobile_max_height":0,"ocean_header_custom_menu":"7","ocean_menu_typo_font_family":"0","ocean_menu_typo_font_subset":"","ocean_menu_typo_font_size":0,"ocean_menu_typo_font_size_tablet":0,"ocean_menu_typo_font_size_mobile":0,"ocean_menu_typo_font_size_unit":"px","ocean_menu_typo_font_weight":"","ocean_menu_typo_font_weight_tablet":"","ocean_menu_typo_font_weight_mobile":"","ocean_menu_typo_transform":"","ocean_menu_typo_transform_tablet":"","ocean_menu_typo_transform_mobile":"","ocean_menu_typo_line_height":0,"ocean_menu_typo_line_height_tablet":0,"ocean_menu_typo_line_height_mobile":0,"ocean_menu_typo_line_height_unit":"","ocean_menu_typo_spacing":0,"ocean_menu_typo_spacing_tablet":0,"ocean_menu_typo_spacing_mobile":0,"ocean_menu_typo_spacing_unit":"","ocean_menu_link_color":"","ocean_menu_link_color_hover":"","ocean_menu_link_color_active":"","ocean_menu_link_background":"","ocean_menu_link_hover_background":"","ocean_menu_link_active_background":"","ocean_menu_social_links_bg":"","ocean_menu_social_hover_links_bg":"","ocean_menu_social_links_color":"","ocean_menu_social_hover_links_color":"","ocean_disable_title":"on","ocean_disable_heading":"default","ocean_post_title":"","ocean_post_subheading":"","ocean_post_title_style":"","ocean_post_title_background_color":"","ocean_post_title_background":0,"ocean_post_title_bg_image_position":"","ocean_post_title_bg_image_attachment":"","ocean_post_title_bg_image_repeat":"","ocean_post_title_bg_image_size":"","ocean_post_title_height":0,"ocean_post_title_bg_overlay":0.5,"ocean_post_title_bg_overlay_color":"","ocean_disable_breadcrumbs":"default","ocean_breadcrumbs_color":"","ocean_breadcrumbs_separator_color":"","ocean_breadcrumbs_links_color":"","ocean_breadcrumbs_links_hover_color":"","ocean_display_footer_widgets":"default","ocean_display_footer_bottom":"default","ocean_custom_footer_template":"0","footnotes":""},"class_list":["post-14971","page","type-page","status-publish","hentry","entry","owp-thumbs-layout-horizontal","owp-btn-normal","owp-tabs-layout-horizontal","has-no-thumbnails","has-product-nav"],"aioseo_notices":[],"_links":{"self":[{"href":"https:\/\/bospal.com\/de\/wp-json\/wp\/v2\/pages\/14971","targetHints":{"allow":["GET"]}}],"collection":[{"href":"https:\/\/bospal.com\/de\/wp-json\/wp\/v2\/pages"}],"about":[{"href":"https:\/\/bospal.com\/de\/wp-json\/wp\/v2\/types\/page"}],"author":[{"embeddable":true,"href":"https:\/\/bospal.com\/de\/wp-json\/wp\/v2\/users\/5"}],"replies":[{"embeddable":true,"href":"https:\/\/bospal.com\/de\/wp-json\/wp\/v2\/comments?post=14971"}],"version-history":[{"count":0,"href":"https:\/\/bospal.com\/de\/wp-json\/wp\/v2\/pages\/14971\/revisions"}],"wp:attachment":[{"href":"https:\/\/bospal.com\/de\/wp-json\/wp\/v2\/media?parent=14971"}],"curies":[{"name":"wp","href":"https:\/\/api.w.org\/{rel}","templated":true}]}}