{"id":14973,"date":"2019-11-02T21:01:33","date_gmt":"2019-11-02T20:01:33","guid":{"rendered":"https:\/\/bospal.com\/herstellung-von-verpackungen-aus-pressholz\/"},"modified":"2024-08-19T12:15:07","modified_gmt":"2024-08-19T10:15:07","slug":"herstellung-von-verpackungen-aus-pressholz","status":"publish","type":"page","link":"https:\/\/bospal.com\/de\/herstellung-von-verpackungen-aus-pressholz\/","title":{"rendered":"Herstellung von Verpackungen aus Pressholz"},"content":{"rendered":"\t\t<div data-elementor-type=\"wp-page\" data-elementor-id=\"14973\" class=\"elementor elementor-14973 elementor-356\" data-elementor-post-type=\"page\">\n\t\t\t\t\t\t<section class=\"elementor-section elementor-top-section elementor-element elementor-element-5bf1ec44 elementor-section-full_width elementor-section-height-default elementor-section-height-default\" data-id=\"5bf1ec44\" data-element_type=\"section\" data-e-type=\"section\">\n\t\t\t\t\t\t<div class=\"elementor-container elementor-column-gap-default\">\n\t\t\t\t\t<div class=\"elementor-column elementor-col-100 elementor-top-column elementor-element elementor-element-2188f2e2\" data-id=\"2188f2e2\" data-element_type=\"column\" data-e-type=\"column\">\n\t\t\t<div class=\"elementor-widget-wrap elementor-element-populated\">\n\t\t\t\t\t\t<div class=\"elementor-element elementor-element-4d537501 elementor-widget elementor-widget-template\" data-id=\"4d537501\" data-element_type=\"widget\" data-e-type=\"widget\" data-widget_type=\"template.default\">\n\t\t\t\t<div class=\"elementor-widget-container\">\n\t\t\t\t\t\t\t<div class=\"elementor-template\">\n\t\t\t\t\t<div data-elementor-type=\"section\" data-elementor-id=\"14885\" class=\"elementor elementor-14885 elementor-10027\" data-elementor-post-type=\"elementor_library\">\n\t\t\t\t\t<section class=\"elementor-section elementor-top-section elementor-element elementor-element-801d2e8 elementor-section-height-min-height elementor-hidden-phone elementor-section-full_width elementor-section-items-top elementor-section-height-default\" data-id=\"801d2e8\" data-element_type=\"section\" data-e-type=\"section\">\n\t\t\t\t\t\t<div class=\"elementor-container elementor-column-gap-default\">\n\t\t\t\t\t<div class=\"elementor-column elementor-col-33 elementor-top-column elementor-element elementor-element-46078a2 elementor-invisible\" data-id=\"46078a2\" data-element_type=\"column\" data-e-type=\"column\" data-settings=\"{&quot;background_background&quot;:&quot;classic&quot;,&quot;animation&quot;:&quot;slideInUp&quot;,&quot;animation_delay&quot;:1500}\">\n\t\t\t<div class=\"elementor-widget-wrap elementor-element-populated\">\n\t\t\t\t\t\t<div class=\"elementor-element elementor-element-951f72a elementor-widget elementor-widget-text-editor\" data-id=\"951f72a\" data-element_type=\"widget\" data-e-type=\"widget\" data-widget_type=\"text-editor.default\">\n\t\t\t\t<div class=\"elementor-widget-container\">\n\t\t\t\t\t\t\t\t\t<p><b>LET&#8217;S <\/b><\/p>\n<p><b>CREATE <\/b><\/p>\n<p><b>YOUR SHAPE<\/b><\/p>\n\t\t\t\t\t\t\t\t<\/div>\n\t\t\t\t<\/div>\n\t\t\t\t\t<\/div>\n\t\t<\/div>\n\t\t\t\t<div class=\"elementor-column elementor-col-33 elementor-top-column elementor-element elementor-element-52b21d0 animated-fast elementor-invisible\" data-id=\"52b21d0\" data-element_type=\"column\" data-e-type=\"column\" data-settings=\"{&quot;background_background&quot;:&quot;classic&quot;,&quot;animation&quot;:&quot;slideInUp&quot;,&quot;animation_delay&quot;:1800}\">\n\t\t\t<div class=\"elementor-widget-wrap elementor-element-populated\">\n\t\t\t\t\t\t<div class=\"elementor-element elementor-element-51f3af2 elementor-widget elementor-widget-toggle\" data-id=\"51f3af2\" data-element_type=\"widget\" data-e-type=\"widget\" data-widget_type=\"toggle.default\">\n\t\t\t\t<div class=\"elementor-widget-container\">\n\t\t\t\t\t\t\t<div class=\"elementor-toggle\">\n\t\t\t\t\t\t\t<div class=\"elementor-toggle-item\">\n\t\t\t\t\t<div id=\"elementor-tab-title-8591\" class=\"elementor-tab-title\" data-tab=\"1\" role=\"button\" aria-controls=\"elementor-tab-content-8591\" aria-expanded=\"false\">\n\t\t\t\t\t\t\t\t\t\t\t\t<span class=\"elementor-toggle-icon elementor-toggle-icon-right\" aria-hidden=\"true\">\n\t\t\t\t\t\t\t\t\t\t\t\t\t\t\t<span class=\"elementor-toggle-icon-closed\"><svg class=\"e-font-icon-svg e-fas-caret-down\" viewBox=\"0 0 320 512\" xmlns=\"http:\/\/www.w3.org\/2000\/svg\"><path d=\"M31.3 192h257.3c17.8 0 26.7 21.5 14.1 34.1L174.1 354.8c-7.8 7.8-20.5 7.8-28.3 0L17.2 226.1C4.6 213.5 13.5 192 31.3 192z\"><\/path><\/svg><\/span>\n\t\t\t\t\t\t\t\t<span class=\"elementor-toggle-icon-opened\"><svg class=\"elementor-toggle-icon-opened e-font-icon-svg e-fas-caret-up\" viewBox=\"0 0 320 512\" xmlns=\"http:\/\/www.w3.org\/2000\/svg\"><path d=\"M288.662 352H31.338c-17.818 0-26.741-21.543-14.142-34.142l128.662-128.662c7.81-7.81 20.474-7.81 28.284 0l128.662 128.662c12.6 12.599 3.676 34.142-14.142 34.142z\"><\/path><\/svg><\/span>\n\t\t\t\t\t\t\t\t\t\t\t\t\t<\/span>\n\t\t\t\t\t\t\t\t\t\t\t\t<a class=\"elementor-toggle-title\" tabindex=\"0\">F\u00fcr Ihren Sektor<\/a>\n\t\t\t\t\t<\/div>\n\n\t\t\t\t\t<div id=\"elementor-tab-content-8591\" class=\"elementor-tab-content elementor-clearfix\" data-tab=\"1\" role=\"region\" aria-labelledby=\"elementor-tab-title-8591\"><p style=\"line-height: 30px; color: #7a7a7a; margin-bottom: 10px;\"><strong>Was k\u00f6nnen BosPal\u2122-Verpackungen f\u00fcr Ihren Sektor leisten?<\/strong><\/p>\n<p><a href=\"https:\/\/bospal.com\/de\/verpackungen-fuer-den-automobilsektor\/\">F\u00fcr den Automobilsektor<\/a><\/p>\n<p><a href=\"https:\/\/bospal.com\/de\/verpackungen-fuer-den-sektor-der-erneuerbaren-energien\/\">F\u00fcr den Bereich der erneuerbaren Energien<\/a><\/p>\n<p><a href=\"https:\/\/bospal.com\/de\/verpackungen-fuer-den-brauereisektor\/\">F\u00fcr den Brauereisektor<\/a><\/p>\n<p><a href=\"https:\/\/bospal.com\/de\/verpackungen-fuer-den-werkzeugsektor\/\">F\u00fcr den Werkzeugsektor<\/a><\/p>\n<p><a href=\"https:\/\/bospal.com\/de\/verpackungen-fuer-den-sektor-unterhaltungselektronik-geraete\/\">F\u00fcr den Sektor Unterhaltungselektronik\/Ger\u00e4te<\/a><\/p>\n<\/div>\n\t\t\t\t<\/div>\n\t\t\t\t\t\t\t\t<\/div>\n\t\t\t\t\t\t<\/div>\n\t\t\t\t<\/div>\n\t\t\t\t\t<\/div>\n\t\t<\/div>\n\t\t\t\t<div class=\"elementor-column elementor-col-33 elementor-top-column elementor-element elementor-element-e7614fc animated-fast elementor-invisible\" data-id=\"e7614fc\" data-element_type=\"column\" data-e-type=\"column\" data-settings=\"{&quot;background_background&quot;:&quot;classic&quot;,&quot;animation&quot;:&quot;slideInUp&quot;,&quot;animation_delay&quot;:1800}\">\n\t\t\t<div class=\"elementor-widget-wrap elementor-element-populated\">\n\t\t\t\t\t\t<div class=\"elementor-element elementor-element-836c686 elementor-widget elementor-widget-toggle\" data-id=\"836c686\" data-element_type=\"widget\" data-e-type=\"widget\" data-widget_type=\"toggle.default\">\n\t\t\t\t<div class=\"elementor-widget-container\">\n\t\t\t\t\t\t\t<div class=\"elementor-toggle\">\n\t\t\t\t\t\t\t<div class=\"elementor-toggle-item\">\n\t\t\t\t\t<div id=\"elementor-tab-title-1371\" class=\"elementor-tab-title\" data-tab=\"1\" role=\"button\" aria-controls=\"elementor-tab-content-1371\" aria-expanded=\"false\">\n\t\t\t\t\t\t\t\t\t\t\t\t<span class=\"elementor-toggle-icon elementor-toggle-icon-right\" aria-hidden=\"true\">\n\t\t\t\t\t\t\t\t\t\t\t\t\t\t\t<span class=\"elementor-toggle-icon-closed\"><svg class=\"e-font-icon-svg e-fas-caret-down\" viewBox=\"0 0 320 512\" xmlns=\"http:\/\/www.w3.org\/2000\/svg\"><path d=\"M31.3 192h257.3c17.8 0 26.7 21.5 14.1 34.1L174.1 354.8c-7.8 7.8-20.5 7.8-28.3 0L17.2 226.1C4.6 213.5 13.5 192 31.3 192z\"><\/path><\/svg><\/span>\n\t\t\t\t\t\t\t\t<span class=\"elementor-toggle-icon-opened\"><svg class=\"elementor-toggle-icon-opened e-font-icon-svg e-fas-caret-up\" viewBox=\"0 0 320 512\" xmlns=\"http:\/\/www.w3.org\/2000\/svg\"><path d=\"M288.662 352H31.338c-17.818 0-26.741-21.543-14.142-34.142l128.662-128.662c7.81-7.81 20.474-7.81 28.284 0l128.662 128.662c12.6 12.599 3.676 34.142-14.142 34.142z\"><\/path><\/svg><\/span>\n\t\t\t\t\t\t\t\t\t\t\t\t\t<\/span>\n\t\t\t\t\t\t\t\t\t\t\t\t<a class=\"elementor-toggle-title\" tabindex=\"0\">F\u00fcr Ihr Unternehmen<\/a>\n\t\t\t\t\t<\/div>\n\n\t\t\t\t\t<div id=\"elementor-tab-content-1371\" class=\"elementor-tab-content elementor-clearfix\" data-tab=\"1\" role=\"region\" aria-labelledby=\"elementor-tab-title-1371\"><p style=\"line-height: 30px; color: #7a7a7a; margin-bottom: 10px;\"><strong>Was kann BosPal\u2122 f\u00fcr Ihr Unternehmen leisten?<\/strong><\/p>\n<p><a href=\"https:\/\/bospal.com\/de\/bessere-raumausnutzung\/\">Bessere Raumausnutzung<\/a><\/p>\n<p><a href=\"https:\/\/bospal.com\/de\/produktanzeigen\/\">Original-Produktanzeigen<\/a><\/p>\n<p><a href=\"https:\/\/bospal.com\/de\/schutzverpackung-fuer-den-export\/\">Erh\u00f6hter Schutz beim Transport<\/a><\/p>\n<p><a href=\"https:\/\/bospal.com\/de\/vereinfachte-verfahren-fuer-die-ausfuhr\/\">Vereinfachte Ausfuhrverfahren<\/a><\/p>\n<\/div>\n\t\t\t\t<\/div>\n\t\t\t\t\t\t\t\t<\/div>\n\t\t\t\t\t\t<\/div>\n\t\t\t\t<\/div>\n\t\t\t\t\t<\/div>\n\t\t<\/div>\n\t\t\t\t\t<\/div>\n\t\t<\/section>\n\t\t\t\t<\/div>\n\t\t\t\t<\/div>\n\t\t\t\t\t\t<\/div>\n\t\t\t\t<\/div>\n\t\t\t\t\t<\/div>\n\t\t<\/div>\n\t\t\t\t\t<\/div>\n\t\t<\/section>\n\t\t\t\t<section class=\"elementor-section elementor-top-section elementor-element elementor-element-5e33f9d elementor-reverse-mobile elementor-section-boxed elementor-section-height-default elementor-section-height-default\" data-id=\"5e33f9d\" data-element_type=\"section\" data-e-type=\"section\">\n\t\t\t\t\t\t<div class=\"elementor-container elementor-column-gap-default\">\n\t\t\t\t\t<div class=\"elementor-column elementor-col-66 elementor-top-column elementor-element elementor-element-452e775 elementor-hidden-phone\" data-id=\"452e775\" data-element_type=\"column\" data-e-type=\"column\" data-settings=\"{&quot;background_background&quot;:&quot;classic&quot;}\">\n\t\t\t<div class=\"elementor-widget-wrap elementor-element-populated\">\n\t\t\t\t\t\t<div class=\"elementor-element elementor-element-48f4877 elementor-widget elementor-widget-heading\" data-id=\"48f4877\" data-element_type=\"widget\" data-e-type=\"widget\" data-widget_type=\"heading.default\">\n\t\t\t\t<div class=\"elementor-widget-container\">\n\t\t\t\t\t<h1 class=\"elementor-heading-title elementor-size-default\">HERSTELLUNG VON VERPACKUNGEN AUS GEPRESSTEM HOLZ<\/h1>\t\t\t\t<\/div>\n\t\t\t\t<\/div>\n\t\t\t\t\t<\/div>\n\t\t<\/div>\n\t\t\t\t<div class=\"elementor-column elementor-col-33 elementor-top-column elementor-element elementor-element-f0d9301 elementor-hidden-tablet elementor-hidden-mobile\" data-id=\"f0d9301\" data-element_type=\"column\" data-e-type=\"column\" data-settings=\"{&quot;background_background&quot;:&quot;classic&quot;}\">\n\t\t\t<div class=\"elementor-widget-wrap elementor-element-populated\">\n\t\t\t\t\t\t<div class=\"elementor-element elementor-element-04b5f15 elementor-hidden-tablet elementor-hidden-mobile elementor-view-default elementor-widget elementor-widget-icon\" data-id=\"04b5f15\" data-element_type=\"widget\" data-e-type=\"widget\" data-widget_type=\"icon.default\">\n\t\t\t\t<div class=\"elementor-widget-container\">\n\t\t\t\t\t\t\t<div class=\"elementor-icon-wrapper\">\n\t\t\t<div class=\"elementor-icon\">\n\t\t\t<svg xmlns=\"http:\/\/www.w3.org\/2000\/svg\" xml:space=\"preserve\" style=\"enable-background:new 0 0 496.592 496.592\" viewBox=\"0 0 496.592 496.592\"><path d=\"M400.296 328v-51.696l-21.816 8.488-.064-.144-.52-.944c-8.36-13.016-21.88-22.072-37.104-24.832l-52.496-9.552v-4.144c19.632-11.4 34.008-30.848 38.488-53.84 14.544-3.008 25.512-15.912 25.512-31.336V80.984a50.169 50.169 0 0 0-35.84-48.136l-4-4C293.848 10.24 269.112 0 242.8 0c-54.312 0-98.504 44.184-98.504 98.504V160c0 15.424 10.968 28.328 25.512 31.336 4.488 22.992 18.856 42.448 38.488 53.84v4.144l-52.488 9.544c-15.208 2.76-28.72 11.8-37.088 24.808l-.48 1.168-21.944-8.536V328c-13.232 0-24 10.768-24 24v32c0 13.232 10.768 24 24 24v29.472l152 59.12 152-59.12V408c13.232 0 24-10.768 24-24v-32c0-13.232-10.768-24-24-24zm-97.008-59.688 34.64 6.296c10.2 1.856 19.232 7.744 25.256 16.128l-77.4 30.096 17.504-52.52zm-78.312-15.8c7.384 2.256 15.208 3.488 23.32 3.488s15.936-1.232 23.32-3.488L248.296 270l-23.32-17.488zm11.144 28.352-16.328 16.32-10.592-31.768 5.096-.92 21.824 16.368zm46.176-16.36 5.096.92-10.592 31.768-16.328-16.32 21.824-16.368zm46-90.728v-27.552c4.76 2.776 8 7.88 8 13.776s-3.24 11-8 13.776zm-160 0c-4.76-2.776-8-7.88-8-13.776s3.24-11 8-13.776v27.552zm0-53.776v9.136a31.73 31.73 0 0 0-8 3.312V98.504C160.296 53.016 197.304 16 242.8 16c22.032 0 42.76 8.584 58.344 24.168l7.056 7.064 2.152.528a34.19 34.19 0 0 1 25.944 33.224v51.464a31.44 31.44 0 0 0-8-3.312V120h-25.368c-21.68 0-42.4-10.352-55.4-27.688l-6.36-8.496-15.896 15.904C212.184 112.8 194.792 120 176.296 120h-8zm16 56v-40.368c19.752-1.832 38.08-10.4 52.288-24.6l3.112-3.112c16.04 17.704 39.144 28.08 63.232 28.08h9.368v40c0 35.288-28.712 64-64 64s-64-28.712-64-64zm-25.632 98.608 34.64-6.296 17.504 52.52-77.416-30.104c6.024-8.392 15.072-14.264 25.272-16.12zM88.296 384v-32c0-4.416 3.592-8 8-8 13.232 0 24 10.768 24 24s-10.768 24-24 24c-4.408 0-8-3.584-8-8zm152 92.304-128-49.768v-21.928c14.104-6.192 24-20.248 24-36.608 0-16.36-9.896-30.416-24-36.608v-31.696l128 49.776v126.832zm-23.752-153.232 31.752-31.76 31.752 31.752-31.752 12.352-31.752-12.344zm167.752 103.456-128 49.768V349.472l128-49.776v31.696c-14.104 6.192-24 20.248-24 36.608 0 16.36 9.896 30.416 24 36.608v21.92zm24-42.528c0 4.416-3.592 8-8 8-13.232 0-24-10.768-24-24s10.768-24 24-24c4.408 0 8 3.584 8 8v32z\"><\/path><\/svg>\t\t\t<\/div>\n\t\t<\/div>\n\t\t\t\t\t\t<\/div>\n\t\t\t\t<\/div>\n\t\t\t\t\t<\/div>\n\t\t<\/div>\n\t\t\t\t\t<\/div>\n\t\t<\/section>\n\t\t\t\t<section class=\"elementor-section elementor-top-section elementor-element elementor-element-ec93be3 elementor-section-boxed elementor-section-height-default elementor-section-height-default\" data-id=\"ec93be3\" data-element_type=\"section\" data-e-type=\"section\">\n\t\t\t\t\t\t<div class=\"elementor-container elementor-column-gap-default\">\n\t\t\t\t\t<div class=\"elementor-column elementor-col-100 elementor-top-column elementor-element elementor-element-3f0505b\" data-id=\"3f0505b\" data-element_type=\"column\" data-e-type=\"column\">\n\t\t\t<div class=\"elementor-widget-wrap elementor-element-populated\">\n\t\t\t\t\t\t<div class=\"elementor-element elementor-element-a223d47 elementor-widget elementor-widget-text-editor\" data-id=\"a223d47\" data-element_type=\"widget\" data-e-type=\"widget\" data-widget_type=\"text-editor.default\">\n\t\t\t\t<div class=\"elementor-widget-container\">\n\t\t\t\t\t\t\t\t\t<h2>WIE WERDEN BOSPAL-PRESSHOLZVERPACKUNGEN HERGESTELLT?<\/h2>\n\t\t\t\t\t\t\t\t<\/div>\n\t\t\t\t<\/div>\n\t\t\t\t\t<\/div>\n\t\t<\/div>\n\t\t\t\t\t<\/div>\n\t\t<\/section>\n\t\t\t\t<section class=\"elementor-section elementor-top-section elementor-element elementor-element-24499fa elementor-section-boxed elementor-section-height-default elementor-section-height-default\" data-id=\"24499fa\" data-element_type=\"section\" data-e-type=\"section\">\n\t\t\t\t\t\t<div class=\"elementor-container elementor-column-gap-default\">\n\t\t\t\t\t<div class=\"elementor-column elementor-col-33 elementor-top-column elementor-element elementor-element-c61fe87\" data-id=\"c61fe87\" data-element_type=\"column\" data-e-type=\"column\">\n\t\t\t<div class=\"elementor-widget-wrap elementor-element-populated\">\n\t\t\t\t\t\t<div class=\"elementor-element elementor-element-543d028 elementor-widget elementor-widget-image\" data-id=\"543d028\" data-element_type=\"widget\" data-e-type=\"widget\" data-widget_type=\"image.default\">\n\t\t\t\t<div class=\"elementor-widget-container\">\n\t\t\t\t\t\t\t\t\t\t\t\t\t\t\t<img fetchpriority=\"high\" decoding=\"async\" width=\"768\" height=\"576\" src=\"https:\/\/bospal.com\/wp-content\/uploads\/2024\/05\/zrebka-tartaczna-768x576.jpg\" class=\"attachment-medium_large size-medium_large wp-image-18372\" alt=\"zre\u0328bka tartaczna\" srcset=\"https:\/\/bospal.com\/wp-content\/uploads\/2024\/05\/zrebka-tartaczna-768x576.jpg 768w, https:\/\/bospal.com\/wp-content\/uploads\/2024\/05\/zrebka-tartaczna-300x225.jpg 300w, https:\/\/bospal.com\/wp-content\/uploads\/2024\/05\/zrebka-tartaczna-1024x768.jpg 1024w, https:\/\/bospal.com\/wp-content\/uploads\/2024\/05\/zrebka-tartaczna-600x450.jpg 600w, https:\/\/bospal.com\/wp-content\/uploads\/2024\/05\/zrebka-tartaczna.jpg 1280w\" sizes=\"(max-width: 768px) 100vw, 768px\" \/>\t\t\t\t\t\t\t\t\t\t\t\t\t\t\t<\/div>\n\t\t\t\t<\/div>\n\t\t\t\t<div class=\"elementor-element elementor-element-89d3385 elementor-widget elementor-widget-text-editor\" data-id=\"89d3385\" data-element_type=\"widget\" data-e-type=\"widget\" data-widget_type=\"text-editor.default\">\n\t\t\t\t<div class=\"elementor-widget-container\">\n\t\t\t\t\t\t\t\t\t<h4>Was im S\u00e4gewerk nicht verwendet wird, geht an unsere Fabrik<\/h4>\n\t\t\t\t\t\t\t\t<\/div>\n\t\t\t\t<\/div>\n\t\t\t\t<div class=\"elementor-element elementor-element-83bf07c elementor-widget elementor-widget-text-editor\" data-id=\"83bf07c\" data-element_type=\"widget\" data-e-type=\"widget\" data-widget_type=\"text-editor.default\">\n\t\t\t\t<div class=\"elementor-widget-container\">\n\t\t\t\t\t\t\t\t\t<p>Bei anderen Paletten wird f\u00fcr die Produktion vollwertiges Rohmaterial aus dem Holzeinschlag ben\u00f6tigt. Unsere Produkte werden durch die Bewirtschaftung von S\u00e4gewerksabf\u00e4llen und Recycling hergestellt. <\/p><\/p>\n\t\t\t\t\t\t\t\t<\/div>\n\t\t\t\t<\/div>\n\t\t\t\t\t<\/div>\n\t\t<\/div>\n\t\t\t\t<div class=\"elementor-column elementor-col-33 elementor-top-column elementor-element elementor-element-c4509eb\" data-id=\"c4509eb\" data-element_type=\"column\" data-e-type=\"column\">\n\t\t\t<div class=\"elementor-widget-wrap elementor-element-populated\">\n\t\t\t\t\t\t<div class=\"elementor-element elementor-element-209c828 elementor-widget elementor-widget-image\" data-id=\"209c828\" data-element_type=\"widget\" data-e-type=\"widget\" data-widget_type=\"image.default\">\n\t\t\t\t<div class=\"elementor-widget-container\">\n\t\t\t\t\t\t\t\t\t\t\t\t\t\t\t<img decoding=\"async\" width=\"429\" height=\"360\" src=\"https:\/\/bospal.com\/wp-content\/uploads\/2019\/11\/presswood_pallet_produciton.jpg\" class=\"attachment-medium_large size-medium_large wp-image-14974\" alt=\"Odkryj opakowania z drewna prasowanego BosPal: trwa\u0142e,\" srcset=\"https:\/\/bospal.com\/wp-content\/uploads\/2019\/11\/presswood_pallet_produciton.jpg 429w, https:\/\/bospal.com\/wp-content\/uploads\/2019\/11\/presswood_pallet_produciton-300x252.jpg 300w\" sizes=\"(max-width: 429px) 100vw, 429px\" \/>\t\t\t\t\t\t\t\t\t\t\t\t\t\t\t<\/div>\n\t\t\t\t<\/div>\n\t\t\t\t<div class=\"elementor-element elementor-element-d31be67 elementor-widget elementor-widget-text-editor\" data-id=\"d31be67\" data-element_type=\"widget\" data-e-type=\"widget\" data-widget_type=\"text-editor.default\">\n\t\t\t\t<div class=\"elementor-widget-container\">\n\t\t\t\t\t\t\t\t\t<h4>Pressen bei hoher Temperatur und hohem Druck<\/h4>\n\t\t\t\t\t\t\t\t<\/div>\n\t\t\t\t<\/div>\n\t\t\t\t<div class=\"elementor-element elementor-element-30e3987 elementor-widget elementor-widget-text-editor\" data-id=\"30e3987\" data-element_type=\"widget\" data-e-type=\"widget\" data-widget_type=\"text-editor.default\">\n\t\t\t\t<div class=\"elementor-widget-container\">\n\t\t\t\t\t\t\t\t\t<p>Das Rohholz wird mit Harz vermischt. Die so entstandene Mischung wird in hydraulische Pressen geleitet, die unter hohem Druck arbeiten. Die Druckkraft der speziell konstruierten Pressen, die auf die Formen gerichtet ist, verschwei\u00dft in Verbindung mit den hohen Temperaturen das Gemisch zu einem leichten und festen Bauteil.  <\/p>\n\t\t\t\t\t\t\t\t<\/div>\n\t\t\t\t<\/div>\n\t\t\t\t\t<\/div>\n\t\t<\/div>\n\t\t\t\t<div class=\"elementor-column elementor-col-33 elementor-top-column elementor-element elementor-element-37c12a6\" data-id=\"37c12a6\" data-element_type=\"column\" data-e-type=\"column\">\n\t\t\t<div class=\"elementor-widget-wrap elementor-element-populated\">\n\t\t\t\t\t\t<div class=\"elementor-element elementor-element-bc5760f elementor-widget elementor-widget-image\" data-id=\"bc5760f\" data-element_type=\"widget\" data-e-type=\"widget\" data-widget_type=\"image.default\">\n\t\t\t\t<div class=\"elementor-widget-container\">\n\t\t\t\t\t\t\t\t\t\t\t\t\t\t\t<img decoding=\"async\" width=\"768\" height=\"509\" src=\"https:\/\/bospal.com\/wp-content\/uploads\/2019\/11\/DSC_0828-1-768x509.jpg\" class=\"attachment-medium_large size-medium_large wp-image-15142\" alt=\"Opakowania z drewna prasowanego\" srcset=\"https:\/\/bospal.com\/wp-content\/uploads\/2019\/11\/DSC_0828-1-768x509.jpg 768w, https:\/\/bospal.com\/wp-content\/uploads\/2019\/11\/DSC_0828-1-600x397.jpg 600w, https:\/\/bospal.com\/wp-content\/uploads\/2019\/11\/DSC_0828-1-300x199.jpg 300w, https:\/\/bospal.com\/wp-content\/uploads\/2019\/11\/DSC_0828-1-1024x678.jpg 1024w\" sizes=\"(max-width: 768px) 100vw, 768px\" \/>\t\t\t\t\t\t\t\t\t\t\t\t\t\t\t<\/div>\n\t\t\t\t<\/div>\n\t\t\t\t<div class=\"elementor-element elementor-element-0c7df73 elementor-widget elementor-widget-text-editor\" data-id=\"0c7df73\" data-element_type=\"widget\" data-e-type=\"widget\" data-widget_type=\"text-editor.default\">\n\t\t\t\t<div class=\"elementor-widget-container\">\n\t\t\t\t\t\t\t\t\t<h4>Fertiges Produkt<\/h4>\n\t\t\t\t\t\t\t\t<\/div>\n\t\t\t\t<\/div>\n\t\t\t\t<div class=\"elementor-element elementor-element-97f011e elementor-widget elementor-widget-text-editor\" data-id=\"97f011e\" data-element_type=\"widget\" data-e-type=\"widget\" data-widget_type=\"text-editor.default\">\n\t\t\t\t<div class=\"elementor-widget-container\">\n\t\t\t\t\t\t\t\t\t<p>Auf diese Weise wird unser Produkt &#8211; umweltfreundliche, langlebige Pressholzpaletten und -kisten &#8211; hergestellt. Dank dieses Herstellungsverfahrens sind unsere Produkte resistent gegen Pestizide, was bedeutet, dass sie der ISPM-15-Norm entsprechen und keiner Kontrolle oder phytosanit\u00e4ren Behandlung unterzogen werden m\u00fcssen. <\/p>\n\t\t\t\t\t\t\t\t<\/div>\n\t\t\t\t<\/div>\n\t\t\t\t\t<\/div>\n\t\t<\/div>\n\t\t\t\t\t<\/div>\n\t\t<\/section>\n\t\t\t\t<\/div>\n\t\t","protected":false},"excerpt":{"rendered":"<p>HERSTELLUNG VON VERPACKUNGEN AUS GEPRESSTEM HOLZ WIE WERDEN BOSPAL-PRESSHOLZVERPACKUNGEN HERGESTELLT? Was im S\u00e4gewerk nicht verwendet wird, geht an unsere Fabrik Bei anderen Paletten wird f\u00fcr die Produktion vollwertiges Rohmaterial aus dem Holzeinschlag ben\u00f6tigt. Unsere Produkte werden durch die Bewirtschaftung von S\u00e4gewerksabf\u00e4llen und Recycling hergestellt. Pressen bei hoher Temperatur und hohem Druck Das Rohholz wird mit [&hellip;]<\/p>\n","protected":false},"author":5,"featured_media":0,"parent":0,"menu_order":0,"comment_status":"closed","ping_status":"closed","template":"","meta":{"ocean_post_layout":"full-screen","ocean_both_sidebars_style":"","ocean_both_sidebars_content_width":0,"ocean_both_sidebars_sidebars_width":0,"ocean_sidebar":"0","ocean_second_sidebar":"0","ocean_disable_margins":"enable","ocean_add_body_class":"","ocean_shortcode_before_top_bar":"","ocean_shortcode_after_top_bar":"","ocean_shortcode_before_header":"","ocean_shortcode_after_header":"","ocean_has_shortcode":"","ocean_shortcode_after_title":"","ocean_shortcode_before_footer_widgets":"","ocean_shortcode_after_footer_widgets":"","ocean_shortcode_before_footer_bottom":"","ocean_shortcode_after_footer_bottom":"","ocean_display_top_bar":"off","ocean_display_header":"default","ocean_header_style":"","ocean_center_header_left_menu":"0","ocean_custom_header_template":"0","ocean_custom_logo":0,"ocean_custom_retina_logo":0,"ocean_custom_logo_max_width":0,"ocean_custom_logo_tablet_max_width":0,"ocean_custom_logo_mobile_max_width":0,"ocean_custom_logo_max_height":0,"ocean_custom_logo_tablet_max_height":0,"ocean_custom_logo_mobile_max_height":0,"ocean_header_custom_menu":"7","ocean_menu_typo_font_family":"0","ocean_menu_typo_font_subset":"","ocean_menu_typo_font_size":0,"ocean_menu_typo_font_size_tablet":0,"ocean_menu_typo_font_size_mobile":0,"ocean_menu_typo_font_size_unit":"px","ocean_menu_typo_font_weight":"","ocean_menu_typo_font_weight_tablet":"","ocean_menu_typo_font_weight_mobile":"","ocean_menu_typo_transform":"","ocean_menu_typo_transform_tablet":"","ocean_menu_typo_transform_mobile":"","ocean_menu_typo_line_height":0,"ocean_menu_typo_line_height_tablet":0,"ocean_menu_typo_line_height_mobile":0,"ocean_menu_typo_line_height_unit":"","ocean_menu_typo_spacing":0,"ocean_menu_typo_spacing_tablet":0,"ocean_menu_typo_spacing_mobile":0,"ocean_menu_typo_spacing_unit":"","ocean_menu_link_color":"","ocean_menu_link_color_hover":"","ocean_menu_link_color_active":"","ocean_menu_link_background":"","ocean_menu_link_hover_background":"","ocean_menu_link_active_background":"","ocean_menu_social_links_bg":"","ocean_menu_social_hover_links_bg":"","ocean_menu_social_links_color":"","ocean_menu_social_hover_links_color":"","ocean_disable_title":"on","ocean_disable_heading":"default","ocean_post_title":"","ocean_post_subheading":"","ocean_post_title_style":"","ocean_post_title_background_color":"","ocean_post_title_background":0,"ocean_post_title_bg_image_position":"","ocean_post_title_bg_image_attachment":"","ocean_post_title_bg_image_repeat":"","ocean_post_title_bg_image_size":"","ocean_post_title_height":0,"ocean_post_title_bg_overlay":0.5,"ocean_post_title_bg_overlay_color":"","ocean_disable_breadcrumbs":"default","ocean_breadcrumbs_color":"","ocean_breadcrumbs_separator_color":"","ocean_breadcrumbs_links_color":"","ocean_breadcrumbs_links_hover_color":"","ocean_display_footer_widgets":"default","ocean_display_footer_bottom":"default","ocean_custom_footer_template":"0","footnotes":""},"class_list":["post-14973","page","type-page","status-publish","hentry","entry","owp-thumbs-layout-horizontal","owp-btn-normal","owp-tabs-layout-horizontal","has-no-thumbnails","has-product-nav"],"aioseo_notices":[],"_links":{"self":[{"href":"https:\/\/bospal.com\/de\/wp-json\/wp\/v2\/pages\/14973","targetHints":{"allow":["GET"]}}],"collection":[{"href":"https:\/\/bospal.com\/de\/wp-json\/wp\/v2\/pages"}],"about":[{"href":"https:\/\/bospal.com\/de\/wp-json\/wp\/v2\/types\/page"}],"author":[{"embeddable":true,"href":"https:\/\/bospal.com\/de\/wp-json\/wp\/v2\/users\/5"}],"replies":[{"embeddable":true,"href":"https:\/\/bospal.com\/de\/wp-json\/wp\/v2\/comments?post=14973"}],"version-history":[{"count":0,"href":"https:\/\/bospal.com\/de\/wp-json\/wp\/v2\/pages\/14973\/revisions"}],"wp:attachment":[{"href":"https:\/\/bospal.com\/de\/wp-json\/wp\/v2\/media?parent=14973"}],"curies":[{"name":"wp","href":"https:\/\/api.w.org\/{rel}","templated":true}]}}