{"id":6215,"date":"2021-07-20T17:45:45","date_gmt":"2021-07-20T15:45:45","guid":{"rendered":"https:\/\/bospal.com\/?page_id=6215"},"modified":"2024-01-30T15:20:17","modified_gmt":"2024-01-30T14:20:17","slug":"exportverpackungen","status":"publish","type":"page","link":"https:\/\/bospal.com\/de\/exportverpackungen\/","title":{"rendered":"Exportverpackungen \u2013 aus Pappe, Holz, Kunststoff"},"content":{"rendered":"\n<p>F\u00fcr die Transportsicherheit sind die <strong>Exportverpackungen<\/strong> von h\u00f6chster Qualit\u00e4t erforderlich. Von gravierender Bedeutung ist ihre Konstruktion, das eingesetzte Material und eine entsprechende Anpassung an die Art der Ladung. Welche Arten der Verpackungen kann Ihre Firma ausnutzen? Was soll sich auf den Verpackungen befinden, damit die Ladung sicher angeliefert wird?<\/p>\n\n\n\n<figure class=\"wp-block-image size-large\"><img fetchpriority=\"high\" decoding=\"async\" width=\"1024\" height=\"678\" src=\"https:\/\/bospal.com\/wp-content\/uploads\/2019\/11\/DSC_0804-1024x678.jpg\" alt=\"exportverpackungen\" class=\"wp-image-4007\" srcset=\"https:\/\/bospal.com\/wp-content\/uploads\/2019\/11\/DSC_0804-1024x678.jpg 1024w, https:\/\/bospal.com\/wp-content\/uploads\/2019\/11\/DSC_0804-600x397.jpg 600w, https:\/\/bospal.com\/wp-content\/uploads\/2019\/11\/DSC_0804-300x199.jpg 300w, https:\/\/bospal.com\/wp-content\/uploads\/2019\/11\/DSC_0804-768x509.jpg 768w\" sizes=\"(max-width: 1024px) 100vw, 1024px\" \/><\/figure>\n\n\n\n<h2 class=\"wp-block-heading\">Exportverpackungen \u2013 vertrauensw\u00fcrdiger Hersteller<\/h2>\n\n\n\n<p>Auf welche Art und Weise kann man erkennen, dass ein Hersteller die besten <strong>Transportkartons<\/strong> anbietet. Durch die Transparenz der Methoden, die bei der Erstellung des Angebotes und bei der Umsetzung des Auftrags eingesetzt werden, sowie durch ein breites Spektrum der Produkte, die die Erwartungen erf\u00fcllen und dies gew\u00e4hrleisten, was unentbehrlich ist. Ungeachtet der Art der zu transportierenden Ware. <strong>Exportverpackungen vom Hersteller<\/strong> werden hinsichtlich traditioneller Transport- und Lagerungsmethoden normalisiert und an individuelle Bed\u00fcrfnisse angepasst.<\/p>\n\n\n\n<p>Um einen Effekt zu erreichen, der f\u00fcr den Kunden zufriedenstellend ist, m\u00fcssen auch alle f\u00fcr die Spedition erforderlichen Verpackungen gefunden werden. Deswegen bietet ein guter Hersteller folgende Produkte an:<\/p>\n\n\n\n<ul class=\"wp-block-list\">\n<li>Transportschachtel aus Pappe;<\/li>\n\n\n\n<li>Exportkisten;<\/li>\n\n\n\n<li>Export-Kistenpaletten;<\/li>\n\n\n\n<li>Phitosanit\u00e4re Schachteln;<\/li>\n\n\n\n<li>Versandpaletten.<\/li>\n<\/ul>\n\n\n\n<figure class=\"wp-block-image size-large\"><img decoding=\"async\" width=\"1024\" height=\"678\" src=\"https:\/\/bospal.com\/wp-content\/uploads\/2019\/11\/DSC_0802-1024x678.jpg\" alt=\"exportverpackungen bospal\" class=\"wp-image-4013\" srcset=\"https:\/\/bospal.com\/wp-content\/uploads\/2019\/11\/DSC_0802-1024x678.jpg 1024w, https:\/\/bospal.com\/wp-content\/uploads\/2019\/11\/DSC_0802-600x397.jpg 600w, https:\/\/bospal.com\/wp-content\/uploads\/2019\/11\/DSC_0802-300x199.jpg 300w, https:\/\/bospal.com\/wp-content\/uploads\/2019\/11\/DSC_0802-768x509.jpg 768w\" sizes=\"(max-width: 1024px) 100vw, 1024px\" \/><\/figure>\n\n\n\n<h2 class=\"wp-block-heading\">Welche Anforderungen m\u00fcssen Exportkisten und -Verpackungen erf\u00fcllen?<\/h2>\n\n\n\n<p>Was bedeutet, dass eine <strong>Exportverpackung<\/strong> an den Ladungstyp angepasst ist? Ein Faktor, der den Zustand der Ware direkt beeinflusst, ist das Material, aus dem die Kiste hergestellt wird, sowie das Innere der Kiste. Am h\u00e4ufigsten werden das rohe <strong>Holz<\/strong>, OSB-Platten, Span-Sperrholz aber auch das zertifizierte Holz, Kunststoffe und die Materialien eingesetzt, die f\u00fcr den phitosanit\u00e4ren Transport ohne Auswirkung auf die Lebensmittel vorbereitet werden.<\/p>\n\n\n\n<p>Ein weiterer Faktor ist die Entwicklung eines Innenbereiches, der der Materialart entsprechend angepasst ist. Manchmal haben die Kunden Interesse an <strong>Export-Kistenpaletten<\/strong>, die roh oder zus\u00e4tzlich mit einer ausgew\u00e4hlten Farbe gestrichen sind. In vielen F\u00e4llen muss aber das Innere gegen den Einfluss der Bewegung auf den Zustand der Ware zus\u00e4tzlich gesichert werden. Um dies zu machen, werden entsprechende Formen und Griffe eingesetzt. Im Inneren werden auch die Sensoren installiert, die f\u00fcr die \u00dcberwachung der Temperatur, der Neigung und der Ersch\u00fctterungen sorgen.<\/p>\n\n\n\n<h2 class=\"wp-block-heading\">Exportverpackung vom Hersteller und sicherer Transport<\/h2>\n\n\n\n<p>Sogar dann, wenn die <strong>phitosanit\u00e4re Schachteln<\/strong> und <strong>Exportkisten<\/strong> sehr solide konstruiert sind, m\u00fcssen sie ordnungsgem\u00e4\u00df transportiert werden, damit die Ware nicht durch die Fahrt beeintr\u00e4chtigt wird. Deswegen verwendet der Hersteller an sichtbaren Stellen seiner Produkte spezielle Kennzeichnungen, dank denen das transportierte Material und die Handhabung der Ladung sowie die Art der auszunutzenden Transportmittel erkannt werden k\u00f6nnen.<\/p>\n\n\n\n<p>Daf\u00fcr werden folgende Zeichen eingesetzt:<\/p>\n\n\n\n<ul class=\"wp-block-list\">\n<li>Vor Feuchte sch\u00fctzen;<\/li>\n\n\n\n<li>Einschr\u00e4nkung der Stapelung;<\/li>\n\n\n\n<li>Vorsicht, zerbrechlich!;<\/li>\n\n\n\n<li>Obere Seite, nicht umkippen;<\/li>\n\n\n\n<li>Schwerpunkt;<\/li>\n\n\n\n<li>Vor Erw\u00e4rmung sch\u00fctzen.<\/li>\n<\/ul>\n\n\n\n<figure class=\"wp-block-image size-large\"><img decoding=\"async\" width=\"1024\" height=\"678\" src=\"https:\/\/bospal.com\/wp-content\/uploads\/2019\/11\/DSC_0805-1024x678.jpg\" alt=\"bospal exportverpackungen\" class=\"wp-image-4006\" srcset=\"https:\/\/bospal.com\/wp-content\/uploads\/2019\/11\/DSC_0805-1024x678.jpg 1024w, https:\/\/bospal.com\/wp-content\/uploads\/2019\/11\/DSC_0805-600x397.jpg 600w, https:\/\/bospal.com\/wp-content\/uploads\/2019\/11\/DSC_0805-300x199.jpg 300w, https:\/\/bospal.com\/wp-content\/uploads\/2019\/11\/DSC_0805-768x509.jpg 768w\" sizes=\"(max-width: 1024px) 100vw, 1024px\" \/><\/figure>\n\n\n\n<h2 class=\"wp-block-heading\">Export-Kistenpaletten \u2013 normalisierte Transportprodukte<\/h2>\n\n\n\n<p>Die Kistenpaletten k\u00f6nnen aus Holz, Kunststoff oder aus Metall hergestellt werden und ihre Abmessungen werden grunds\u00e4tzlich standardisiert. Grundlage ist eine standardm\u00e4\u00dfige Europalette mit Abmessungen von 1200 mm x 800 mm. Die <strong>Exportverpackungen<\/strong> sorgen f\u00fcr einfachen Transport und einfache Lagerung, weil sie mit einem Griff ausger\u00fcstet sind, der an Gabelstapler angepasst ist und die Stapelung der Verpackungen erleichtert. Besonders universell und an verschiedene Materialien angepasst sind die Verpackungen aus Kunststoffen.<\/p>\n\n\n\n<h2 class=\"wp-block-heading\">Wie kann man die besten Exportverpackungen f\u00fcr die Firma w\u00e4hlen?<\/h2>\n\n\n\n<p>Der Preis ist oft ein wesentlicher, nicht aber ein Hauptfaktor. Um eine entsprechende Qualit\u00e4t des Transport und Unversehrtheit der Ladung sicherzustellen, m\u00fcssen die Verpackungen und Kisten durch spezialisierte Firmen und im Einklang mit den Normen hergestellt werden. Machen Sie sich also vor der Auswahl eines entsprechenden Gesch\u00e4ftspartners mit seinem Produktangebot genau vertraut. Dann wird die Ladung, die Sie versenden, intakt angeliefert.<\/p>\n","protected":false},"excerpt":{"rendered":"<p>F\u00fcr die Transportsicherheit sind die Exportverpackungen von h\u00f6chster Qualit\u00e4t erforderlich. Von gravierender Bedeutung ist ihre Konstruktion, das eingesetzte Material und eine entsprechende Anpassung an die Art der Ladung. Welche Arten der Verpackungen kann Ihre Firma ausnutzen? Was soll sich auf den Verpackungen befinden, damit die Ladung sicher angeliefert wird? Exportverpackungen \u2013 vertrauensw\u00fcrdiger Hersteller Auf welche [&hellip;]<\/p>\n","protected":false},"author":5,"featured_media":0,"parent":0,"menu_order":0,"comment_status":"closed","ping_status":"closed","template":"","meta":{"ocean_post_layout":"","ocean_both_sidebars_style":"","ocean_both_sidebars_content_width":0,"ocean_both_sidebars_sidebars_width":0,"ocean_sidebar":"","ocean_second_sidebar":"0","ocean_disable_margins":"enable","ocean_add_body_class":"","ocean_shortcode_before_top_bar":"","ocean_shortcode_after_top_bar":"","ocean_shortcode_before_header":"","ocean_shortcode_after_header":"","ocean_has_shortcode":"","ocean_shortcode_after_title":"","ocean_shortcode_before_footer_widgets":"","ocean_shortcode_after_footer_widgets":"","ocean_shortcode_before_footer_bottom":"","ocean_shortcode_after_footer_bottom":"","ocean_display_top_bar":"default","ocean_display_header":"default","ocean_header_style":"","ocean_center_header_left_menu":"0","ocean_custom_header_template":"0","ocean_custom_logo":0,"ocean_custom_retina_logo":0,"ocean_custom_logo_max_width":0,"ocean_custom_logo_tablet_max_width":0,"ocean_custom_logo_mobile_max_width":0,"ocean_custom_logo_max_height":0,"ocean_custom_logo_tablet_max_height":0,"ocean_custom_logo_mobile_max_height":0,"ocean_header_custom_menu":"272","ocean_menu_typo_font_family":"0","ocean_menu_typo_font_subset":"","ocean_menu_typo_font_size":0,"ocean_menu_typo_font_size_tablet":0,"ocean_menu_typo_font_size_mobile":0,"ocean_menu_typo_font_size_unit":"px","ocean_menu_typo_font_weight":"","ocean_menu_typo_font_weight_tablet":"","ocean_menu_typo_font_weight_mobile":"","ocean_menu_typo_transform":"","ocean_menu_typo_transform_tablet":"","ocean_menu_typo_transform_mobile":"","ocean_menu_typo_line_height":0,"ocean_menu_typo_line_height_tablet":0,"ocean_menu_typo_line_height_mobile":0,"ocean_menu_typo_line_height_unit":"","ocean_menu_typo_spacing":0,"ocean_menu_typo_spacing_tablet":0,"ocean_menu_typo_spacing_mobile":0,"ocean_menu_typo_spacing_unit":"","ocean_menu_link_color":"","ocean_menu_link_color_hover":"","ocean_menu_link_color_active":"","ocean_menu_link_background":"","ocean_menu_link_hover_background":"","ocean_menu_link_active_background":"","ocean_menu_social_links_bg":"","ocean_menu_social_hover_links_bg":"","ocean_menu_social_links_color":"","ocean_menu_social_hover_links_color":"","ocean_disable_title":"default","ocean_disable_heading":"default","ocean_post_title":"","ocean_post_subheading":"","ocean_post_title_style":"","ocean_post_title_background_color":"","ocean_post_title_background":0,"ocean_post_title_bg_image_position":"","ocean_post_title_bg_image_attachment":"","ocean_post_title_bg_image_repeat":"","ocean_post_title_bg_image_size":"","ocean_post_title_height":0,"ocean_post_title_bg_overlay":0.5,"ocean_post_title_bg_overlay_color":"","ocean_disable_breadcrumbs":"default","ocean_breadcrumbs_color":"","ocean_breadcrumbs_separator_color":"","ocean_breadcrumbs_links_color":"","ocean_breadcrumbs_links_hover_color":"","ocean_display_footer_widgets":"default","ocean_display_footer_bottom":"default","ocean_custom_footer_template":"0","footnotes":""},"class_list":["post-6215","page","type-page","status-publish","hentry","entry","owp-thumbs-layout-horizontal","owp-btn-normal","owp-tabs-layout-horizontal","has-no-thumbnails","has-product-nav"],"aioseo_notices":[],"_links":{"self":[{"href":"https:\/\/bospal.com\/de\/wp-json\/wp\/v2\/pages\/6215","targetHints":{"allow":["GET"]}}],"collection":[{"href":"https:\/\/bospal.com\/de\/wp-json\/wp\/v2\/pages"}],"about":[{"href":"https:\/\/bospal.com\/de\/wp-json\/wp\/v2\/types\/page"}],"author":[{"embeddable":true,"href":"https:\/\/bospal.com\/de\/wp-json\/wp\/v2\/users\/5"}],"replies":[{"embeddable":true,"href":"https:\/\/bospal.com\/de\/wp-json\/wp\/v2\/comments?post=6215"}],"version-history":[{"count":0,"href":"https:\/\/bospal.com\/de\/wp-json\/wp\/v2\/pages\/6215\/revisions"}],"wp:attachment":[{"href":"https:\/\/bospal.com\/de\/wp-json\/wp\/v2\/media?parent=6215"}],"curies":[{"name":"wp","href":"https:\/\/api.w.org\/{rel}","templated":true}]}}