{"id":6219,"date":"2021-07-20T17:56:20","date_gmt":"2021-07-20T15:56:20","guid":{"rendered":"https:\/\/bospal.com\/?page_id=6219"},"modified":"2024-01-29T14:11:23","modified_gmt":"2024-01-29T13:11:23","slug":"standard-kisten","status":"publish","type":"page","link":"https:\/\/bospal.com\/de\/standard-kisten\/","title":{"rendered":"Standard-Kisten"},"content":{"rendered":"\n<p>Innovative L\u00f6sungen beschleunigen den Verkauf und ein zufriedener Kunde kommt fr\u00fcher oder sp\u00e4ter zu Ihnen. Was beeinflusst seine Zufriedenstellung? Von Kernbedeutung ist selbstverst\u00e4ndlich das Produkt. Wenn aber seine Qualit\u00e4t optimal ist, k\u00f6nnen die Vernachl\u00e4ssigungen im Bereich der Spedition Ihre Bem\u00fchungen zunichte machen. Deswegen sollen <strong>Expositionsschachteln<\/strong> und Transportverpackungen eine vollst\u00e4ndige Sicherheit der Ware gew\u00e4hrleisten.<\/p>\n\n\n\n<h2 class=\"wp-block-heading\">Wie k\u00f6nnen die Expeditionskisten optimal ausgenutzt werden?<\/h2>\n\n\n\n<p><strong>Kistenpaletten und Exportkisten<\/strong> bed\u00fcrfen eines gro\u00dfen Raums in Lagern, sogar dann, wenn sie leer sind. Und was w\u00e4re, wenn sie modernisiert w\u00fcrden, ohne dass ihre Ladekapazit\u00e4t eingeschr\u00e4nkt und zugleich ihre Abmessungen maximal reduziert werden k\u00f6nnten? Es ist durch den Einsatz der <strong>Expeditionskisten<\/strong> und <strong>IPPC-Schachteln<\/strong> von BosPal m\u00f6glich. Warum tr\u00e4gt ihr Gebrauch so stark zur Kostenreduzierung bei?<\/p>\n\n\n\n<p>Vor allem ist jede Seite der Kisten vollst\u00e4ndig mit anderen Seiten mit Systemklammern verbunden. Solche Montageart sorgt zugleich f\u00fcr die schnelle Montage, stabile Konstruktion und einfache Demontage. Dabei wird die Zeit gespart, die f\u00fcr Verladung und Abladung der Ware n\u00f6tig ist.<\/p>\n\n\n\n<figure class=\"wp-block-image size-large\"><img fetchpriority=\"high\" decoding=\"async\" width=\"1024\" height=\"678\" src=\"https:\/\/bospal.com\/wp-content\/uploads\/2019\/11\/DSC_0873dekiel-1024x678.png\" alt=\"Standard-Kisten\" class=\"wp-image-4000\" srcset=\"https:\/\/bospal.com\/wp-content\/uploads\/2019\/11\/DSC_0873dekiel-1024x678.png 1024w, https:\/\/bospal.com\/wp-content\/uploads\/2019\/11\/DSC_0873dekiel-600x397.png 600w, https:\/\/bospal.com\/wp-content\/uploads\/2019\/11\/DSC_0873dekiel-300x199.png 300w, https:\/\/bospal.com\/wp-content\/uploads\/2019\/11\/DSC_0873dekiel-768x509.png 768w\" sizes=\"(max-width: 1024px) 100vw, 1024px\" \/><\/figure>\n\n\n\n<h2 class=\"wp-block-heading\">Wodurch zeichnen sich die Expeditionskisten BosPal aus?<\/h2>\n\n\n\n<p>Durch das Material, aus dem sie hergestellt wurden. Es handelt sich hier um <strong>recyclef\u00e4higes Pressholz.<\/strong> Das Material ist best\u00e4ndig gegen Verformungen und dauerhaft. Die Montage und die Demontage kann durch einen Mitarbeiter durchgef\u00fchrt werden. Durch den Einsatz dieses Materials ist die Entsorgung kostenlos. Die Gr\u00f6\u00dfe der <strong>Expedition-Schachteln<\/strong> ist normalisiert und erm\u00f6glicht ihre Stapelung. Dadurch nehmen die auf die Montage wartenden Elemente ein paar weniger Platz in Anspruch als die <strong>Kistenpaletten<\/strong>, die nicht geklappt werden k\u00f6nnen.<\/p>\n\n\n\n<p>F\u00fcr die Reduzierung der Speditionskosten ist die Zeit ausschlaggebend. Je mehr Mitarbeiter f\u00fcr die Behandlung der jeweiligen Ware erforderlich sind, desto kleinere Gewinne k\u00f6nnen erzielt werden. Deswegen k\u00f6nnen <strong>IPPC-Schachteln<\/strong> und <strong>Expeditionskisten<\/strong> aus <strong>Pressholz<\/strong> ohne Eile in weniger als 3 Minuten demontiert werden. Die Montage dauert noch k\u00fcrzer \u2013 ein bisschen l\u00e4nger als 2 Minuten!<\/p>\n\n\n\n<h2 class=\"wp-block-heading\">NFC-Lokalisierungsm\u00f6glichkeiten und Sicherheit der Ladung<\/h2>\n\n\n\n<p>Im Inneren der Kisten wird optional ein <strong>NFC-Chip<\/strong> installiert. Seine Aufgabe beruht darauf, das Lagersystem laufend \u00fcber die Lokalisierung zu informieren. Dadurch erfolgt die Aktualisierung, sobald die Ware angeliefert wird sowie bei der Abladung. Auf diese Art und Weise kann man den Umlauf der Produkte und Verpackungen in seiner Firma \u00fcberwachen.<\/p>\n\n\n\n<p>Die Sicherheit Ihrer Ladung wird durch den Einsatz eines intuitiven und sehr einfachen <strong>Klammersystem<\/strong> gew\u00e4hrleistet. Sie bed\u00fcrfen keines speziellen Montagezubeh\u00f6rs, was sich in der Montage- und Demontagedauer ausdr\u00fcckt. Gleichzeitig sind die <strong>Expedition-Schachteln<\/strong> mit zus\u00e4tzlichen Sicherungen ausger\u00fcstet, die bei der Lagerung n\u00fctzlich sind. Dadurch verschieben sich die einzelnen Elemente nicht und stellen keine Gefahr bei der Lagerung dar.<\/p>\n\n\n\n\n\n<h2 class=\"wp-block-heading\">Sparen Sie mehr mit BosPal!<\/h2>\n\n\n\n<p>Je h\u00f6here Kosten die T\u00e4tigkeit des Unternehmens erzeugt, desto kleinere Gewinne k\u00f6nnen erzielt werden. Dieses Verh\u00e4ltnis ist klar und es gibt mehrere Methoden f\u00fcr die Optimierung der Spedition. Wenn Sie also innovative \u00c4nderungen brauchen, dank denen Sie die Zeit beim Transport, bei der Lagerung und bei der Wartung der <strong>Expeditionskisten<\/strong> sparen k\u00f6nnen, nutzen Sie das Angebot von BosPal aus!<\/p>\n","protected":false},"excerpt":{"rendered":"<p>Innovative L\u00f6sungen beschleunigen den Verkauf und ein zufriedener Kunde kommt fr\u00fcher oder sp\u00e4ter zu Ihnen. Was beeinflusst seine Zufriedenstellung? Von Kernbedeutung ist selbstverst\u00e4ndlich das Produkt. Wenn aber seine Qualit\u00e4t optimal ist, k\u00f6nnen die Vernachl\u00e4ssigungen im Bereich der Spedition Ihre Bem\u00fchungen zunichte machen. Deswegen sollen Expositionsschachteln und Transportverpackungen eine vollst\u00e4ndige Sicherheit der Ware gew\u00e4hrleisten. Wie k\u00f6nnen [&hellip;]<\/p>\n","protected":false},"author":5,"featured_media":0,"parent":0,"menu_order":0,"comment_status":"closed","ping_status":"closed","template":"","meta":{"ocean_post_layout":"","ocean_both_sidebars_style":"","ocean_both_sidebars_content_width":0,"ocean_both_sidebars_sidebars_width":0,"ocean_sidebar":"","ocean_second_sidebar":"0","ocean_disable_margins":"enable","ocean_add_body_class":"","ocean_shortcode_before_top_bar":"","ocean_shortcode_after_top_bar":"","ocean_shortcode_before_header":"","ocean_shortcode_after_header":"","ocean_has_shortcode":"","ocean_shortcode_after_title":"","ocean_shortcode_before_footer_widgets":"","ocean_shortcode_after_footer_widgets":"","ocean_shortcode_before_footer_bottom":"","ocean_shortcode_after_footer_bottom":"","ocean_display_top_bar":"default","ocean_display_header":"default","ocean_header_style":"","ocean_center_header_left_menu":"0","ocean_custom_header_template":"0","ocean_custom_logo":0,"ocean_custom_retina_logo":0,"ocean_custom_logo_max_width":0,"ocean_custom_logo_tablet_max_width":0,"ocean_custom_logo_mobile_max_width":0,"ocean_custom_logo_max_height":0,"ocean_custom_logo_tablet_max_height":0,"ocean_custom_logo_mobile_max_height":0,"ocean_header_custom_menu":"272","ocean_menu_typo_font_family":"0","ocean_menu_typo_font_subset":"","ocean_menu_typo_font_size":0,"ocean_menu_typo_font_size_tablet":0,"ocean_menu_typo_font_size_mobile":0,"ocean_menu_typo_font_size_unit":"px","ocean_menu_typo_font_weight":"","ocean_menu_typo_font_weight_tablet":"","ocean_menu_typo_font_weight_mobile":"","ocean_menu_typo_transform":"","ocean_menu_typo_transform_tablet":"","ocean_menu_typo_transform_mobile":"","ocean_menu_typo_line_height":0,"ocean_menu_typo_line_height_tablet":0,"ocean_menu_typo_line_height_mobile":0,"ocean_menu_typo_line_height_unit":"","ocean_menu_typo_spacing":0,"ocean_menu_typo_spacing_tablet":0,"ocean_menu_typo_spacing_mobile":0,"ocean_menu_typo_spacing_unit":"","ocean_menu_link_color":"","ocean_menu_link_color_hover":"","ocean_menu_link_color_active":"","ocean_menu_link_background":"","ocean_menu_link_hover_background":"","ocean_menu_link_active_background":"","ocean_menu_social_links_bg":"","ocean_menu_social_hover_links_bg":"","ocean_menu_social_links_color":"","ocean_menu_social_hover_links_color":"","ocean_disable_title":"default","ocean_disable_heading":"default","ocean_post_title":"","ocean_post_subheading":"","ocean_post_title_style":"","ocean_post_title_background_color":"","ocean_post_title_background":0,"ocean_post_title_bg_image_position":"","ocean_post_title_bg_image_attachment":"","ocean_post_title_bg_image_repeat":"","ocean_post_title_bg_image_size":"","ocean_post_title_height":0,"ocean_post_title_bg_overlay":0.5,"ocean_post_title_bg_overlay_color":"","ocean_disable_breadcrumbs":"default","ocean_breadcrumbs_color":"","ocean_breadcrumbs_separator_color":"","ocean_breadcrumbs_links_color":"","ocean_breadcrumbs_links_hover_color":"","ocean_display_footer_widgets":"default","ocean_display_footer_bottom":"default","ocean_custom_footer_template":"0","footnotes":""},"class_list":["post-6219","page","type-page","status-publish","hentry","entry","owp-thumbs-layout-horizontal","owp-btn-normal","owp-tabs-layout-horizontal","has-no-thumbnails","has-product-nav"],"aioseo_notices":[],"_links":{"self":[{"href":"https:\/\/bospal.com\/de\/wp-json\/wp\/v2\/pages\/6219","targetHints":{"allow":["GET"]}}],"collection":[{"href":"https:\/\/bospal.com\/de\/wp-json\/wp\/v2\/pages"}],"about":[{"href":"https:\/\/bospal.com\/de\/wp-json\/wp\/v2\/types\/page"}],"author":[{"embeddable":true,"href":"https:\/\/bospal.com\/de\/wp-json\/wp\/v2\/users\/5"}],"replies":[{"embeddable":true,"href":"https:\/\/bospal.com\/de\/wp-json\/wp\/v2\/comments?post=6219"}],"version-history":[{"count":0,"href":"https:\/\/bospal.com\/de\/wp-json\/wp\/v2\/pages\/6219\/revisions"}],"wp:attachment":[{"href":"https:\/\/bospal.com\/de\/wp-json\/wp\/v2\/media?parent=6219"}],"curies":[{"name":"wp","href":"https:\/\/api.w.org\/{rel}","templated":true}]}}