{"id":6221,"date":"2021-07-20T18:02:31","date_gmt":"2021-07-20T16:02:31","guid":{"rendered":"https:\/\/bospal.com\/?page_id=6221"},"modified":"2024-01-29T14:19:40","modified_gmt":"2024-01-29T13:19:40","slug":"verpackungen-rtv","status":"publish","type":"page","link":"https:\/\/bospal.com\/de\/verpackungen-rtv\/","title":{"rendered":"Verpackungen f\u00fcr Elektronik: Effektiv und sicher"},"content":{"rendered":"<h2>Verpackungen f\u00fcr Fernseher, Radioger\u00e4te und Elektro-Haushaltsger\u00e4te<\/h2>\n\n\n<p>Fernseher, Radioger\u00e4te und Elektro-Haushaltsger\u00e4te bed\u00fcrfen eines entsprechenden Transportschutzes. Es ist von gro\u00dfer Bedeutung, weil sogar der kleinste Sto\u00df oder die kleinste Absch\u00fcrfung zu einem Mangel am Produkt f\u00fchren kann, der seinen Betrieb beeintr\u00e4chtigt oder unm\u00f6glich macht. Um also sicher zu sein, dass die Ger\u00e4te entsprechend gesichert sind, sind spezielle Verpackungen zu w\u00e4hlen, die gegen alle ungewollten Situationen sch\u00fctzen. Verpackungen aus Pressholz f\u00fcr Fernseher, Radioger\u00e4te und Elektro-Haushaltsger\u00e4te sind die beste L\u00f6sung. Warum? Hier die Erkl\u00e4rung.<\/p>\n\n\n\n<h2 class=\"wp-block-heading\">Vorteile der Verpackungen aus Pressholz<\/h2>\n\n\n\n<p>Die <strong>Verpackungen aus Pressholz f\u00fcr<\/strong> Fernseher, Radioger\u00e4te und <strong>Elektro-Haushaltsger\u00e4te<\/strong> sind trotz ihrer leichten und einheitlichen Konstruktion sehr solide und dauerhaft. Unsere Firma produziert individuell entwickelte Kisten, durch die die Ger\u00e4te beim Transport gesch\u00fctzt werden. Auf Grund einer leichten Konstruktion, durch die die Ger\u00e4te nicht zus\u00e4tzlich belastet werden, ist es eine ausgezeichnete Wahl. Dadurch sind auch die Transportkosten niedriger, weil der Kraftstoffverbrauch reduziert werden kann. Die Verpackungen f\u00fcr Fernseher, Radioger\u00e4te und Elektro-Haushaltsger\u00e4te sind auch platzsparend. Wenn die Kistenpaletten nicht gebraucht werden, k\u00f6nnen sie eine in die andere hineingeschoben werden. Des Weiteren k\u00f6nnen ihre Abmessungen entsprechend so angepasst werden, dass der ganze Raum beim Transport ausgenutzt wird.<\/p>\n\n\n\n<figure class=\"wp-block-image size-large\"><img fetchpriority=\"high\" decoding=\"async\" width=\"1000\" height=\"750\" src=\"https:\/\/bospal.com\/wp-content\/uploads\/2019\/11\/rtv.jpg\" alt=\"Standard-Kistenard-Kisten\" class=\"wp-image-723\" srcset=\"https:\/\/bospal.com\/wp-content\/uploads\/2019\/11\/rtv.jpg 1000w, https:\/\/bospal.com\/wp-content\/uploads\/2019\/11\/rtv-600x450.jpg 600w, https:\/\/bospal.com\/wp-content\/uploads\/2019\/11\/rtv-300x225.jpg 300w, https:\/\/bospal.com\/wp-content\/uploads\/2019\/11\/rtv-768x576.jpg 768w\" sizes=\"(max-width: 1000px) 100vw, 1000px\" \/><\/figure>\n\n\n\n<h2 class=\"wp-block-heading\">Wie werden die Verpackungen hergestellt?<\/h2>\n\n\n\n<p><strong>Verpackungen f\u00fcr Fernseher, Radioger\u00e4te<\/strong> und Elektro-Haushaltsger\u00e4te aus Pressholz werden aus S\u00e4gewerk-Abf\u00e4llen hergestellt. Es handelt sich hier um eine Auspresstechnologie bei hohen Temperaturen in speziell hergestellten Stahlformen. Diese umweltfreundliche L\u00f6sung sorgt f\u00fcr eine zu 100 % biologisch abbaubare Produktion. Die Verpackungen aus Pressholz sind sowohl sehr funktionell als auch im Einklang mit der nat\u00fcrlichen Umwelt hergestellt.<\/p>\n\n\n\n<h2 class=\"wp-block-heading\">Kistenpaletten aus Pressholz- Hersteller<\/h2>\n\n\n\n<p>Bei Fernsehern, Radioger\u00e4ten und Elektro-Haushaltsger\u00e4ten ist die Best\u00e4ndigkeit der Verpackungen am wichtigsten. Unsere Kistenpaletten aus Pressholz werden ma\u00dfgeschneidert hergestellt, wodurch sie sich ideal an das jeweilige Produkt anpassen. Die bei der Herstellung der Verpackungen eingesetzte Schicht von Pressholz ist sehr dicht und einheitlich. Mehr noch &#8211; die Kisten werden mit Hilfe von Klammern verbunden, wodurch andere zus\u00e4tzliche Elemente nicht n\u00f6tig sind.<\/p>\n\n\n\n<h2 class=\"wp-block-heading\">Warum lohnt es sich auf die Paletten aus Pressholz zu setzen?<\/h2>\n\n\n\n<ul class=\"wp-block-list\">\n<li>Best\u00e4ndigkeit und solide Ausf\u00fchrung.<\/li>\n\n\n\n<li>Wettbewerbsf\u00e4hige <strong>Preise<\/strong>.<\/li>\n\n\n\n<li>Platzsparend.<\/li>\n\n\n\n<li><strong>Ma\u00dfgeschneiderte<\/strong> Produkte.<\/li>\n\n\n\n<li>Umweltfreundlichkeit.<\/li>\n\n\n\n<li>Recyclef\u00e4hige Produkte.<\/li>\n\n\n\n<li>Kleines Gewicht.<\/li>\n\n\n\n<li>M\u00f6glichkeit, die Paletten mit Stretchfolie zu wickeln.<\/li>\n\n\n\n<li>Isolierende Eigenschaften.<\/li>\n\n\n\n<li>Mehrfache Verwendung.<\/li>\n<\/ul>\n\n\n\n<h2 class=\"wp-block-heading\">Recyclef\u00e4hige Produkte<\/h2>\n\n\n\n<p>Die <strong>Paletten<\/strong> aus Pressholz <strong>f\u00fcr Fernseher, Radioger\u00e4te und Elektro-Haushaltsger\u00e4te<\/strong> sind ein Recycling-Produkt aus Holzwerkstoff. Das eingesetzte Holz kommt haupts\u00e4chlich aus ausgew\u00e4hlten Holzreste aus den S\u00e4gewerken. Die Paletten, die nicht mehr benutzt werden, k\u00f6nnen zum Recycling \u00fcbergeben werden und bei der Produktion von neuen Paletten eingesetzt werden.Zusammenfassend sind die <strong>Paletten<\/strong> aus Pressholz f\u00fcr <strong>Fernseher<\/strong>, Radioger\u00e4te und Elektro-Haushaltsger\u00e4te ein ideales Angebot. Sie gew\u00e4hrleisten einen entsprechenden Schutz der Ger\u00e4te. Die M\u00f6glichkeit der Anpassung der Paletten an konkrete Produkte tr\u00e4gt dazu bei, dass beim Transport viel Platz zur Verf\u00fcgung steht. Des Weiteren ermuntert die <strong>Preisliste<\/strong> unserer Verpackungen zum Einkauf.<\/p>\n","protected":false},"excerpt":{"rendered":"<p>Verpackungen f\u00fcr Fernseher, Radioger\u00e4te und Elektro-Haushaltsger\u00e4te Fernseher, Radioger\u00e4te und Elektro-Haushaltsger\u00e4te bed\u00fcrfen eines entsprechenden Transportschutzes. Es ist von gro\u00dfer Bedeutung, weil sogar der kleinste Sto\u00df oder die kleinste Absch\u00fcrfung zu einem Mangel am Produkt f\u00fchren kann, der seinen Betrieb beeintr\u00e4chtigt oder unm\u00f6glich macht. Um also sicher zu sein, dass die Ger\u00e4te entsprechend gesichert sind, sind spezielle [&hellip;]<\/p>\n","protected":false},"author":5,"featured_media":0,"parent":0,"menu_order":0,"comment_status":"closed","ping_status":"closed","template":"","meta":{"ocean_post_layout":"","ocean_both_sidebars_style":"","ocean_both_sidebars_content_width":0,"ocean_both_sidebars_sidebars_width":0,"ocean_sidebar":"","ocean_second_sidebar":"0","ocean_disable_margins":"enable","ocean_add_body_class":"","ocean_shortcode_before_top_bar":"","ocean_shortcode_after_top_bar":"","ocean_shortcode_before_header":"","ocean_shortcode_after_header":"","ocean_has_shortcode":"","ocean_shortcode_after_title":"","ocean_shortcode_before_footer_widgets":"","ocean_shortcode_after_footer_widgets":"","ocean_shortcode_before_footer_bottom":"","ocean_shortcode_after_footer_bottom":"","ocean_display_top_bar":"default","ocean_display_header":"default","ocean_header_style":"","ocean_center_header_left_menu":"0","ocean_custom_header_template":"0","ocean_custom_logo":0,"ocean_custom_retina_logo":0,"ocean_custom_logo_max_width":0,"ocean_custom_logo_tablet_max_width":0,"ocean_custom_logo_mobile_max_width":0,"ocean_custom_logo_max_height":0,"ocean_custom_logo_tablet_max_height":0,"ocean_custom_logo_mobile_max_height":0,"ocean_header_custom_menu":"272","ocean_menu_typo_font_family":"0","ocean_menu_typo_font_subset":"","ocean_menu_typo_font_size":0,"ocean_menu_typo_font_size_tablet":0,"ocean_menu_typo_font_size_mobile":0,"ocean_menu_typo_font_size_unit":"px","ocean_menu_typo_font_weight":"","ocean_menu_typo_font_weight_tablet":"","ocean_menu_typo_font_weight_mobile":"","ocean_menu_typo_transform":"","ocean_menu_typo_transform_tablet":"","ocean_menu_typo_transform_mobile":"","ocean_menu_typo_line_height":0,"ocean_menu_typo_line_height_tablet":0,"ocean_menu_typo_line_height_mobile":0,"ocean_menu_typo_line_height_unit":"","ocean_menu_typo_spacing":0,"ocean_menu_typo_spacing_tablet":0,"ocean_menu_typo_spacing_mobile":0,"ocean_menu_typo_spacing_unit":"","ocean_menu_link_color":"","ocean_menu_link_color_hover":"","ocean_menu_link_color_active":"","ocean_menu_link_background":"","ocean_menu_link_hover_background":"","ocean_menu_link_active_background":"","ocean_menu_social_links_bg":"","ocean_menu_social_hover_links_bg":"","ocean_menu_social_links_color":"","ocean_menu_social_hover_links_color":"","ocean_disable_title":"default","ocean_disable_heading":"default","ocean_post_title":"","ocean_post_subheading":"","ocean_post_title_style":"","ocean_post_title_background_color":"","ocean_post_title_background":0,"ocean_post_title_bg_image_position":"","ocean_post_title_bg_image_attachment":"","ocean_post_title_bg_image_repeat":"","ocean_post_title_bg_image_size":"","ocean_post_title_height":0,"ocean_post_title_bg_overlay":0.5,"ocean_post_title_bg_overlay_color":"","ocean_disable_breadcrumbs":"default","ocean_breadcrumbs_color":"","ocean_breadcrumbs_separator_color":"","ocean_breadcrumbs_links_color":"","ocean_breadcrumbs_links_hover_color":"","ocean_display_footer_widgets":"default","ocean_display_footer_bottom":"default","ocean_custom_footer_template":"0","footnotes":""},"class_list":["post-6221","page","type-page","status-publish","hentry","entry","owp-thumbs-layout-horizontal","owp-btn-normal","owp-tabs-layout-horizontal","has-no-thumbnails","has-product-nav"],"aioseo_notices":[],"_links":{"self":[{"href":"https:\/\/bospal.com\/de\/wp-json\/wp\/v2\/pages\/6221","targetHints":{"allow":["GET"]}}],"collection":[{"href":"https:\/\/bospal.com\/de\/wp-json\/wp\/v2\/pages"}],"about":[{"href":"https:\/\/bospal.com\/de\/wp-json\/wp\/v2\/types\/page"}],"author":[{"embeddable":true,"href":"https:\/\/bospal.com\/de\/wp-json\/wp\/v2\/users\/5"}],"replies":[{"embeddable":true,"href":"https:\/\/bospal.com\/de\/wp-json\/wp\/v2\/comments?post=6221"}],"version-history":[{"count":0,"href":"https:\/\/bospal.com\/de\/wp-json\/wp\/v2\/pages\/6221\/revisions"}],"wp:attachment":[{"href":"https:\/\/bospal.com\/de\/wp-json\/wp\/v2\/media?parent=6221"}],"curies":[{"name":"wp","href":"https:\/\/api.w.org\/{rel}","templated":true}]}}