{"id":6223,"date":"2021-07-20T19:34:01","date_gmt":"2021-07-20T17:34:01","guid":{"rendered":"https:\/\/bospal.com\/?page_id=6223"},"modified":"2024-01-29T14:17:39","modified_gmt":"2024-01-29T13:17:39","slug":"automotive-verpackungen","status":"publish","type":"page","link":"https:\/\/bospal.com\/de\/automotive-verpackungen\/","title":{"rendered":"Verpackungen f\u00fcr Automotive"},"content":{"rendered":"\n<p>Wie wir wissen, besteht ein Auto aus Tausenden von verschiedenen Bauteilen, die sich durch verschiedene Formen, Abmessungen und Gewichte auszeichnen. Die meisten von diesen Bauteilen werden au\u00dferhalb der Fabrik hergestellt. Aus diesem Grunde ist eine entsprechende Anpassung der Verpackungen so wichtig. Die Verpackung soll es erm\u00f6glichen, die Bauteile reibungslos und problemlos zu transportieren und aufzubewahren. Unsere Firma bietet die <strong>Verpackungen<\/strong> aus Pressholz an, die speziell <strong>f\u00fcr die Automotive-Branche<\/strong> geeignet sind. Dank diesen Verpackungen k\u00f6nnen die Besch\u00e4digungen der Produkte beim Transport ausgeschlossen werden. Die Arbeit wird beschleunigt und die Kosten werden reduziert.<\/p>\n\n\n\n<h2 class=\"wp-block-heading\">Automotive Verpackungen-Wir kennen die Bed\u00fcrfnisse der Branche<\/h2>\n\n\n\n<p>Dank unserer 25-j\u00e4hrigen Erfahrung kennen wir uns ausgezeichnet in der Automotive-Branche aus. Wir verstehen auch diese Branche. Unsere Firma entwickelt sich mit ihr. Automotive-Industrie braucht spezielle L\u00f6sungen. Unsere Verpackungen erm\u00f6glichen es, die Logistikkosten zu reduzieren, die im ganzen Produktionsvorgang der Automotive-Branche eine riesige Bedeutung haben. Die Verpackungen aus Pressholz finden in Technologie- und Produktionsvorg\u00e4ngen sowie bei Transport, Versand, Aufbewahrung und Lagerung Anwendung. Unsere Produkte zeichnen sich durch eine hervorragende Best\u00e4ndigkeit und Zuverl\u00e4ssigkeit aus, wodurch sie alle Standards und Anforderungen der Branche erf\u00fcllen.<\/p>\n\n\n\n<h2 class=\"wp-block-heading\">Mehrwegverpackungen<\/h2>\n\n\n\n<p>Die von uns angebotenen Verpackungen k\u00f6nnen mehrmals eingesetzt werden. Dadurch:<\/p>\n\n\n\n<ul class=\"wp-block-list\">\n<li>k\u00f6nnen sich die festen Abf\u00e4lle nicht in so gro\u00dfen Mengen sammeln, wie es bei Einwegverpackungen der Fall ist.<\/li>\n\n\n\n<li>gew\u00e4hrleisten sie h\u00f6here Best\u00e4ndigkeit und zus\u00e4tzlich niedrigere Transportkosten.<\/li>\n\n\n\n<li>sichern sie einen h\u00f6heren Schutz f\u00fcr anspruchsvolle Bauteile.<\/li>\n\n\n\n<li>passen sie ideal zu automatischen Montageanlagen.<\/li>\n<\/ul>\n\n\n\n<figure class=\"wp-block-image size-large\"><img fetchpriority=\"high\" decoding=\"async\" width=\"430\" height=\"323\" src=\"https:\/\/bospal.com\/wp-content\/uploads\/2019\/12\/export_crate_custom_save_for_web.jpg\" alt=\"Automotive Verpackungen\" class=\"wp-image-5138\" srcset=\"https:\/\/bospal.com\/wp-content\/uploads\/2019\/12\/export_crate_custom_save_for_web.jpg 430w, https:\/\/bospal.com\/wp-content\/uploads\/2019\/12\/export_crate_custom_save_for_web-300x225.jpg 300w\" sizes=\"(max-width: 430px) 100vw, 430px\" \/><\/figure>\n\n\n\n<h2 class=\"wp-block-heading\">Umweltfreundliche Produkte<\/h2>\n\n\n\n<p>In der Automotive-Branche legt man immer h\u00f6heren Wert auf die \u00d6kologie und auf den Umweltschutz. Unsere Produkte werden aus S\u00e4gewerk-Abf\u00e4llen hergestellt werden, die unter hohem Druck bei einer hohen Temperatur gepresst werden. Die Materialien sind zu 100 % umweltfreundlich.<\/p>\n\n\n\n<h2 class=\"wp-block-heading\">Kostenlose Entsorgung<\/h2>\n\n\n\n<p>Unsere Firma bietet auch die kostenlose Entsorgung aller von uns angebotenen Produkte. Wenn man Mehrwegverpackungen verwendet, die recyclef\u00e4hig sind, kann man die Kosten reduzieren, die mit der Abfallbewirtschaftung zusammenh\u00e4ngen. Des Weiteren tr\u00e4gt das kleinere Gewicht der Verpackungen zum wesentlich kleineren Kraftstoffverbrauch beim Transport und somit zur Reduzierung der Kosten. Mehr noch \u2013 da die Verpackungen im R\u00fcckwegtransport aufgeklappt werden k\u00f6nnen, kann viel Platz gespart werden.<\/p>\n\n\n\n<figure class=\"wp-block-image size-large\"><img decoding=\"async\" width=\"710\" height=\"447\" src=\"https:\/\/bospal.com\/wp-content\/uploads\/2019\/10\/custom_presswood_pallet.png\" alt=\"Automotive Verpackungen bospal\" class=\"wp-image-179\" srcset=\"https:\/\/bospal.com\/wp-content\/uploads\/2019\/10\/custom_presswood_pallet.png 710w, https:\/\/bospal.com\/wp-content\/uploads\/2019\/10\/custom_presswood_pallet-600x378.png 600w, https:\/\/bospal.com\/wp-content\/uploads\/2019\/10\/custom_presswood_pallet-300x189.png 300w\" sizes=\"(max-width: 710px) 100vw, 710px\" \/><\/figure>\n\n\n\n<h2 class=\"wp-block-heading\">Zus\u00e4tzliche M\u00f6glichkeiten<\/h2>\n\n\n\n<p><strong>Automotive-Verpackungen<\/strong> gew\u00e4hrleisten eine vollst\u00e4ndige Sicherheit der Ladungen. Wir k\u00f6nnen einen Chip installieren, dank dem der Lagerbestand automatisch aktualisiert werden kann. Bei der Abladung schicken die Kisten eine Meldung zum System der Lagerbestandsverwaltung. Dadurch ist eine sofortige Benachrichtigung \u00fcber die ordnungsgem\u00e4\u00dfe Anlieferung der Produkte sowie eine komplette \u00dcberwachung des Umlaufs der Produkte und Verpackungen m\u00f6glich.<\/p>\n\n\n\n<h2 class=\"wp-block-heading\">Automotive-Branche \u2013 Verpackungen<\/h2>\n\n\n\n<p>Unsere patentierte L\u00f6sungen sorgen f\u00fcr vollst\u00e4ndigen Schutz der Produkte aus der Automotive-Branche. Unsere Verpackungen erleichtern den Export, schlie\u00dfen die Besch\u00e4digungen der Produkte aus und f\u00fcllen den ganzen verf\u00fcgbaren Raum w\u00e4hrend des Transports und im Lager aus. Die Verladung und Abladung k\u00f6nnen schneller realisiert werden.<\/p>\n","protected":false},"excerpt":{"rendered":"<p>Wie wir wissen, besteht ein Auto aus Tausenden von verschiedenen Bauteilen, die sich durch verschiedene Formen, Abmessungen und Gewichte auszeichnen. Die meisten von diesen Bauteilen werden au\u00dferhalb der Fabrik hergestellt. Aus diesem Grunde ist eine entsprechende Anpassung der Verpackungen so wichtig. Die Verpackung soll es erm\u00f6glichen, die Bauteile reibungslos und problemlos zu transportieren und aufzubewahren. [&hellip;]<\/p>\n","protected":false},"author":5,"featured_media":0,"parent":0,"menu_order":0,"comment_status":"closed","ping_status":"closed","template":"","meta":{"ocean_post_layout":"","ocean_both_sidebars_style":"","ocean_both_sidebars_content_width":0,"ocean_both_sidebars_sidebars_width":0,"ocean_sidebar":"","ocean_second_sidebar":"0","ocean_disable_margins":"enable","ocean_add_body_class":"","ocean_shortcode_before_top_bar":"","ocean_shortcode_after_top_bar":"","ocean_shortcode_before_header":"","ocean_shortcode_after_header":"","ocean_has_shortcode":"","ocean_shortcode_after_title":"","ocean_shortcode_before_footer_widgets":"","ocean_shortcode_after_footer_widgets":"","ocean_shortcode_before_footer_bottom":"","ocean_shortcode_after_footer_bottom":"","ocean_display_top_bar":"default","ocean_display_header":"default","ocean_header_style":"","ocean_center_header_left_menu":"0","ocean_custom_header_template":"0","ocean_custom_logo":0,"ocean_custom_retina_logo":0,"ocean_custom_logo_max_width":0,"ocean_custom_logo_tablet_max_width":0,"ocean_custom_logo_mobile_max_width":0,"ocean_custom_logo_max_height":0,"ocean_custom_logo_tablet_max_height":0,"ocean_custom_logo_mobile_max_height":0,"ocean_header_custom_menu":"272","ocean_menu_typo_font_family":"0","ocean_menu_typo_font_subset":"","ocean_menu_typo_font_size":0,"ocean_menu_typo_font_size_tablet":0,"ocean_menu_typo_font_size_mobile":0,"ocean_menu_typo_font_size_unit":"px","ocean_menu_typo_font_weight":"","ocean_menu_typo_font_weight_tablet":"","ocean_menu_typo_font_weight_mobile":"","ocean_menu_typo_transform":"","ocean_menu_typo_transform_tablet":"","ocean_menu_typo_transform_mobile":"","ocean_menu_typo_line_height":0,"ocean_menu_typo_line_height_tablet":0,"ocean_menu_typo_line_height_mobile":0,"ocean_menu_typo_line_height_unit":"","ocean_menu_typo_spacing":0,"ocean_menu_typo_spacing_tablet":0,"ocean_menu_typo_spacing_mobile":0,"ocean_menu_typo_spacing_unit":"","ocean_menu_link_color":"","ocean_menu_link_color_hover":"","ocean_menu_link_color_active":"","ocean_menu_link_background":"","ocean_menu_link_hover_background":"","ocean_menu_link_active_background":"","ocean_menu_social_links_bg":"","ocean_menu_social_hover_links_bg":"","ocean_menu_social_links_color":"","ocean_menu_social_hover_links_color":"","ocean_disable_title":"default","ocean_disable_heading":"default","ocean_post_title":"","ocean_post_subheading":"","ocean_post_title_style":"","ocean_post_title_background_color":"","ocean_post_title_background":0,"ocean_post_title_bg_image_position":"","ocean_post_title_bg_image_attachment":"","ocean_post_title_bg_image_repeat":"","ocean_post_title_bg_image_size":"","ocean_post_title_height":0,"ocean_post_title_bg_overlay":0.5,"ocean_post_title_bg_overlay_color":"","ocean_disable_breadcrumbs":"default","ocean_breadcrumbs_color":"","ocean_breadcrumbs_separator_color":"","ocean_breadcrumbs_links_color":"","ocean_breadcrumbs_links_hover_color":"","ocean_display_footer_widgets":"default","ocean_display_footer_bottom":"default","ocean_custom_footer_template":"0","footnotes":""},"class_list":["post-6223","page","type-page","status-publish","hentry","entry","owp-thumbs-layout-horizontal","owp-btn-normal","owp-tabs-layout-horizontal","has-no-thumbnails","has-product-nav"],"aioseo_notices":[],"_links":{"self":[{"href":"https:\/\/bospal.com\/de\/wp-json\/wp\/v2\/pages\/6223","targetHints":{"allow":["GET"]}}],"collection":[{"href":"https:\/\/bospal.com\/de\/wp-json\/wp\/v2\/pages"}],"about":[{"href":"https:\/\/bospal.com\/de\/wp-json\/wp\/v2\/types\/page"}],"author":[{"embeddable":true,"href":"https:\/\/bospal.com\/de\/wp-json\/wp\/v2\/users\/5"}],"replies":[{"embeddable":true,"href":"https:\/\/bospal.com\/de\/wp-json\/wp\/v2\/comments?post=6223"}],"version-history":[{"count":0,"href":"https:\/\/bospal.com\/de\/wp-json\/wp\/v2\/pages\/6223\/revisions"}],"wp:attachment":[{"href":"https:\/\/bospal.com\/de\/wp-json\/wp\/v2\/media?parent=6223"}],"curies":[{"name":"wp","href":"https:\/\/api.w.org\/{rel}","templated":true}]}}