{"id":6225,"date":"2021-07-20T19:35:51","date_gmt":"2021-07-20T17:35:51","guid":{"rendered":"https:\/\/bospal.com\/?page_id=6225"},"modified":"2024-01-29T14:14:36","modified_gmt":"2024-01-29T13:14:36","slug":"ispm-15-norm","status":"publish","type":"page","link":"https:\/\/bospal.com\/de\/ispm-15-norm\/","title":{"rendered":"Was ist die Norm ispm 15?"},"content":{"rendered":"\n<p>Im internationalen Handel kommen zahlreiche Regelungen vor, unter denen eine beachtliche Gruppe die Regeln und Anforderungen darstellen, die mit den Verpackungen zusammenh\u00e4ngen, in denen die Ware transportiert wird. Das <strong>Zertifikat ISPM 15<\/strong> wurde durch die Internationale Pflanzenschutzorganisation bearbeitet und dient der Verhinderung der Ausbreitung solcher Organismen wie Pilze, Insekten oder Krankheiten, die sich an verschiedenen Umgebungsbedingungen weltweit anpassen k\u00f6nnten, was sich dann negativ auf die einheimischen \u00d6kosysteme auswirken k\u00f6nnte. Einfacher gesagt handelt es sich bei <strong>ispm 15<\/strong> um einen modernen und detailliert beschriebenen Vorgang zur Sicherung der Holzverpackungen, wie z.B. Kisten, Paletten oder B\u00fchnen, gegen Eichen, Samenk\u00f6rner und Sporen und zur Sicherung der Sicherheit der transportierten Produkte und der nat\u00fcrlichen Umwelt jedes Landes und jeder Region der Welt.<\/p>\n\n\n\n<figure class=\"wp-block-image size-large\"><img fetchpriority=\"high\" decoding=\"async\" width=\"474\" height=\"367\" src=\"https:\/\/bospal.com\/wp-content\/uploads\/2019\/11\/finish22.jpg\" alt=\"Norm ispm 15 bospal\" class=\"wp-image-2895\" srcset=\"https:\/\/bospal.com\/wp-content\/uploads\/2019\/11\/finish22.jpg 474w, https:\/\/bospal.com\/wp-content\/uploads\/2019\/11\/finish22-300x232.jpg 300w\" sizes=\"(max-width: 474px) 100vw, 474px\" \/><\/figure>\n\n\n\n<h2 class=\"wp-block-heading\">Wie wird das Holz gem. ispm 15 gesch\u00fctzt?<\/h2>\n\n\n\n<p>Der Vorgang selbst ist sehr einfach, weil er auf der Trocknung des Holzes in speziellen Trocknern beruht. Die Dauer des Vorgangs h\u00e4ngt von der Holzst\u00e4rke ab. Damit eine einfache Holzkiste als <strong>ISPM 15 Kiste<\/strong> bezeichnet werden kann und mit einem charakteristischen Symbol dieser Norm gekennzeichnet werden kann, muss der Trocknungsvorgang bei einer bestimmten Temperatur durchgef\u00fchrt werden, die bei 56 Grad Celsius im Holzkern liegt. Die entsprechende Temperatur wird durch die Sensoren der Trocknungskammer \u00fcberwacht, was sich aus dem Sterilisierungsprotokoll und aus dem entsprechenden Ausdruck ergibt \u2013 dadurch kann der Verpackung ein fr\u00fcher erw\u00e4hntes Zeichen in Form einer \u00c4hre mit den Buschstaben IPPC zugewiesen werden. Bei der Prozedur zur Sicherung des Holzes, f\u00fcr das das <strong>Zertifikat ISPM<\/strong> <strong>15<\/strong> ausgestellt wird, ist auch die Trocknungsdauer von Bedeutung \u2013 diese h\u00e4ngt von der Holzst\u00e4rke ab und liegt ungef\u00e4hr bei einer halben Stunde.<\/p>\n\n\n\n<h2 class=\"wp-block-heading\">Wann ist das Zertifikat ISPM 15 erforderlich?<\/h2>\n\n\n\n<p>Damit ein Produkt aus einem Land au\u00dferhalb der EU in die Europ\u00e4ische Union eingef\u00fchrt werden kann, muss es in einer Kiste oder <strong>Schachteln ispm 15<\/strong> verpackt werden und auf den Paletten gelagert werden, die die gleichen Anforderungen erf\u00fcllen. Wenn sich w\u00e4hrend einer Kontrolle erweist, dass die Verpackungen die Anforderungen der Norm <strong>ispm 15<\/strong> nicht erf\u00fcllen, dann wird die Ware automatisch zum Land des Absenders zur\u00fcckgeschickt, was nat\u00fcrlich mit riesigen Finanzverlusten sowohl f\u00fcr die Transportfirma als auch vor allem f\u00fcr den Hersteller oder Verk\u00e4ufer zusammenh\u00e4ngt, durch die der Transport in Auftrag gegeben wurde. Die L\u00e4nder, die an den EU-Grenzen liegen, wie z.B. Polen, nutzen ihre Chance, die sich aus der Produktion der Paletten und Verpackungen ergibt, die die Anforderungen des <strong>Zertifikats ISPM 15<\/strong> erf\u00fcllen und erleichtern so den Nachbarl\u00e4ndern der Gemeinschaft den Transport und den Handel. Sie entwickeln auch moderne technologische Produktionsvorg\u00e4nge von Verpackungen, die mit einem Symbol der \u00c4hre gekennzeichnet werden und immer sicherer, dauerhafter und umweltfreundlicher sind.<\/p>\n\n\n\n<figure class=\"wp-block-image size-large\"><img decoding=\"async\" width=\"577\" height=\"603\" src=\"https:\/\/bospal.com\/wp-content\/uploads\/2020\/01\/ispmok-1.png\" alt=\"Norm ispm 15\" class=\"wp-image-5849\" srcset=\"https:\/\/bospal.com\/wp-content\/uploads\/2020\/01\/ispmok-1.png 577w, https:\/\/bospal.com\/wp-content\/uploads\/2020\/01\/ispmok-1-287x300.png 287w\" sizes=\"(max-width: 577px) 100vw, 577px\" \/><\/figure>\n\n\n\n<h2 class=\"wp-block-heading\">Eine kurze Zusammenfassung<\/h2>\n\n\n\n<p>Wie oben beschrieben, ist die Anforderung des <strong>Zertifikats ISPM 15<\/strong> f\u00fcr Verpackungen aus Holz wichtig sowohl hinsichtlich unserer Sicherheit als auch der Sicherheit der Umwelt, in der wir leben. Man darf nicht vergessen, welche Verw\u00fcstungen bei Kulturpflanzen oder \u00d6kosystemen durch Parasiten oder Pflanzen und Krankheiten aus einem anderen Globusteil verursacht werden k\u00f6nnen. Der in Polen bekannteste Fall ist Sosnowski-B\u00e4renklau, das zu uns aus dem weitem Kaukasus gekommen ist. Die <strong>ispm 15 Schachteln<\/strong> sowie die Paletten und Kisten von Bospal zeichnen sich durch die h\u00f6chste Produktionsqualit\u00e4t und die Sorge um die Umwelt aus. Bei der Produktion werden n\u00e4mlich Abf\u00e4lle eingesetzt, die aus Holzbearbeitung stammen.<\/p>\n","protected":false},"excerpt":{"rendered":"<p>Im internationalen Handel kommen zahlreiche Regelungen vor, unter denen eine beachtliche Gruppe die Regeln und Anforderungen darstellen, die mit den Verpackungen zusammenh\u00e4ngen, in denen die Ware transportiert wird. Das Zertifikat ISPM 15 wurde durch die Internationale Pflanzenschutzorganisation bearbeitet und dient der Verhinderung der Ausbreitung solcher Organismen wie Pilze, Insekten oder Krankheiten, die sich an verschiedenen [&hellip;]<\/p>\n","protected":false},"author":5,"featured_media":0,"parent":0,"menu_order":0,"comment_status":"closed","ping_status":"closed","template":"","meta":{"ocean_post_layout":"","ocean_both_sidebars_style":"","ocean_both_sidebars_content_width":0,"ocean_both_sidebars_sidebars_width":0,"ocean_sidebar":"","ocean_second_sidebar":"0","ocean_disable_margins":"enable","ocean_add_body_class":"","ocean_shortcode_before_top_bar":"","ocean_shortcode_after_top_bar":"","ocean_shortcode_before_header":"","ocean_shortcode_after_header":"","ocean_has_shortcode":"","ocean_shortcode_after_title":"","ocean_shortcode_before_footer_widgets":"","ocean_shortcode_after_footer_widgets":"","ocean_shortcode_before_footer_bottom":"","ocean_shortcode_after_footer_bottom":"","ocean_display_top_bar":"default","ocean_display_header":"default","ocean_header_style":"","ocean_center_header_left_menu":"0","ocean_custom_header_template":"0","ocean_custom_logo":0,"ocean_custom_retina_logo":0,"ocean_custom_logo_max_width":0,"ocean_custom_logo_tablet_max_width":0,"ocean_custom_logo_mobile_max_width":0,"ocean_custom_logo_max_height":0,"ocean_custom_logo_tablet_max_height":0,"ocean_custom_logo_mobile_max_height":0,"ocean_header_custom_menu":"272","ocean_menu_typo_font_family":"0","ocean_menu_typo_font_subset":"","ocean_menu_typo_font_size":0,"ocean_menu_typo_font_size_tablet":0,"ocean_menu_typo_font_size_mobile":0,"ocean_menu_typo_font_size_unit":"px","ocean_menu_typo_font_weight":"","ocean_menu_typo_font_weight_tablet":"","ocean_menu_typo_font_weight_mobile":"","ocean_menu_typo_transform":"","ocean_menu_typo_transform_tablet":"","ocean_menu_typo_transform_mobile":"","ocean_menu_typo_line_height":0,"ocean_menu_typo_line_height_tablet":0,"ocean_menu_typo_line_height_mobile":0,"ocean_menu_typo_line_height_unit":"","ocean_menu_typo_spacing":0,"ocean_menu_typo_spacing_tablet":0,"ocean_menu_typo_spacing_mobile":0,"ocean_menu_typo_spacing_unit":"","ocean_menu_link_color":"","ocean_menu_link_color_hover":"","ocean_menu_link_color_active":"","ocean_menu_link_background":"","ocean_menu_link_hover_background":"","ocean_menu_link_active_background":"","ocean_menu_social_links_bg":"","ocean_menu_social_hover_links_bg":"","ocean_menu_social_links_color":"","ocean_menu_social_hover_links_color":"","ocean_disable_title":"default","ocean_disable_heading":"default","ocean_post_title":"","ocean_post_subheading":"","ocean_post_title_style":"","ocean_post_title_background_color":"","ocean_post_title_background":0,"ocean_post_title_bg_image_position":"","ocean_post_title_bg_image_attachment":"","ocean_post_title_bg_image_repeat":"","ocean_post_title_bg_image_size":"","ocean_post_title_height":0,"ocean_post_title_bg_overlay":0.5,"ocean_post_title_bg_overlay_color":"","ocean_disable_breadcrumbs":"default","ocean_breadcrumbs_color":"","ocean_breadcrumbs_separator_color":"","ocean_breadcrumbs_links_color":"","ocean_breadcrumbs_links_hover_color":"","ocean_display_footer_widgets":"default","ocean_display_footer_bottom":"default","ocean_custom_footer_template":"0","footnotes":""},"class_list":["post-6225","page","type-page","status-publish","hentry","entry","owp-thumbs-layout-horizontal","owp-btn-normal","owp-tabs-layout-horizontal","has-no-thumbnails","has-product-nav"],"aioseo_notices":[],"_links":{"self":[{"href":"https:\/\/bospal.com\/de\/wp-json\/wp\/v2\/pages\/6225","targetHints":{"allow":["GET"]}}],"collection":[{"href":"https:\/\/bospal.com\/de\/wp-json\/wp\/v2\/pages"}],"about":[{"href":"https:\/\/bospal.com\/de\/wp-json\/wp\/v2\/types\/page"}],"author":[{"embeddable":true,"href":"https:\/\/bospal.com\/de\/wp-json\/wp\/v2\/users\/5"}],"replies":[{"embeddable":true,"href":"https:\/\/bospal.com\/de\/wp-json\/wp\/v2\/comments?post=6225"}],"version-history":[{"count":0,"href":"https:\/\/bospal.com\/de\/wp-json\/wp\/v2\/pages\/6225\/revisions"}],"wp:attachment":[{"href":"https:\/\/bospal.com\/de\/wp-json\/wp\/v2\/media?parent=6225"}],"curies":[{"name":"wp","href":"https:\/\/api.w.org\/{rel}","templated":true}]}}