{"id":6229,"date":"2021-07-20T19:45:43","date_gmt":"2021-07-20T17:45:43","guid":{"rendered":"https:\/\/bospal.com\/?page_id=6229"},"modified":"2024-01-29T13:39:57","modified_gmt":"2024-01-29T12:39:57","slug":"verpackungen-aus-pressholz","status":"publish","type":"page","link":"https:\/\/bospal.com\/de\/verpackungen-aus-pressholz\/","title":{"rendered":"Verpackungen aus Pressholz"},"content":{"rendered":"\n<p>Die erste Palette aus Pressholz wurde im Jahre 1971 hergestellt. Die Technologie der Herstellung von Paletten hat sich im Laufe der Zeit ge\u00e4ndert und wurde modernisiert. Zurzeit werden die Paletten sehr oft ausgew\u00e4hlt, weil sie ein sehr funktionelles, leichtes und preisg\u00fcnstiges Produkt sind. Eine gro\u00dfe Bedeutung hat f\u00fcr Kunden auch die Tatsache, dass die <strong>Verpackungen aus Pressholz<\/strong> umweltfreundlich sind und im Einklang mit nat\u00fcrlicher Umwelt hergestellt werden. Welche anderen Eigenschaften haben noch die Verpackungen aus Pressholz und auf welche Art und Weise k\u00f6nnen sie eingesetzt werden? Warum sind sie eine bessere L\u00f6sung als die Paletten aus Holz?<\/p>\n\n\n\n<h2 class=\"wp-block-heading\">Warum lohnt es sich die Paletten aus Pressholz auszuw\u00e4hlen?<\/h2>\n\n\n\n<p>Die <strong>Paletten aus Pressholz<\/strong> sind eine bessere L\u00f6sung als die traditionell hergestellten Paletten. Ihr Hauptvorteil ist die leichte Konstruktion ohne N\u00e4gel und Verbindungselemente, durch die die Ware besch\u00e4digt werden k\u00f6nnte. Au\u00dferdem sind die Paletten sehr wirtschaftlich. Da die Paletten gestapelt werden k\u00f6nnen, kann man beim R\u00fccktransport den Platz sparen. Durch die leichte Konstruktion wird das Auto nicht umsonst belastet. Es werden also keine h\u00f6heren Kosten getragen, die sich aus einem h\u00f6heren Kraftstoffverbrauch ergeben k\u00f6nnten. Au\u00dferdem sind sie robust und dauerhaft. <strong>Einwegpaletten aus Pressholz<\/strong>? Nichts dergleichen. Obwohl sie als Einwegpaletten bezeichnet werden, k\u00f6nnen sie mehrmals eingesetzt werden.<\/p>\n\n\n\n<figure class=\"wp-block-image size-large\"><img fetchpriority=\"high\" decoding=\"async\" width=\"1024\" height=\"628\" src=\"https:\/\/bospal.com\/wp-content\/uploads\/2019\/11\/600x800-proste-1024x628.jpg\" alt=\"Verpackungen aus Pressholz\" class=\"wp-image-2892\" srcset=\"https:\/\/bospal.com\/wp-content\/uploads\/2019\/11\/600x800-proste-1024x628.jpg 1024w, https:\/\/bospal.com\/wp-content\/uploads\/2019\/11\/600x800-proste-600x368.jpg 600w, https:\/\/bospal.com\/wp-content\/uploads\/2019\/11\/600x800-proste-300x184.jpg 300w, https:\/\/bospal.com\/wp-content\/uploads\/2019\/11\/600x800-proste-768x471.jpg 768w\" sizes=\"(max-width: 1024px) 100vw, 1024px\" \/><\/figure>\n\n\n\n<h2 class=\"wp-block-heading\">Auf welche Art und Weise werden Paletten aus Pressholz hergestellt?<\/h2>\n\n\n\n<p>Die Paletten werden aus den S\u00e4gewerk-Abf\u00e4llen hergestellt. Sie werden bei hohen Temperaturen in speziell ausgearbeiteten Stahlformen ausgepresst. Das Ziel von derartigen Technologien ist es, die Waldbest\u00e4nde zu sch\u00fctzen. Die Produkte sind recyclef\u00e4hig. Es ist m\u00f6glich die gebrauchten Paletten in neue Paletten umzuwandeln. Die Paletten sind vollst\u00e4ndig biologisch abbaubar.<\/p>\n\n\n\n<p>Fassen wir die Verpackungen aus Pressholz zusammen:<\/p>\n\n\n\n<ul class=\"wp-block-list\">\n<li>Sie sind sehr leicht und ihr <strong>Preis<\/strong> ist sehr niedrig.<\/li>\n\n\n\n<li>Sie zeichnen sich durch eine einheitliche Struktur aus &#8211; ohne St\u00f6\u00dfe und N\u00e4gel.<\/li>\n\n\n\n<li>Sie sind recyclef\u00e4hig und erneuerbar.<\/li>\n\n\n\n<li>Sie k\u00f6nnen mehrmals benutzt werden.<\/li>\n\n\n\n<li>Sie sind robust und solide.<\/li>\n\n\n\n<li>Sie sind wirtschaftlich.<\/li>\n\n\n\n<li>Platzsparend.<\/li>\n\n\n\n<li>Sie weisen isolierende Eigenschaften auf.<\/li>\n\n\n\n<li>Sie werden keiner Fugimation ausgesetzt.<\/li>\n\n\n\n<li>Ideal zum Wickeln mit Stretchfolie geeignet.<\/li>\n\n\n\n<li>Sie sind in verschiedenen Abmessungen erh\u00e4ltlich.<\/li>\n<\/ul>\n\n\n\n<h2 class=\"wp-block-heading\">Kistenpaletten aus Pressholz \u2013 Hersteller<\/h2>\n\n\n\n<p>Die Kistenpaletten aus Pressholz sind eine ideale Sicherung f\u00fcr verschiedene Materialtypen. Sie werden ma\u00dfgeschneidert hergestellt, so dass sie sich ideal an das zu transportierende oder aufzubewahrende Produkt anpassen k\u00f6nnen. Da die Kistenpaletten gestapelt werden k\u00f6nnen, kann man viel Platz auf dem R\u00fcckweg sparen. Die Schicht des Pressholzes, das bei der Herstellung der Verpackung eingesetzt wird, ist dicht und einheitlich. Des Weiteren sorgt das moderne System der Verbindung der Kisten mittels Klammern daf\u00fcr, das keine zus\u00e4tzlichen Elemente eingesetzt werden m\u00fcssen.<\/p>\n\n\n\n<figure class=\"wp-block-image size-large\"><img decoding=\"async\" width=\"658\" height=\"437\" src=\"https:\/\/bospal.com\/wp-content\/uploads\/2019\/11\/presswood_crate_ispm_certified.jpg\" alt=\"Verpackungen aus Pressholz bospal\" class=\"wp-image-1947\" srcset=\"https:\/\/bospal.com\/wp-content\/uploads\/2019\/11\/presswood_crate_ispm_certified.jpg 658w, https:\/\/bospal.com\/wp-content\/uploads\/2019\/11\/presswood_crate_ispm_certified-600x398.jpg 600w, https:\/\/bospal.com\/wp-content\/uploads\/2019\/11\/presswood_crate_ispm_certified-300x199.jpg 300w\" sizes=\"(max-width: 658px) 100vw, 658px\" \/><\/figure>\n\n\n\n<h2 class=\"wp-block-heading\">Es lohnt sich, umweltfreundliche Produkte zu w\u00e4hlen<\/h2>\n\n\n\n<p>Das immer gr\u00f6\u00dfere gesellschaftliche Bewusstsein hinsichtlich des Umweltschutzes ist eine sehr positive Tatsache. Der \u00f6kologische Wandel ist heutzutage in immer mehr Lebensbereichen pr\u00e4sent. Bei der Auswahl der Materialien, die f\u00fcr die Umwelt nicht sch\u00e4dlich sind, sorgen wir f\u00fcr die Zukunft unseres Planeten. Als Firma bem\u00fchen wir uns das pro\u00f6kologische Verhalten zu f\u00f6rdern. Das <strong>Angebot<\/strong> einer Zusammenarbeit mit unserer Firma ist nicht nur f\u00fcr die Kunden, sondern auch f\u00fcr unseren Planeten g\u00fcnstig.<\/p>\n\n\n\n<h2 class=\"wp-block-heading\">Zusammenfassung&#8230;<\/h2>\n\n\n\n<p><strong>Gepresste Holzpaletten<\/strong> sind eine g\u00fcnstige Wahl. Ihre Funktionalit\u00e4t, die mit einer umweltfreundlichen L\u00f6sung kombiniert wurde, ist ein echter Schuss ins Schwarze. Es ist die h\u00f6chste Zeit, schwere Holzpaletten mit scharfen Kanten gegen leichte, etwas modernisierte und <strong>ma\u00dfgeschneiderte<\/strong> Paletten auszutauschen. Es lohnt sich, neue L\u00f6sungen zu testen, umso mehr, als die <strong>Preise<\/strong> unserer Produkte sicherlich nicht \u00fcberh\u00f6ht sind.<\/p>\n","protected":false},"excerpt":{"rendered":"<p>Die erste Palette aus Pressholz wurde im Jahre 1971 hergestellt. Die Technologie der Herstellung von Paletten hat sich im Laufe der Zeit ge\u00e4ndert und wurde modernisiert. Zurzeit werden die Paletten sehr oft ausgew\u00e4hlt, weil sie ein sehr funktionelles, leichtes und preisg\u00fcnstiges Produkt sind. Eine gro\u00dfe Bedeutung hat f\u00fcr Kunden auch die Tatsache, dass die Verpackungen [&hellip;]<\/p>\n","protected":false},"author":5,"featured_media":0,"parent":0,"menu_order":0,"comment_status":"closed","ping_status":"closed","template":"","meta":{"ocean_post_layout":"","ocean_both_sidebars_style":"","ocean_both_sidebars_content_width":0,"ocean_both_sidebars_sidebars_width":0,"ocean_sidebar":"","ocean_second_sidebar":"0","ocean_disable_margins":"enable","ocean_add_body_class":"","ocean_shortcode_before_top_bar":"","ocean_shortcode_after_top_bar":"","ocean_shortcode_before_header":"","ocean_shortcode_after_header":"","ocean_has_shortcode":"","ocean_shortcode_after_title":"","ocean_shortcode_before_footer_widgets":"","ocean_shortcode_after_footer_widgets":"","ocean_shortcode_before_footer_bottom":"","ocean_shortcode_after_footer_bottom":"","ocean_display_top_bar":"default","ocean_display_header":"default","ocean_header_style":"","ocean_center_header_left_menu":"0","ocean_custom_header_template":"0","ocean_custom_logo":0,"ocean_custom_retina_logo":0,"ocean_custom_logo_max_width":0,"ocean_custom_logo_tablet_max_width":0,"ocean_custom_logo_mobile_max_width":0,"ocean_custom_logo_max_height":0,"ocean_custom_logo_tablet_max_height":0,"ocean_custom_logo_mobile_max_height":0,"ocean_header_custom_menu":"272","ocean_menu_typo_font_family":"0","ocean_menu_typo_font_subset":"","ocean_menu_typo_font_size":0,"ocean_menu_typo_font_size_tablet":0,"ocean_menu_typo_font_size_mobile":0,"ocean_menu_typo_font_size_unit":"px","ocean_menu_typo_font_weight":"","ocean_menu_typo_font_weight_tablet":"","ocean_menu_typo_font_weight_mobile":"","ocean_menu_typo_transform":"","ocean_menu_typo_transform_tablet":"","ocean_menu_typo_transform_mobile":"","ocean_menu_typo_line_height":0,"ocean_menu_typo_line_height_tablet":0,"ocean_menu_typo_line_height_mobile":0,"ocean_menu_typo_line_height_unit":"","ocean_menu_typo_spacing":0,"ocean_menu_typo_spacing_tablet":0,"ocean_menu_typo_spacing_mobile":0,"ocean_menu_typo_spacing_unit":"","ocean_menu_link_color":"","ocean_menu_link_color_hover":"","ocean_menu_link_color_active":"","ocean_menu_link_background":"","ocean_menu_link_hover_background":"","ocean_menu_link_active_background":"","ocean_menu_social_links_bg":"","ocean_menu_social_hover_links_bg":"","ocean_menu_social_links_color":"","ocean_menu_social_hover_links_color":"","ocean_disable_title":"default","ocean_disable_heading":"default","ocean_post_title":"","ocean_post_subheading":"","ocean_post_title_style":"","ocean_post_title_background_color":"","ocean_post_title_background":0,"ocean_post_title_bg_image_position":"","ocean_post_title_bg_image_attachment":"","ocean_post_title_bg_image_repeat":"","ocean_post_title_bg_image_size":"","ocean_post_title_height":0,"ocean_post_title_bg_overlay":0.5,"ocean_post_title_bg_overlay_color":"","ocean_disable_breadcrumbs":"default","ocean_breadcrumbs_color":"","ocean_breadcrumbs_separator_color":"","ocean_breadcrumbs_links_color":"","ocean_breadcrumbs_links_hover_color":"","ocean_display_footer_widgets":"default","ocean_display_footer_bottom":"default","ocean_custom_footer_template":"0","footnotes":""},"class_list":["post-6229","page","type-page","status-publish","hentry","entry","owp-thumbs-layout-horizontal","owp-btn-normal","owp-tabs-layout-horizontal","has-no-thumbnails","has-product-nav"],"aioseo_notices":[],"_links":{"self":[{"href":"https:\/\/bospal.com\/de\/wp-json\/wp\/v2\/pages\/6229","targetHints":{"allow":["GET"]}}],"collection":[{"href":"https:\/\/bospal.com\/de\/wp-json\/wp\/v2\/pages"}],"about":[{"href":"https:\/\/bospal.com\/de\/wp-json\/wp\/v2\/types\/page"}],"author":[{"embeddable":true,"href":"https:\/\/bospal.com\/de\/wp-json\/wp\/v2\/users\/5"}],"replies":[{"embeddable":true,"href":"https:\/\/bospal.com\/de\/wp-json\/wp\/v2\/comments?post=6229"}],"version-history":[{"count":0,"href":"https:\/\/bospal.com\/de\/wp-json\/wp\/v2\/pages\/6229\/revisions"}],"wp:attachment":[{"href":"https:\/\/bospal.com\/de\/wp-json\/wp\/v2\/media?parent=6229"}],"curies":[{"name":"wp","href":"https:\/\/api.w.org\/{rel}","templated":true}]}}