{"id":6258,"date":"2021-08-06T18:30:06","date_gmt":"2021-08-06T16:30:06","guid":{"rendered":"https:\/\/bospal.com\/?page_id=6258"},"modified":"2024-01-29T13:54:55","modified_gmt":"2024-01-29T12:54:55","slug":"holzpaletten-600x400","status":"publish","type":"page","link":"https:\/\/bospal.com\/de\/holzpaletten-600x400\/","title":{"rendered":"Kleine Paletten"},"content":{"rendered":"\n<p>Wir sind uns dessen bewusst, dass der Transport verschiedenster Materialien gut durchdacht sein muss. Die Sicherung der transportierten Produkte ist ein Schl\u00fcsselfaktor, um sicherzustellen, dass sie intakt geliefert werden. Deshalb ist es so wichtig, Paletten zu w\u00e4hlen, die Sicherheit gew\u00e4hrleisten.&nbsp;<\/p>\n\n\n\n<h2 class=\"wp-block-heading\">Paletten 600&#215;400 &#8211; Abmessungen<\/h2>\n\n\n\n<p>Warum lohnt es sich, kleine BosPaL-Paletten mit den Ma\u00dfen 600&#215;400 mm anzuschaffen? Denn dank ihnen lassen sich deutlich kleinere Elemente effizient transportieren. In einer Situation, in der die Palette f\u00fcr an transportierte Material nicht richtig angepasst ist, kann sie unn\u00f6tig zus\u00e4tzlichen Platz einnehmen, was zu einer sehr unpraktischen Raumausnutzung f\u00fchrt. Die<strong> Pressholzpaletten<\/strong> mit den Abmessungen <strong>600&#215;400<\/strong> von BosPal sind daher eine innovative L\u00f6sung f\u00fcr ein besseres Raummanagement.&nbsp;<\/p>\n\n\n\n<figure class=\"wp-block-image size-large\"><img fetchpriority=\"high\" decoding=\"async\" width=\"560\" height=\"321\" src=\"https:\/\/bospal.com\/wp-content\/uploads\/2019\/11\/presswood_crate_ispm_certified-1.jpg\" alt=\"\" class=\"wp-image-2524\" srcset=\"https:\/\/bospal.com\/wp-content\/uploads\/2019\/11\/presswood_crate_ispm_certified-1.jpg 560w, https:\/\/bospal.com\/wp-content\/uploads\/2019\/11\/presswood_crate_ispm_certified-1-300x172.jpg 300w\" sizes=\"(max-width: 560px) 100vw, 560px\" \/><\/figure>\n\n\n\n<h2 class=\"wp-block-heading\">Robustheit und Langlebigkeit<\/h2>\n\n\n\n<p>Der wichtigste Faktor, der diese Art von Paletten in den Vordergrund r\u00fcckt, ist ihre Verarbeitung. Es handelt sich um eine sehr solide Konstruktion, die gegen verschiedene Arten von Verformungen resistent ist. Au\u00dferdem haben Pressholzpaletten ein geringes Gewicht, so dass man sie leicht und m\u00fchelos transportieren kann. Dar\u00fcber hinaus belasten sie das Fahrzeug nicht mit zus\u00e4tzlichem Gewicht \u2013 und tragen so zur Kraftstoffeinsparung bei. Au\u00dferdem haben diese Paletten eine sehr gute Isolierung, die verhindert, dass Feuchtigkeit oder andere unerw\u00fcnschte Stoffe in das Innere des transportierten Materials gelangen. Sind sie dank ihrer abgerundeten Ecken perfekt zum Folieren geeignet.&nbsp;<\/p>\n\n\n\n<h2 class=\"wp-block-heading\">Holzpaletten 600&#215;400 &#8211; im Einklang mit der Umwelt&#8230;<\/h2>\n\n\n\n<p><strong>Die Holzpaletten 600&#215;400<\/strong> werden aus S\u00e4gewerksabf\u00e4llen hergestellt. Sie sind daher zu 100 % recycelbar. Wir sollten nicht vergessen, dass wir in dieser Zeit, in der gro\u00dfe Mengen an Umweltverschmutzung produziert werden, die die Umwelt zerst\u00f6ren, sehr vorsichtig sein sollten, welche Produkte wir verwenden. Dar\u00fcber hinaus k\u00f6nnen die von uns angebotenen Pressholzpaletten f\u00fcr \u201ePOS\u201c-Displays als Werbung f\u00fcr Unternehmen verwendet werden, die sich mit \u00d6kologie, Umweltschutz und Natur identifizieren. Es lohnt sich, sich um ein in jeder Hinsicht konsistentes Brandingkonsistent zu k\u00fcmmern. Deshalb ermutigen wir Sie, unsere Produkte zu verwenden.&nbsp;<\/p>\n\n\n\n<h2 class=\"wp-block-heading\">Hersteller von Kleinpaletten<\/h2>\n\n\n\n<p>Wir sind eines der wenigen Unternehmen, das Paletten in kleinen Gr\u00f6\u00dfen und in Pressholztechnologie herstellt. Wir verbreiten einen modernen Ansatz f\u00fcr den Materialtransport! Wir setzen auf Innovation und kontinuierliche Entwicklung!<\/p>\n","protected":false},"excerpt":{"rendered":"<p>Wir sind uns dessen bewusst, dass der Transport verschiedenster Materialien gut durchdacht sein muss. Die Sicherung der transportierten Produkte ist ein Schl\u00fcsselfaktor, um sicherzustellen, dass sie intakt geliefert werden. Deshalb ist es so wichtig, Paletten zu w\u00e4hlen, die Sicherheit gew\u00e4hrleisten.&nbsp; Paletten 600&#215;400 &#8211; Abmessungen Warum lohnt es sich, kleine BosPaL-Paletten mit den Ma\u00dfen 600&#215;400 mm [&hellip;]<\/p>\n","protected":false},"author":5,"featured_media":0,"parent":0,"menu_order":0,"comment_status":"closed","ping_status":"closed","template":"","meta":{"ocean_post_layout":"","ocean_both_sidebars_style":"","ocean_both_sidebars_content_width":0,"ocean_both_sidebars_sidebars_width":0,"ocean_sidebar":"","ocean_second_sidebar":"0","ocean_disable_margins":"enable","ocean_add_body_class":"","ocean_shortcode_before_top_bar":"","ocean_shortcode_after_top_bar":"","ocean_shortcode_before_header":"","ocean_shortcode_after_header":"","ocean_has_shortcode":"","ocean_shortcode_after_title":"","ocean_shortcode_before_footer_widgets":"","ocean_shortcode_after_footer_widgets":"","ocean_shortcode_before_footer_bottom":"","ocean_shortcode_after_footer_bottom":"","ocean_display_top_bar":"default","ocean_display_header":"default","ocean_header_style":"","ocean_center_header_left_menu":"0","ocean_custom_header_template":"0","ocean_custom_logo":0,"ocean_custom_retina_logo":0,"ocean_custom_logo_max_width":0,"ocean_custom_logo_tablet_max_width":0,"ocean_custom_logo_mobile_max_width":0,"ocean_custom_logo_max_height":0,"ocean_custom_logo_tablet_max_height":0,"ocean_custom_logo_mobile_max_height":0,"ocean_header_custom_menu":"272","ocean_menu_typo_font_family":"0","ocean_menu_typo_font_subset":"","ocean_menu_typo_font_size":0,"ocean_menu_typo_font_size_tablet":0,"ocean_menu_typo_font_size_mobile":0,"ocean_menu_typo_font_size_unit":"px","ocean_menu_typo_font_weight":"","ocean_menu_typo_font_weight_tablet":"","ocean_menu_typo_font_weight_mobile":"","ocean_menu_typo_transform":"","ocean_menu_typo_transform_tablet":"","ocean_menu_typo_transform_mobile":"","ocean_menu_typo_line_height":0,"ocean_menu_typo_line_height_tablet":0,"ocean_menu_typo_line_height_mobile":0,"ocean_menu_typo_line_height_unit":"","ocean_menu_typo_spacing":0,"ocean_menu_typo_spacing_tablet":0,"ocean_menu_typo_spacing_mobile":0,"ocean_menu_typo_spacing_unit":"","ocean_menu_link_color":"","ocean_menu_link_color_hover":"","ocean_menu_link_color_active":"","ocean_menu_link_background":"","ocean_menu_link_hover_background":"","ocean_menu_link_active_background":"","ocean_menu_social_links_bg":"","ocean_menu_social_hover_links_bg":"","ocean_menu_social_links_color":"","ocean_menu_social_hover_links_color":"","ocean_disable_title":"default","ocean_disable_heading":"default","ocean_post_title":"","ocean_post_subheading":"","ocean_post_title_style":"","ocean_post_title_background_color":"","ocean_post_title_background":0,"ocean_post_title_bg_image_position":"","ocean_post_title_bg_image_attachment":"","ocean_post_title_bg_image_repeat":"","ocean_post_title_bg_image_size":"","ocean_post_title_height":0,"ocean_post_title_bg_overlay":0.5,"ocean_post_title_bg_overlay_color":"","ocean_disable_breadcrumbs":"default","ocean_breadcrumbs_color":"","ocean_breadcrumbs_separator_color":"","ocean_breadcrumbs_links_color":"","ocean_breadcrumbs_links_hover_color":"","ocean_display_footer_widgets":"default","ocean_display_footer_bottom":"default","ocean_custom_footer_template":"0","footnotes":""},"class_list":["post-6258","page","type-page","status-publish","hentry","entry","owp-thumbs-layout-horizontal","owp-btn-normal","owp-tabs-layout-horizontal","has-no-thumbnails","has-product-nav"],"aioseo_notices":[],"_links":{"self":[{"href":"https:\/\/bospal.com\/de\/wp-json\/wp\/v2\/pages\/6258","targetHints":{"allow":["GET"]}}],"collection":[{"href":"https:\/\/bospal.com\/de\/wp-json\/wp\/v2\/pages"}],"about":[{"href":"https:\/\/bospal.com\/de\/wp-json\/wp\/v2\/types\/page"}],"author":[{"embeddable":true,"href":"https:\/\/bospal.com\/de\/wp-json\/wp\/v2\/users\/5"}],"replies":[{"embeddable":true,"href":"https:\/\/bospal.com\/de\/wp-json\/wp\/v2\/comments?post=6258"}],"version-history":[{"count":0,"href":"https:\/\/bospal.com\/de\/wp-json\/wp\/v2\/pages\/6258\/revisions"}],"wp:attachment":[{"href":"https:\/\/bospal.com\/de\/wp-json\/wp\/v2\/media?parent=6258"}],"curies":[{"name":"wp","href":"https:\/\/api.w.org\/{rel}","templated":true}]}}