{"id":6260,"date":"2021-08-06T18:38:54","date_gmt":"2021-08-06T16:38:54","guid":{"rendered":"https:\/\/bospal.com\/?page_id=6260"},"modified":"2024-01-29T13:52:03","modified_gmt":"2024-01-29T12:52:03","slug":"holzpaletten-800x400","status":"publish","type":"page","link":"https:\/\/bospal.com\/de\/holzpaletten-800x400\/","title":{"rendered":"Sparen Sie wertvollen Platz beim Transport"},"content":{"rendered":"\n<p>Der wichtigste Aspekt beim Transport von Produkten ist zweifellos ihre Sicherheit. Sehr oft haben die transportierten Materialien einen hohen Wert, so dass es sich nicht lohnt, das Risiko einzugehen, sie zu besch\u00e4digen. Die von uns angebotenen gepressten Holzpaletten sind eine hervorragende L\u00f6sung, die eine Reihe von Vorteilen bietet. \u00dcberzeugen Sie sich selbst!<\/p>\n\n\n\n<h2 class=\"wp-block-heading\">Holzpaletten 800&#215;400 &#8211; Abmessungen<\/h2>\n\n\n\n<p>Was uns sicherlich auszeichnet, ist, dass wir eine innovative L\u00f6sung anbieten, n\u00e4mlich Paletten aus gepresstem Holz, die in verschiedenen Abmessungen erh\u00e4ltlich sind. Warum ist das so wichtig? Denn die Wahl der richtigen Palettengr\u00f6\u00dfe f\u00fcr die Abmessungen der Produkte spart viel Platz beim Transport. <strong>Holzpaletten 800&#215;400<\/strong> sind ideal f\u00fcr kleinere G\u00fcter, da sie diese gut sichern und gleichzeitig ausreichend Platz schaffen, der sinnvoll genutzt werden kann.&nbsp;<\/p>\n\n\n\n<figure class=\"wp-block-image size-large\"><img fetchpriority=\"high\" decoding=\"async\" width=\"560\" height=\"321\" src=\"https:\/\/bospal.com\/wp-content\/uploads\/2019\/11\/presswood_crate_ispm_certified-1.jpg\" alt=\"\" class=\"wp-image-2524\" srcset=\"https:\/\/bospal.com\/wp-content\/uploads\/2019\/11\/presswood_crate_ispm_certified-1.jpg 560w, https:\/\/bospal.com\/wp-content\/uploads\/2019\/11\/presswood_crate_ispm_certified-1-300x172.jpg 300w\" sizes=\"(max-width: 560px) 100vw, 560px\" \/><\/figure>\n\n\n\n<h2 class=\"wp-block-heading\">Eine ausgezeichnete Wahl<\/h2>\n\n\n\n<p>Gepresste Holzpaletten werden von Transportunternehmen immer h\u00e4ufiger gew\u00e4hlt. Warum? Denn ihr geringes Gewicht geht mit einer hohen Haltbarkeit und Robustheit einher. Was wollen Sie mehr? Dar\u00fcber hinaus sind sie sehr verformungsbest\u00e4ndig und haben hohe D\u00e4mmeigenschaften. Es besteht also keine Gefahr, dass Feuchtigkeit oder andere Stoffe in die Verpackung gelangen.<\/p>\n\n\n\n<h2 class=\"wp-block-heading\">Paletten 800&#215;400 aus Pressholz \u2013 <strong>Hersteller<\/strong><\/h2>\n\n\n\n<p>Wir sind ein Hersteller von gepressten Holzpaletten. Alle unsere Produkte werden aus S\u00e4gewerksabfall hergestellt, das zu 100 % recycelbar ist. Wir kombinieren Langlebigkeit und Robustheit mit dem Schutz der Umwelt. Trotzdem zeichnen sich unsere Produkte durch einen sehr g\u00fcnstigen <strong>Preis<\/strong> aus. Wir wollen unseren modernen Ansatz f\u00fcr den Materialtransport verbreiten.&nbsp;<\/p>\n","protected":false},"excerpt":{"rendered":"<p>Der wichtigste Aspekt beim Transport von Produkten ist zweifellos ihre Sicherheit. Sehr oft haben die transportierten Materialien einen hohen Wert, so dass es sich nicht lohnt, das Risiko einzugehen, sie zu besch\u00e4digen. Die von uns angebotenen gepressten Holzpaletten sind eine hervorragende L\u00f6sung, die eine Reihe von Vorteilen bietet. \u00dcberzeugen Sie sich selbst! Holzpaletten 800&#215;400 &#8211; [&hellip;]<\/p>\n","protected":false},"author":5,"featured_media":0,"parent":0,"menu_order":0,"comment_status":"closed","ping_status":"closed","template":"","meta":{"ocean_post_layout":"","ocean_both_sidebars_style":"","ocean_both_sidebars_content_width":0,"ocean_both_sidebars_sidebars_width":0,"ocean_sidebar":"","ocean_second_sidebar":"0","ocean_disable_margins":"enable","ocean_add_body_class":"","ocean_shortcode_before_top_bar":"","ocean_shortcode_after_top_bar":"","ocean_shortcode_before_header":"","ocean_shortcode_after_header":"","ocean_has_shortcode":"","ocean_shortcode_after_title":"","ocean_shortcode_before_footer_widgets":"","ocean_shortcode_after_footer_widgets":"","ocean_shortcode_before_footer_bottom":"","ocean_shortcode_after_footer_bottom":"","ocean_display_top_bar":"default","ocean_display_header":"default","ocean_header_style":"","ocean_center_header_left_menu":"0","ocean_custom_header_template":"0","ocean_custom_logo":0,"ocean_custom_retina_logo":0,"ocean_custom_logo_max_width":0,"ocean_custom_logo_tablet_max_width":0,"ocean_custom_logo_mobile_max_width":0,"ocean_custom_logo_max_height":0,"ocean_custom_logo_tablet_max_height":0,"ocean_custom_logo_mobile_max_height":0,"ocean_header_custom_menu":"272","ocean_menu_typo_font_family":"0","ocean_menu_typo_font_subset":"","ocean_menu_typo_font_size":0,"ocean_menu_typo_font_size_tablet":0,"ocean_menu_typo_font_size_mobile":0,"ocean_menu_typo_font_size_unit":"px","ocean_menu_typo_font_weight":"","ocean_menu_typo_font_weight_tablet":"","ocean_menu_typo_font_weight_mobile":"","ocean_menu_typo_transform":"","ocean_menu_typo_transform_tablet":"","ocean_menu_typo_transform_mobile":"","ocean_menu_typo_line_height":0,"ocean_menu_typo_line_height_tablet":0,"ocean_menu_typo_line_height_mobile":0,"ocean_menu_typo_line_height_unit":"","ocean_menu_typo_spacing":0,"ocean_menu_typo_spacing_tablet":0,"ocean_menu_typo_spacing_mobile":0,"ocean_menu_typo_spacing_unit":"","ocean_menu_link_color":"","ocean_menu_link_color_hover":"","ocean_menu_link_color_active":"","ocean_menu_link_background":"","ocean_menu_link_hover_background":"","ocean_menu_link_active_background":"","ocean_menu_social_links_bg":"","ocean_menu_social_hover_links_bg":"","ocean_menu_social_links_color":"","ocean_menu_social_hover_links_color":"","ocean_disable_title":"default","ocean_disable_heading":"default","ocean_post_title":"","ocean_post_subheading":"","ocean_post_title_style":"","ocean_post_title_background_color":"","ocean_post_title_background":0,"ocean_post_title_bg_image_position":"","ocean_post_title_bg_image_attachment":"","ocean_post_title_bg_image_repeat":"","ocean_post_title_bg_image_size":"","ocean_post_title_height":0,"ocean_post_title_bg_overlay":0.5,"ocean_post_title_bg_overlay_color":"","ocean_disable_breadcrumbs":"default","ocean_breadcrumbs_color":"","ocean_breadcrumbs_separator_color":"","ocean_breadcrumbs_links_color":"","ocean_breadcrumbs_links_hover_color":"","ocean_display_footer_widgets":"default","ocean_display_footer_bottom":"default","ocean_custom_footer_template":"0","footnotes":""},"class_list":["post-6260","page","type-page","status-publish","hentry","entry","owp-thumbs-layout-horizontal","owp-btn-normal","owp-tabs-layout-horizontal","has-no-thumbnails","has-product-nav"],"aioseo_notices":[],"_links":{"self":[{"href":"https:\/\/bospal.com\/de\/wp-json\/wp\/v2\/pages\/6260","targetHints":{"allow":["GET"]}}],"collection":[{"href":"https:\/\/bospal.com\/de\/wp-json\/wp\/v2\/pages"}],"about":[{"href":"https:\/\/bospal.com\/de\/wp-json\/wp\/v2\/types\/page"}],"author":[{"embeddable":true,"href":"https:\/\/bospal.com\/de\/wp-json\/wp\/v2\/users\/5"}],"replies":[{"embeddable":true,"href":"https:\/\/bospal.com\/de\/wp-json\/wp\/v2\/comments?post=6260"}],"version-history":[{"count":0,"href":"https:\/\/bospal.com\/de\/wp-json\/wp\/v2\/pages\/6260\/revisions"}],"wp:attachment":[{"href":"https:\/\/bospal.com\/de\/wp-json\/wp\/v2\/media?parent=6260"}],"curies":[{"name":"wp","href":"https:\/\/api.w.org\/{rel}","templated":true}]}}