{"id":6263,"date":"2021-08-06T18:41:18","date_gmt":"2021-08-06T16:41:18","guid":{"rendered":"https:\/\/bospal.com\/?page_id=6263"},"modified":"2024-01-29T14:38:29","modified_gmt":"2024-01-29T13:38:29","slug":"holzpaletten-800x600","status":"publish","type":"page","link":"https:\/\/bospal.com\/de\/holzpaletten-800x600\/","title":{"rendered":"Effizienter Transport: leichte Holzpaletten"},"content":{"rendered":"\n<p>Das Wichtigste beim Transport ist es, dass die Produkte unversehrt ankommen. Um diese Sicherheit zu gew\u00e4hrleisten, ist es notwendig, sich geeignete Paletten auszuschaffen. In unserem Sortiment haben wir Produkte, die in der Pressholztechnik hergestellt werden und in verschiedenen Gr\u00f6\u00dfen erh\u00e4ltlich sind.&nbsp;<\/p>\n\n\n\n<h2 class=\"wp-block-heading\">Paletten 800&#215;600 &#8211; Abmessungen<\/h2>\n\n\n\n<p>Wir sind uns bewusst, dass der Platz im Transportwesen knapp bemessen ist. Es lohnt sich daher, die Paletten an die Gr\u00f6\u00dfe der Produkte anzupassen. So k\u00f6nnen Sie wirklich viel Platz sparen. <strong>Die Paletten 800 x 600<\/strong> sind ideal f\u00fcr den Transport kleinerer Materialien. Sie eignen sich auch f\u00fcr die Gestaltung attraktiver POS-Displays.&nbsp;<\/p>\n\n\n\n<figure class=\"wp-block-image size-large\"><img fetchpriority=\"high\" decoding=\"async\" width=\"560\" height=\"321\" src=\"https:\/\/bospal.com\/wp-content\/uploads\/2019\/11\/presswood_crate_ispm_certified-1.jpg\" alt=\"\" class=\"wp-image-2524\" srcset=\"https:\/\/bospal.com\/wp-content\/uploads\/2019\/11\/presswood_crate_ispm_certified-1.jpg 560w, https:\/\/bospal.com\/wp-content\/uploads\/2019\/11\/presswood_crate_ispm_certified-1-300x172.jpg 300w\" sizes=\"(max-width: 560px) 100vw, 560px\" \/><\/figure>\n\n\n\n<h2 class=\"wp-block-heading\">Leichte, aber robuste Konstruktion<\/h2>\n\n\n\n<p>Die von uns angebotenen gepressten Holzpaletten sind eine innovative M\u00f6glichkeit, unn\u00f6tigen Ballast beim Transport loszuwerden. Wie? Wir bem\u00fchen uns, dies zu erklren. Die Paletten von BosPal haben eine sehr leichte Struktur. Dadurch belasten sie das Fahrzeug w\u00e4hrend der Fahrt nicht zus\u00e4tzlich und senken so den Kraftstoffverbrauch. Au\u00dferdem sind sie trotz ihrer geringen Gr\u00f6\u00dfe sehr haltbar und solide, und ihr solider Boden ist gut isoliert, so dass keine Feuchtigkeit oder andere Stoffe in die Verpackung gelangen k\u00f6nnen.&nbsp;<\/p>\n\n\n\n<h2 class=\"wp-block-heading\">800&#215;600 Holzpaletten &#8211; die \u00f6kologische L\u00f6sung<\/h2>\n\n\n\n<p><strong>Die Holzpaletten 800 x 600<\/strong> werden aus S\u00e4gewerksabf\u00e4llen hergestellt. Als Unternehmen legen wir gro\u00dfen Wert darauf, dass unsere Produkte im Einklang mit der Umwelt hergestellt werden. Wir setzen auf eine zuverl\u00e4ssige Palettenstruktur, deren Herstellung keine negativen Auswirkungen auf die Umwelt hat.&nbsp;<\/p>\n\n\n\n<h2 class=\"wp-block-heading\"><strong>Hersteller<\/strong> von Holzpaletten<\/h2>\n\n\n\n<p>Wir produzieren Paletten, die im Pressholzverfahren hergestellt werden. Dies ist eine innovative L\u00f6sung, die die Betriebskosten erheblich senkt. Wir haben eine Reihe zufriedener Kunden, und die <strong>Preise<\/strong> unserer Produkte sind sehr g\u00fcnstig.<\/p>\n","protected":false},"excerpt":{"rendered":"<p>Das Wichtigste beim Transport ist es, dass die Produkte unversehrt ankommen. Um diese Sicherheit zu gew\u00e4hrleisten, ist es notwendig, sich geeignete Paletten auszuschaffen. In unserem Sortiment haben wir Produkte, die in der Pressholztechnik hergestellt werden und in verschiedenen Gr\u00f6\u00dfen erh\u00e4ltlich sind.&nbsp; Paletten 800&#215;600 &#8211; Abmessungen Wir sind uns bewusst, dass der Platz im Transportwesen knapp [&hellip;]<\/p>\n","protected":false},"author":5,"featured_media":0,"parent":0,"menu_order":0,"comment_status":"closed","ping_status":"closed","template":"","meta":{"ocean_post_layout":"","ocean_both_sidebars_style":"","ocean_both_sidebars_content_width":0,"ocean_both_sidebars_sidebars_width":0,"ocean_sidebar":"","ocean_second_sidebar":"0","ocean_disable_margins":"enable","ocean_add_body_class":"","ocean_shortcode_before_top_bar":"","ocean_shortcode_after_top_bar":"","ocean_shortcode_before_header":"","ocean_shortcode_after_header":"","ocean_has_shortcode":"","ocean_shortcode_after_title":"","ocean_shortcode_before_footer_widgets":"","ocean_shortcode_after_footer_widgets":"","ocean_shortcode_before_footer_bottom":"","ocean_shortcode_after_footer_bottom":"","ocean_display_top_bar":"default","ocean_display_header":"default","ocean_header_style":"","ocean_center_header_left_menu":"0","ocean_custom_header_template":"0","ocean_custom_logo":0,"ocean_custom_retina_logo":0,"ocean_custom_logo_max_width":0,"ocean_custom_logo_tablet_max_width":0,"ocean_custom_logo_mobile_max_width":0,"ocean_custom_logo_max_height":0,"ocean_custom_logo_tablet_max_height":0,"ocean_custom_logo_mobile_max_height":0,"ocean_header_custom_menu":"272","ocean_menu_typo_font_family":"0","ocean_menu_typo_font_subset":"","ocean_menu_typo_font_size":0,"ocean_menu_typo_font_size_tablet":0,"ocean_menu_typo_font_size_mobile":0,"ocean_menu_typo_font_size_unit":"px","ocean_menu_typo_font_weight":"","ocean_menu_typo_font_weight_tablet":"","ocean_menu_typo_font_weight_mobile":"","ocean_menu_typo_transform":"","ocean_menu_typo_transform_tablet":"","ocean_menu_typo_transform_mobile":"","ocean_menu_typo_line_height":0,"ocean_menu_typo_line_height_tablet":0,"ocean_menu_typo_line_height_mobile":0,"ocean_menu_typo_line_height_unit":"","ocean_menu_typo_spacing":0,"ocean_menu_typo_spacing_tablet":0,"ocean_menu_typo_spacing_mobile":0,"ocean_menu_typo_spacing_unit":"","ocean_menu_link_color":"","ocean_menu_link_color_hover":"","ocean_menu_link_color_active":"","ocean_menu_link_background":"","ocean_menu_link_hover_background":"","ocean_menu_link_active_background":"","ocean_menu_social_links_bg":"","ocean_menu_social_hover_links_bg":"","ocean_menu_social_links_color":"","ocean_menu_social_hover_links_color":"","ocean_disable_title":"default","ocean_disable_heading":"default","ocean_post_title":"","ocean_post_subheading":"","ocean_post_title_style":"","ocean_post_title_background_color":"","ocean_post_title_background":0,"ocean_post_title_bg_image_position":"","ocean_post_title_bg_image_attachment":"","ocean_post_title_bg_image_repeat":"","ocean_post_title_bg_image_size":"","ocean_post_title_height":0,"ocean_post_title_bg_overlay":0.5,"ocean_post_title_bg_overlay_color":"","ocean_disable_breadcrumbs":"default","ocean_breadcrumbs_color":"","ocean_breadcrumbs_separator_color":"","ocean_breadcrumbs_links_color":"","ocean_breadcrumbs_links_hover_color":"","ocean_display_footer_widgets":"default","ocean_display_footer_bottom":"default","ocean_custom_footer_template":"0","footnotes":""},"class_list":["post-6263","page","type-page","status-publish","hentry","entry","owp-thumbs-layout-horizontal","owp-btn-normal","owp-tabs-layout-horizontal","has-no-thumbnails","has-product-nav"],"aioseo_notices":[],"_links":{"self":[{"href":"https:\/\/bospal.com\/de\/wp-json\/wp\/v2\/pages\/6263","targetHints":{"allow":["GET"]}}],"collection":[{"href":"https:\/\/bospal.com\/de\/wp-json\/wp\/v2\/pages"}],"about":[{"href":"https:\/\/bospal.com\/de\/wp-json\/wp\/v2\/types\/page"}],"author":[{"embeddable":true,"href":"https:\/\/bospal.com\/de\/wp-json\/wp\/v2\/users\/5"}],"replies":[{"embeddable":true,"href":"https:\/\/bospal.com\/de\/wp-json\/wp\/v2\/comments?post=6263"}],"version-history":[{"count":0,"href":"https:\/\/bospal.com\/de\/wp-json\/wp\/v2\/pages\/6263\/revisions"}],"wp:attachment":[{"href":"https:\/\/bospal.com\/de\/wp-json\/wp\/v2\/media?parent=6263"}],"curies":[{"name":"wp","href":"https:\/\/api.w.org\/{rel}","templated":true}]}}