{"id":6266,"date":"2021-08-06T18:46:40","date_gmt":"2021-08-06T16:46:40","guid":{"rendered":"https:\/\/bospal.com\/?page_id=6266"},"modified":"2024-01-29T13:44:13","modified_gmt":"2024-01-29T12:44:13","slug":"holzpaletten-1200x1000","status":"publish","type":"page","link":"https:\/\/bospal.com\/de\/holzpaletten-1200x1000\/","title":{"rendered":"Gro\u00dfe Paletten"},"content":{"rendered":"\n<p>Die Folgen eines unzureichend gesicherten G\u00fctertransports k\u00f6nnen drastisch sein. Es ist daher immer ratsam, mit \u00e4u\u00dferster Sorgfalt vorzugehen. Die Wahl der richtigen Paletten zum Schutz Ihrer Produkte ist ein Muss.&nbsp;<\/p>\n\n\n\n<h2 class=\"wp-block-heading\">Paletten &#8211; Abmessungen 1200 x 1000<\/h2>\n\n\n\n<p>Die Paletten, die wir in unserem Sortiment f\u00fchren, variieren in der Gr\u00f6\u00dfe. Es ist sehr wichtig, die richtige Gr\u00f6\u00dfe f\u00fcr Ihr Produkt zu w\u00e4hlen. Warum? Denn durch die richtige Abstimmung der Gr\u00f6\u00dfen kann viel wertvoller Platz gespart werden. <strong>Die Paletten 1200 x 1000<\/strong> sind haupts\u00e4chlich f\u00fcr den Seetransport bestimmt. Sie sind ideal f\u00fcr Containertransporte geeignet. Mit Ihnen k\u00f6nnen Sie ein Vielfaches an Platz sparen. Es ist daher ratsam, ihre Auswahl sorgf\u00e4ltig zu \u00fcberdenken.&nbsp;<\/p>\n\n\n\n<figure class=\"wp-block-image size-large\"><img fetchpriority=\"high\" decoding=\"async\" width=\"560\" height=\"321\" src=\"https:\/\/bospal.com\/wp-content\/uploads\/2019\/11\/presswood_crate_ispm_certified-1.jpg\" alt=\"\" class=\"wp-image-2524\" srcset=\"https:\/\/bospal.com\/wp-content\/uploads\/2019\/11\/presswood_crate_ispm_certified-1.jpg 560w, https:\/\/bospal.com\/wp-content\/uploads\/2019\/11\/presswood_crate_ispm_certified-1-300x172.jpg 300w\" sizes=\"(max-width: 560px) 100vw, 560px\" \/><\/figure>\n\n\n\n<h2 class=\"wp-block-heading\">Eine dauerhafte L\u00f6sung<\/h2>\n\n\n\n<p>Die Paletten, die aus gepresstem Holz hergestellt werden, zeichnen sich durch ein wesentlich geringeres Gewicht als herk\u00f6mmliche Paletten aus. Dies beeintr\u00e4chtigt jedoch in keiner Weise ihre Haltbarkeit und Solidit\u00e4t. Die Paletten sind sehr widerstandsf\u00e4hig gegen verschiedene Verformungen. Sie enthalten auch keine Elemente aus Metall, was ihre Verwendung sicher macht. Ihr geringes Gewicht stellt keine zus\u00e4tzliche Belastung dar. Zudem zeichnen sie sich durch eine hohe Isolation aus, sodass keine Feuchtigkeit oder sonstige Stoffe in das Innere der Verpackung gelangen k\u00f6nnen.&nbsp;<\/p>\n\n\n\n<h2 class=\"wp-block-heading\">Holzpaletten 1200&#215;1000 &#8211; im Einklang mit der Umwelt<\/h2>\n\n\n\n<p>Unsere Erzeugnisse werden aus Holzprodukten hergestellt. Das bedeutet, dass sie vollst\u00e4ndig recycelbar sind. Unserer Meinung nach ist es heutzutage notwendig, sich auf innovative und dauerhafte L\u00f6sungen zu konzentrieren, die auch keine negativen Auswirkungen auf die Umwelt haben.&nbsp;<\/p>\n\n\n\n<h2 class=\"wp-block-heading\"><strong>Hersteller<\/strong> von Holzpaletten<\/h2>\n\n\n\n<p>Wir sind ein Unternehmen, das auf S\u00e4ulen wie Langlebigkeit, Solidit\u00e4t und \u00d6kologie beruht. Trotzdem ist der <strong>Preis<\/strong> unserer Produkte sehr g\u00fcnstig. Wir laden Sie ein, unsere Dienste in Anspruch zu nehmen.<\/p>\n","protected":false},"excerpt":{"rendered":"<p>Die Folgen eines unzureichend gesicherten G\u00fctertransports k\u00f6nnen drastisch sein. Es ist daher immer ratsam, mit \u00e4u\u00dferster Sorgfalt vorzugehen. Die Wahl der richtigen Paletten zum Schutz Ihrer Produkte ist ein Muss.&nbsp; Paletten &#8211; Abmessungen 1200 x 1000 Die Paletten, die wir in unserem Sortiment f\u00fchren, variieren in der Gr\u00f6\u00dfe. Es ist sehr wichtig, die richtige Gr\u00f6\u00dfe [&hellip;]<\/p>\n","protected":false},"author":5,"featured_media":0,"parent":0,"menu_order":0,"comment_status":"closed","ping_status":"closed","template":"","meta":{"ocean_post_layout":"","ocean_both_sidebars_style":"","ocean_both_sidebars_content_width":0,"ocean_both_sidebars_sidebars_width":0,"ocean_sidebar":"","ocean_second_sidebar":"0","ocean_disable_margins":"enable","ocean_add_body_class":"","ocean_shortcode_before_top_bar":"","ocean_shortcode_after_top_bar":"","ocean_shortcode_before_header":"","ocean_shortcode_after_header":"","ocean_has_shortcode":"","ocean_shortcode_after_title":"","ocean_shortcode_before_footer_widgets":"","ocean_shortcode_after_footer_widgets":"","ocean_shortcode_before_footer_bottom":"","ocean_shortcode_after_footer_bottom":"","ocean_display_top_bar":"default","ocean_display_header":"default","ocean_header_style":"","ocean_center_header_left_menu":"0","ocean_custom_header_template":"0","ocean_custom_logo":0,"ocean_custom_retina_logo":0,"ocean_custom_logo_max_width":0,"ocean_custom_logo_tablet_max_width":0,"ocean_custom_logo_mobile_max_width":0,"ocean_custom_logo_max_height":0,"ocean_custom_logo_tablet_max_height":0,"ocean_custom_logo_mobile_max_height":0,"ocean_header_custom_menu":"272","ocean_menu_typo_font_family":"0","ocean_menu_typo_font_subset":"","ocean_menu_typo_font_size":0,"ocean_menu_typo_font_size_tablet":0,"ocean_menu_typo_font_size_mobile":0,"ocean_menu_typo_font_size_unit":"px","ocean_menu_typo_font_weight":"","ocean_menu_typo_font_weight_tablet":"","ocean_menu_typo_font_weight_mobile":"","ocean_menu_typo_transform":"","ocean_menu_typo_transform_tablet":"","ocean_menu_typo_transform_mobile":"","ocean_menu_typo_line_height":0,"ocean_menu_typo_line_height_tablet":0,"ocean_menu_typo_line_height_mobile":0,"ocean_menu_typo_line_height_unit":"","ocean_menu_typo_spacing":0,"ocean_menu_typo_spacing_tablet":0,"ocean_menu_typo_spacing_mobile":0,"ocean_menu_typo_spacing_unit":"","ocean_menu_link_color":"","ocean_menu_link_color_hover":"","ocean_menu_link_color_active":"","ocean_menu_link_background":"","ocean_menu_link_hover_background":"","ocean_menu_link_active_background":"","ocean_menu_social_links_bg":"","ocean_menu_social_hover_links_bg":"","ocean_menu_social_links_color":"","ocean_menu_social_hover_links_color":"","ocean_disable_title":"default","ocean_disable_heading":"default","ocean_post_title":"","ocean_post_subheading":"","ocean_post_title_style":"","ocean_post_title_background_color":"","ocean_post_title_background":0,"ocean_post_title_bg_image_position":"","ocean_post_title_bg_image_attachment":"","ocean_post_title_bg_image_repeat":"","ocean_post_title_bg_image_size":"","ocean_post_title_height":0,"ocean_post_title_bg_overlay":0.5,"ocean_post_title_bg_overlay_color":"","ocean_disable_breadcrumbs":"default","ocean_breadcrumbs_color":"","ocean_breadcrumbs_separator_color":"","ocean_breadcrumbs_links_color":"","ocean_breadcrumbs_links_hover_color":"","ocean_display_footer_widgets":"default","ocean_display_footer_bottom":"default","ocean_custom_footer_template":"0","footnotes":""},"class_list":["post-6266","page","type-page","status-publish","hentry","entry","owp-thumbs-layout-horizontal","owp-btn-normal","owp-tabs-layout-horizontal","has-no-thumbnails","has-product-nav"],"aioseo_notices":[],"_links":{"self":[{"href":"https:\/\/bospal.com\/de\/wp-json\/wp\/v2\/pages\/6266","targetHints":{"allow":["GET"]}}],"collection":[{"href":"https:\/\/bospal.com\/de\/wp-json\/wp\/v2\/pages"}],"about":[{"href":"https:\/\/bospal.com\/de\/wp-json\/wp\/v2\/types\/page"}],"author":[{"embeddable":true,"href":"https:\/\/bospal.com\/de\/wp-json\/wp\/v2\/users\/5"}],"replies":[{"embeddable":true,"href":"https:\/\/bospal.com\/de\/wp-json\/wp\/v2\/comments?post=6266"}],"version-history":[{"count":0,"href":"https:\/\/bospal.com\/de\/wp-json\/wp\/v2\/pages\/6266\/revisions"}],"wp:attachment":[{"href":"https:\/\/bospal.com\/de\/wp-json\/wp\/v2\/media?parent=6266"}],"curies":[{"name":"wp","href":"https:\/\/api.w.org\/{rel}","templated":true}]}}