{"id":6268,"date":"2021-08-06T18:51:04","date_gmt":"2021-08-06T16:51:04","guid":{"rendered":"https:\/\/bospal.com\/?page_id=6268"},"modified":"2024-01-29T13:27:47","modified_gmt":"2024-01-29T12:27:47","slug":"holzpaletten-1200x800","status":"publish","type":"page","link":"https:\/\/bospal.com\/de\/holzpaletten-1200x800\/","title":{"rendered":"Ein Klassiker in Europaletten-Abmessungen"},"content":{"rendered":"\n<p>Das Wichtigste beim Transport von Materialien ist ihre richtige Sicherung. Es lohnt sich, auf eine solide und zugleich wirtschaftliche L\u00f6sung zu setzen, n\u00e4mlich auf unsere Paletten aus Pressholz. Das sorgt f\u00fcr Zuverl\u00e4ssigkeit und spart Platz in mehrfacher Hinsicht.<\/p>\n\n\n\n<h2 class=\"wp-block-heading\">Holzpaletten &#8211; 1200&#215;800<\/h2>\n\n\n\n<p><strong>Holzpaletten 1200 x 800<\/strong> sind sowohl f\u00fcr den Export als auch f\u00fcr den lokalen Transport geeignet. Durch die M\u00f6glichkeit, sie an das zu transportierende Produkt anzupassen, l\u00e4sst sich viel wertvoller Platz einsparen.<\/p>\n\n\n\n<figure class=\"wp-block-image size-large\"><img fetchpriority=\"high\" decoding=\"async\" width=\"560\" height=\"321\" src=\"https:\/\/bospal.com\/wp-content\/uploads\/2019\/11\/presswood_crate_ispm_certified-1.jpg\" alt=\"\" class=\"wp-image-2524\" srcset=\"https:\/\/bospal.com\/wp-content\/uploads\/2019\/11\/presswood_crate_ispm_certified-1.jpg 560w, https:\/\/bospal.com\/wp-content\/uploads\/2019\/11\/presswood_crate_ispm_certified-1-300x172.jpg 300w\" sizes=\"(max-width: 560px) 100vw, 560px\" \/><\/figure>\n\n\n\n<h2 class=\"wp-block-heading\">Paletten 1200&#215;800 &#8211; feste Konstruktion<\/h2>\n\n\n\n<p><strong>Die Paletten 1200 x 800<\/strong> zeichnen sich trotz ihres geringen Gewichts durch hohe Festigkeit und Verformungsbest\u00e4ndigkeit aus. Ihr geringes Gewicht gew\u00e4hrleistet eine problemlose Handhabung, und sie belasten das Transportmittel nicht zus\u00e4tzlich, wie dies bei herk\u00f6mmlichen Holzpaletten der Fall ist. BosPal Paletten haben au\u00dferdem einen sehr hohen Isolationswert. Es ist unm\u00f6glich, dass Feuchtigkeit oder andere unerw\u00fcnschte Stoffe in das Innere des transportierten Materials gelangen.<\/p>\n\n\n\n<h2 class=\"wp-block-heading\">\u00d6kologie ist die Grundlage<\/h2>\n\n\n\n<p>Gepresste Holzpaletten werden aus S\u00e4gewerksabf\u00e4llen hergestellt. Sie sind daher zu 100 % recycelbar. Dies ist besonders in der heutigen Zeit, in der die Produktion von Schadstoffen immer weiter zunimmt, sehr wichtig. Wir bieten auch die kostenlose Entsorgung aller unserer Produkte an. Wir handeln im Einklang mit der Umwelt.<\/p>\n\n\n\n<h2 class=\"wp-block-heading\">Ma\u00dfgeschneiderte Holzpaletten \u2013 <strong>Hersteller<\/strong><\/h2>\n\n\n\n<p>Wir sind Hersteller von Pressholzpaletten, die eine innovative L\u00f6sung f\u00fcr die Sicherung von Materialien w\u00e4hrend des Transports darstellen. Trotzdem ist der <strong>Preis<\/strong> unserer Produkte sehr g\u00fcnstig. Wir verbreiten einen modernen Ansatz f\u00fcr den Materialtransport! Wir setzen auf Innovation und kontinuierliche Entwicklung!<\/p>\n","protected":false},"excerpt":{"rendered":"<p>Das Wichtigste beim Transport von Materialien ist ihre richtige Sicherung. Es lohnt sich, auf eine solide und zugleich wirtschaftliche L\u00f6sung zu setzen, n\u00e4mlich auf unsere Paletten aus Pressholz. Das sorgt f\u00fcr Zuverl\u00e4ssigkeit und spart Platz in mehrfacher Hinsicht. Holzpaletten &#8211; 1200&#215;800 Holzpaletten 1200 x 800 sind sowohl f\u00fcr den Export als auch f\u00fcr den lokalen [&hellip;]<\/p>\n","protected":false},"author":5,"featured_media":0,"parent":0,"menu_order":0,"comment_status":"closed","ping_status":"closed","template":"","meta":{"ocean_post_layout":"","ocean_both_sidebars_style":"","ocean_both_sidebars_content_width":0,"ocean_both_sidebars_sidebars_width":0,"ocean_sidebar":"","ocean_second_sidebar":"0","ocean_disable_margins":"enable","ocean_add_body_class":"","ocean_shortcode_before_top_bar":"","ocean_shortcode_after_top_bar":"","ocean_shortcode_before_header":"","ocean_shortcode_after_header":"","ocean_has_shortcode":"","ocean_shortcode_after_title":"","ocean_shortcode_before_footer_widgets":"","ocean_shortcode_after_footer_widgets":"","ocean_shortcode_before_footer_bottom":"","ocean_shortcode_after_footer_bottom":"","ocean_display_top_bar":"default","ocean_display_header":"default","ocean_header_style":"","ocean_center_header_left_menu":"0","ocean_custom_header_template":"0","ocean_custom_logo":0,"ocean_custom_retina_logo":0,"ocean_custom_logo_max_width":0,"ocean_custom_logo_tablet_max_width":0,"ocean_custom_logo_mobile_max_width":0,"ocean_custom_logo_max_height":0,"ocean_custom_logo_tablet_max_height":0,"ocean_custom_logo_mobile_max_height":0,"ocean_header_custom_menu":"272","ocean_menu_typo_font_family":"0","ocean_menu_typo_font_subset":"","ocean_menu_typo_font_size":0,"ocean_menu_typo_font_size_tablet":0,"ocean_menu_typo_font_size_mobile":0,"ocean_menu_typo_font_size_unit":"px","ocean_menu_typo_font_weight":"","ocean_menu_typo_font_weight_tablet":"","ocean_menu_typo_font_weight_mobile":"","ocean_menu_typo_transform":"","ocean_menu_typo_transform_tablet":"","ocean_menu_typo_transform_mobile":"","ocean_menu_typo_line_height":0,"ocean_menu_typo_line_height_tablet":0,"ocean_menu_typo_line_height_mobile":0,"ocean_menu_typo_line_height_unit":"","ocean_menu_typo_spacing":0,"ocean_menu_typo_spacing_tablet":0,"ocean_menu_typo_spacing_mobile":0,"ocean_menu_typo_spacing_unit":"","ocean_menu_link_color":"","ocean_menu_link_color_hover":"","ocean_menu_link_color_active":"","ocean_menu_link_background":"","ocean_menu_link_hover_background":"","ocean_menu_link_active_background":"","ocean_menu_social_links_bg":"","ocean_menu_social_hover_links_bg":"","ocean_menu_social_links_color":"","ocean_menu_social_hover_links_color":"","ocean_disable_title":"default","ocean_disable_heading":"default","ocean_post_title":"","ocean_post_subheading":"","ocean_post_title_style":"","ocean_post_title_background_color":"","ocean_post_title_background":0,"ocean_post_title_bg_image_position":"","ocean_post_title_bg_image_attachment":"","ocean_post_title_bg_image_repeat":"","ocean_post_title_bg_image_size":"","ocean_post_title_height":0,"ocean_post_title_bg_overlay":0.5,"ocean_post_title_bg_overlay_color":"","ocean_disable_breadcrumbs":"default","ocean_breadcrumbs_color":"","ocean_breadcrumbs_separator_color":"","ocean_breadcrumbs_links_color":"","ocean_breadcrumbs_links_hover_color":"","ocean_display_footer_widgets":"default","ocean_display_footer_bottom":"default","ocean_custom_footer_template":"0","footnotes":""},"class_list":["post-6268","page","type-page","status-publish","hentry","entry","owp-thumbs-layout-horizontal","owp-btn-normal","owp-tabs-layout-horizontal","has-no-thumbnails","has-product-nav"],"aioseo_notices":[],"_links":{"self":[{"href":"https:\/\/bospal.com\/de\/wp-json\/wp\/v2\/pages\/6268","targetHints":{"allow":["GET"]}}],"collection":[{"href":"https:\/\/bospal.com\/de\/wp-json\/wp\/v2\/pages"}],"about":[{"href":"https:\/\/bospal.com\/de\/wp-json\/wp\/v2\/types\/page"}],"author":[{"embeddable":true,"href":"https:\/\/bospal.com\/de\/wp-json\/wp\/v2\/users\/5"}],"replies":[{"embeddable":true,"href":"https:\/\/bospal.com\/de\/wp-json\/wp\/v2\/comments?post=6268"}],"version-history":[{"count":0,"href":"https:\/\/bospal.com\/de\/wp-json\/wp\/v2\/pages\/6268\/revisions"}],"wp:attachment":[{"href":"https:\/\/bospal.com\/de\/wp-json\/wp\/v2\/media?parent=6268"}],"curies":[{"name":"wp","href":"https:\/\/api.w.org\/{rel}","templated":true}]}}