{"id":6303,"date":"2021-08-30T14:59:36","date_gmt":"2021-08-30T12:59:36","guid":{"rendered":"https:\/\/bospal.com\/?page_id=6303"},"modified":"2024-01-29T13:26:22","modified_gmt":"2024-01-29T12:26:22","slug":"exportkisten-mit-zwei-elementen","status":"publish","type":"page","link":"https:\/\/bospal.com\/de\/exportkisten-mit-zwei-elementen\/","title":{"rendered":"Exportkisten &#038; Pressholz: Ideale Kombination!"},"content":{"rendered":"<h2>Warum sind zweiteilige Exportkisten und Pressholz die perfekte Kombination?<\/h2>\n\n\n<p>Die Exportverpackungen von BosPal werden stets nach dem neuesten Stand der Technik hergestellt, um die bestm\u00f6gliche Qualit\u00e4t unserer Produkte zu gew\u00e4hrleisten. Aus eben diesem Grund haben wir uns f\u00fcr die Herstellung von <strong>zweiteiligen Exportkisten<\/strong> aus Pressholz entschieden. Die Festigkeit dieser Holzart ist bis zu 2-3 Mal h\u00f6her als die von gew\u00f6hnlichem Holz. Gleiches gilt f\u00fcr seine H\u00e4rte. Wie Sie wissen, sind diese Merkmale bei der Herstellung von Kisten \u00e4u\u00dferst wichtig. Oft sind die darin transportierten Produkte sehr zerbrechlich und k\u00f6nnen besch\u00e4digt werden, wenn sie nicht entsprechend gesch\u00fctzt sind. Eben deshalb stellen wir Exportkisten mit einem H\u00f6chstma\u00df an Festigkeit her, um auch den Erwartungen der anspruchsvollsten Verbraucher gerecht zu werden. Wir wollen auch die Sicherheit der transportierten Waren mit einer einfachen Art des Ein- und Auspackens verbinden, daher haben wir uns f\u00fcr <strong>zweiteilige Exportkisten<\/strong> entschieden. Sie verbinden die beiden oben genannten Merkmale miteinander. Dank der zwei separaten Teile l\u00e4sst sich die Kiste einfach und dicht verschlie\u00dfen und anschlie\u00dfend schnell und sicher wieder \u00f6ffnen. Durch diese L\u00f6sung wird die Verwendung zus\u00e4tzlicher Sicherheitselemente vollst\u00e4ndig vermieden.<\/p>\n\n\n\n<h2 class=\"wp-block-heading\">Weitere Vorteile der zweiteiligen Exportkisten<\/h2>\n\n\n\n<p>Unsere Transportboxen, die sich aus zwei Elementen zusammensetzen, haben jedoch viel mehr Vorteile. Es ist uns sehr wichtig, das F\u00e4llen von B\u00e4umen weitgehendst zu reduzieren, da wir nicht zur Zerst\u00f6rung der \u00d6kosysteme der Welt beitragen wollen. Wir bem\u00fchen uns daher, unsere Produkte so umweltfreundlich wie m\u00f6glich zu gestalten. Dank der BosPal Smart Clamps TM-Klammern ist es m\u00f6glich, sie wiederzuverwenden, was der Umwelt zugute kommt. Dar\u00fcber hinaus werden unsere<strong> zweiteiligen Exportkisten<\/strong> ma\u00dfgeschneidert ausgelegt. Auf diese Weise kann der Raum in unseren Kisten voll genutzt werden, was auch durch die Klammern unterst\u00fctzt wird. Ein weiterer \u00f6kologischer Vorteil ist, dass die Boxen v\u00f6llig nat\u00fcrlich und zu 100% recycelbar sind. Auf diese Weise halten wir die Umweltbelastung in jeder Phase der Herstellung unserer Transportkisten so gering wie m\u00f6glich. Sogar bei der Entsorgung, bei der die Eddie Complex ebenfalls hilft, indem sie den Vorgang kostenlos durchf\u00fchrt &#8211; allein aus Sorge um die Umwelt.<\/p>\n\n\n\n<figure class=\"wp-block-image size-large\"><img fetchpriority=\"high\" decoding=\"async\" width=\"1024\" height=\"586\" src=\"https:\/\/bospal.com\/wp-content\/uploads\/2019\/11\/800x400efh-1024x586.jpg\" alt=\"\" class=\"wp-image-2890\" srcset=\"https:\/\/bospal.com\/wp-content\/uploads\/2019\/11\/800x400efh-1024x586.jpg 1024w, https:\/\/bospal.com\/wp-content\/uploads\/2019\/11\/800x400efh-600x344.jpg 600w, https:\/\/bospal.com\/wp-content\/uploads\/2019\/11\/800x400efh-300x172.jpg 300w, https:\/\/bospal.com\/wp-content\/uploads\/2019\/11\/800x400efh-768x440.jpg 768w, https:\/\/bospal.com\/wp-content\/uploads\/2019\/11\/800x400efh.jpg 1519w\" sizes=\"(max-width: 1024px) 100vw, 1024px\" \/><\/figure>\n\n\n\n<h2 class=\"wp-block-heading\">Innovative L\u00f6sung &#8211; NFC-Chip in der Kiste implantiert<\/h2>\n\n\n\n<p>Eine sehr wertvolle Option stellt der Einbau eines NFC-Chips in unsere <strong>zweiteiligen Exportkisten <\/strong>dar. Es erm\u00f6glicht die sofortige und automatische Aktualisierung der Lagerbest\u00e4nde. Bereits beim Entladen senden die Kisten eine Meldung an ihr eigenes Bestandsverwaltungssystem. So kann der Lagerarbeiter sofort reagieren und die gerade eingetroffenen Produkte abholen. Die Implantation des NFC-Chips erm\u00f6glicht au\u00dferdem eine vollst\u00e4ndige \u00dcberwachung des Produktumlaufs. Da BosPal-Boxen sehr praktisch sind und sich leicht auspacken lassen, wird der Zeitaufwand f\u00fcr die technischen Abl\u00e4ufe stark verringert. Das bedeutet, dass die eigentliche Arbeit im Zusammenhang mit dem zu transportierenden Produkt viel schneller erledigt werden kann. Wie Sie sehen, erleichtert ein Komplettpaket der Pressholzkisten in Verbindung mit der Chiptechnologie Ihr Gesch\u00e4ft erheblich, weshalb wir diesen Service h\u00e4ufig empfehlen. Festigkeit, Sicherheit und einfache, aber effektive L\u00f6sungen sind Merkmale, die wir st\u00e4ndig einf\u00fchren und verbessern wollen. Deshalb halten wir zweiteilige Kisten und Pressholz f\u00fcr die perfekte L\u00f6sung. Vor allem, wenn sie mit einem NFC-Chip angereichert ist.<\/p>\n","protected":false},"excerpt":{"rendered":"<p>Warum sind zweiteilige Exportkisten und Pressholz die perfekte Kombination? Die Exportverpackungen von BosPal werden stets nach dem neuesten Stand der Technik hergestellt, um die bestm\u00f6gliche Qualit\u00e4t unserer Produkte zu gew\u00e4hrleisten. Aus eben diesem Grund haben wir uns f\u00fcr die Herstellung von zweiteiligen Exportkisten aus Pressholz entschieden. Die Festigkeit dieser Holzart ist bis zu 2-3 Mal [&hellip;]<\/p>\n","protected":false},"author":5,"featured_media":0,"parent":0,"menu_order":0,"comment_status":"closed","ping_status":"closed","template":"","meta":{"ocean_post_layout":"","ocean_both_sidebars_style":"","ocean_both_sidebars_content_width":0,"ocean_both_sidebars_sidebars_width":0,"ocean_sidebar":"","ocean_second_sidebar":"0","ocean_disable_margins":"enable","ocean_add_body_class":"","ocean_shortcode_before_top_bar":"","ocean_shortcode_after_top_bar":"","ocean_shortcode_before_header":"","ocean_shortcode_after_header":"","ocean_has_shortcode":"","ocean_shortcode_after_title":"","ocean_shortcode_before_footer_widgets":"","ocean_shortcode_after_footer_widgets":"","ocean_shortcode_before_footer_bottom":"","ocean_shortcode_after_footer_bottom":"","ocean_display_top_bar":"default","ocean_display_header":"default","ocean_header_style":"","ocean_center_header_left_menu":"0","ocean_custom_header_template":"0","ocean_custom_logo":0,"ocean_custom_retina_logo":0,"ocean_custom_logo_max_width":0,"ocean_custom_logo_tablet_max_width":0,"ocean_custom_logo_mobile_max_width":0,"ocean_custom_logo_max_height":0,"ocean_custom_logo_tablet_max_height":0,"ocean_custom_logo_mobile_max_height":0,"ocean_header_custom_menu":"272","ocean_menu_typo_font_family":"0","ocean_menu_typo_font_subset":"","ocean_menu_typo_font_size":0,"ocean_menu_typo_font_size_tablet":0,"ocean_menu_typo_font_size_mobile":0,"ocean_menu_typo_font_size_unit":"px","ocean_menu_typo_font_weight":"","ocean_menu_typo_font_weight_tablet":"","ocean_menu_typo_font_weight_mobile":"","ocean_menu_typo_transform":"","ocean_menu_typo_transform_tablet":"","ocean_menu_typo_transform_mobile":"","ocean_menu_typo_line_height":0,"ocean_menu_typo_line_height_tablet":0,"ocean_menu_typo_line_height_mobile":0,"ocean_menu_typo_line_height_unit":"","ocean_menu_typo_spacing":0,"ocean_menu_typo_spacing_tablet":0,"ocean_menu_typo_spacing_mobile":0,"ocean_menu_typo_spacing_unit":"","ocean_menu_link_color":"","ocean_menu_link_color_hover":"","ocean_menu_link_color_active":"","ocean_menu_link_background":"","ocean_menu_link_hover_background":"","ocean_menu_link_active_background":"","ocean_menu_social_links_bg":"","ocean_menu_social_hover_links_bg":"","ocean_menu_social_links_color":"","ocean_menu_social_hover_links_color":"","ocean_disable_title":"default","ocean_disable_heading":"default","ocean_post_title":"","ocean_post_subheading":"","ocean_post_title_style":"","ocean_post_title_background_color":"","ocean_post_title_background":0,"ocean_post_title_bg_image_position":"","ocean_post_title_bg_image_attachment":"","ocean_post_title_bg_image_repeat":"","ocean_post_title_bg_image_size":"","ocean_post_title_height":0,"ocean_post_title_bg_overlay":0.5,"ocean_post_title_bg_overlay_color":"","ocean_disable_breadcrumbs":"default","ocean_breadcrumbs_color":"","ocean_breadcrumbs_separator_color":"","ocean_breadcrumbs_links_color":"","ocean_breadcrumbs_links_hover_color":"","ocean_display_footer_widgets":"default","ocean_display_footer_bottom":"default","ocean_custom_footer_template":"0","footnotes":""},"class_list":["post-6303","page","type-page","status-publish","hentry","entry","owp-thumbs-layout-horizontal","owp-btn-normal","owp-tabs-layout-horizontal","has-no-thumbnails","has-product-nav"],"aioseo_notices":[],"_links":{"self":[{"href":"https:\/\/bospal.com\/de\/wp-json\/wp\/v2\/pages\/6303","targetHints":{"allow":["GET"]}}],"collection":[{"href":"https:\/\/bospal.com\/de\/wp-json\/wp\/v2\/pages"}],"about":[{"href":"https:\/\/bospal.com\/de\/wp-json\/wp\/v2\/types\/page"}],"author":[{"embeddable":true,"href":"https:\/\/bospal.com\/de\/wp-json\/wp\/v2\/users\/5"}],"replies":[{"embeddable":true,"href":"https:\/\/bospal.com\/de\/wp-json\/wp\/v2\/comments?post=6303"}],"version-history":[{"count":0,"href":"https:\/\/bospal.com\/de\/wp-json\/wp\/v2\/pages\/6303\/revisions"}],"wp:attachment":[{"href":"https:\/\/bospal.com\/de\/wp-json\/wp\/v2\/media?parent=6303"}],"curies":[{"name":"wp","href":"https:\/\/api.w.org\/{rel}","templated":true}]}}