{"id":6305,"date":"2021-08-30T15:02:16","date_gmt":"2021-08-30T13:02:16","guid":{"rendered":"https:\/\/bospal.com\/?page_id=6305"},"modified":"2024-01-29T13:27:07","modified_gmt":"2024-01-29T12:27:07","slug":"biopal-paletten-fur-das-militar","status":"publish","type":"page","link":"https:\/\/bospal.com\/de\/biopal-paletten-fur-das-militar\/","title":{"rendered":"BioPal-Paletten f\u00fcr das Milit\u00e4r"},"content":{"rendered":"\n<p>Im milit\u00e4rischen Bereich werden Schusswaffen und andere Einrichtungen dieser Art sehr h\u00e4ufig transportiert. Diese Einrichtungen sind in der Regel schwer, gef\u00e4hrlich und umst\u00e4ndlich zu transportieren. Daher ist es notwendig, ihnen ein H\u00f6chstma\u00df an Sicherheit zu bieten. Dies ist auch durch staatliche Vorschriften und bei Auslandstransporten sogar durch internationale Vorschriften vorgegeben. Die L\u00f6sung kommt vom <strong>Hersteller <\/strong>der BioPal-Exportverpackungen, der auch <strong>Paletten f\u00fcr das Milit\u00e4r<\/strong> anbietet. Sie bieten dank der Anwendung des Pressholzes, aus dem sie hergestellt werden, ein H\u00f6chstma\u00df an Sicherheit. Es ist um ein Vielfaches widerstandsf\u00e4higer und h\u00e4rter als herk\u00f6mmliches Holz und sch\u00fctzt milit\u00e4risches Werkzeug wirksam vor mechanischen Besch\u00e4digungen, die beim Transport auftreten k\u00f6nnen. Waffen oder verschiedene Arten von milit\u00e4rischen Fahrzeugkomponenten sind in der Regel teuer, und der Staat kann es sich nicht leisten, bei ihrer Zerst\u00f6rung Verluste zu erleiden. Die Festigkeit und Dichtigkeit der BioPal-Verpackungen reduziert die Risiken in diesem Fall auf ein Minimum, was f\u00fcr das Milit\u00e4r \u00e4u\u00dferst wichtig sein d\u00fcrfte.<\/p>\n\n\n\n<figure class=\"wp-block-image size-large\"><img fetchpriority=\"high\" decoding=\"async\" width=\"430\" height=\"317\" src=\"https:\/\/bospal.com\/wp-content\/uploads\/2019\/11\/opakowania_dwuczesciowe.jpg\" alt=\"\" class=\"wp-image-1265\" srcset=\"https:\/\/bospal.com\/wp-content\/uploads\/2019\/11\/opakowania_dwuczesciowe.jpg 430w, https:\/\/bospal.com\/wp-content\/uploads\/2019\/11\/opakowania_dwuczesciowe-300x221.jpg 300w\" sizes=\"(max-width: 430px) 100vw, 430px\" \/><\/figure>\n\n\n\n<h2 class=\"wp-block-heading\">Der Palettenhersteller garantiert au\u00dferdem ein schnelles Ein- und Auspacken und eine optimale Raumausnutzung.<\/h2>\n\n\n\n<p>Das Milit\u00e4r muss in der Regel schnell handeln, weshalb BioPal- Exportverpackungen beim Ein- und Auspacken der transportierten Produkte Zeit sparen lassen. Die durchschnittliche Dauer dieses Vorgangs betr\u00e4gt in der Regel etwas mehr als zwei Minuten, ist also sehr kurz. Standard-Exportkisten sind nicht so ergonomisch, oft sind sie viel schwerer und haben scharfe, gef\u00e4hrliche Kanten. <strong>Paletten f\u00fcr das Milit\u00e4r <\/strong>sind auf die Erwartungen des Empf\u00e4ngers zugeschnitten und haben, wenn es die Situation erfordert, eine stromlinienf\u00f6rmige, sichere Form.<strong> Der Hersteller <\/strong>sorgt au\u00dferdem f\u00fcr eine maximale Raumausnutzung der Paletten. Dadurch wird sichergestellt, dass die transportierten Gegenst\u00e4nde nicht verrutschen, und es k\u00f6nnen mehr Gegenst\u00e4nde in das Lager geladen werden &#8211; statt vier Standardpaletten k\u00f6nnen bis zu elf BosPal-Paletten mit der gleichen Tragfl\u00e4che untergebracht werden. Auch die Kosten werden gesenkt, weil die Verpackung genau auf die Gr\u00f6\u00dfe der zu verpackenden Gegenst\u00e4nde zugeschnitten ist. Sie m\u00fcssen auch keine Geb\u00fchren f\u00fcr die Entsorgung bezahlen, da sie vollst\u00e4ndig recycelt werden, wobei die Eddie Complex kostenlos hilft.<\/p>\n\n\n\n<h2 class=\"wp-block-heading\">Bei BosPal-Milit\u00e4rpaletten geht es nicht nur um Preiskomfort<\/h2>\n\n\n\n<p>Neben dem g\u00fcnstigen Preisangebot haben die BosPal-Exportverpackungen noch viele weitere Vorteile. <strong>Der Hersteller <\/strong>bietet eine sehr gro\u00dfe Auswahl von Paletten an, so dass Sie keine Probleme haben sollten, die perfekte L\u00f6sung f\u00fcr Ihr Produkt zu finden. Das Angebot umfasst Paletten in verschiedenen Gr\u00f6\u00dfen, auch mit der M\u00f6glichkeit der Personalisierung. Sie k\u00f6nnen sich auch f\u00fcr zweiteilige oder sogar sechsteilige Paletten sowie f\u00fcr solche mit speziellen Aufs\u00e4tzen entscheiden. Sie sind so konzipiert, dass sie sich bei Bedarf leicht dehnen lassen. Wie Sie sehen k\u00f6nnen, ist das Angebot wirklich umfangreich. Der Komfort ergibt sich auch aus dem Gewicht der Paletten. Die Unterschiede in dieser Hinsicht liegen bei bis zu 30 %, selbstverst\u00e4ndlich zugunsten der BioPal-Produkte. <strong>Paletten f\u00fcr das Milit\u00e4r <\/strong>m\u00fcssen oft internationalen Anforderungen entsprechen, und bei Standardpaletten kommt es bei Hygienekontrollen manchmal zu Warenr\u00fcckrufen auf Kosten des Exporteurs. BioPal-Paletten sind jedoch f\u00fcr den weltweiten Export zugelassen. F\u00fcr Ausfuhren in ISPM-15-\/NIMF-15-konforme L\u00e4nder sind keine phytosanit\u00e4ren Ma\u00dfnahmen und Inspektionen erforderlich und es fallen keine Geb\u00fchren an. Das Milit\u00e4r braucht sich also keine Sorgen zu machen.<\/p>\n","protected":false},"excerpt":{"rendered":"<p>Im milit\u00e4rischen Bereich werden Schusswaffen und andere Einrichtungen dieser Art sehr h\u00e4ufig transportiert. Diese Einrichtungen sind in der Regel schwer, gef\u00e4hrlich und umst\u00e4ndlich zu transportieren. Daher ist es notwendig, ihnen ein H\u00f6chstma\u00df an Sicherheit zu bieten. Dies ist auch durch staatliche Vorschriften und bei Auslandstransporten sogar durch internationale Vorschriften vorgegeben. Die L\u00f6sung kommt vom Hersteller [&hellip;]<\/p>\n","protected":false},"author":5,"featured_media":0,"parent":0,"menu_order":0,"comment_status":"closed","ping_status":"closed","template":"","meta":{"ocean_post_layout":"","ocean_both_sidebars_style":"","ocean_both_sidebars_content_width":0,"ocean_both_sidebars_sidebars_width":0,"ocean_sidebar":"0","ocean_second_sidebar":"0","ocean_disable_margins":"enable","ocean_add_body_class":"","ocean_shortcode_before_top_bar":"","ocean_shortcode_after_top_bar":"","ocean_shortcode_before_header":"","ocean_shortcode_after_header":"","ocean_has_shortcode":"","ocean_shortcode_after_title":"","ocean_shortcode_before_footer_widgets":"","ocean_shortcode_after_footer_widgets":"","ocean_shortcode_before_footer_bottom":"","ocean_shortcode_after_footer_bottom":"","ocean_display_top_bar":"default","ocean_display_header":"default","ocean_header_style":"","ocean_center_header_left_menu":"0","ocean_custom_header_template":"0","ocean_custom_logo":0,"ocean_custom_retina_logo":0,"ocean_custom_logo_max_width":0,"ocean_custom_logo_tablet_max_width":0,"ocean_custom_logo_mobile_max_width":0,"ocean_custom_logo_max_height":0,"ocean_custom_logo_tablet_max_height":0,"ocean_custom_logo_mobile_max_height":0,"ocean_header_custom_menu":"272","ocean_menu_typo_font_family":"0","ocean_menu_typo_font_subset":"","ocean_menu_typo_font_size":0,"ocean_menu_typo_font_size_tablet":0,"ocean_menu_typo_font_size_mobile":0,"ocean_menu_typo_font_size_unit":"px","ocean_menu_typo_font_weight":"","ocean_menu_typo_font_weight_tablet":"","ocean_menu_typo_font_weight_mobile":"","ocean_menu_typo_transform":"","ocean_menu_typo_transform_tablet":"","ocean_menu_typo_transform_mobile":"","ocean_menu_typo_line_height":0,"ocean_menu_typo_line_height_tablet":0,"ocean_menu_typo_line_height_mobile":0,"ocean_menu_typo_line_height_unit":"","ocean_menu_typo_spacing":0,"ocean_menu_typo_spacing_tablet":0,"ocean_menu_typo_spacing_mobile":0,"ocean_menu_typo_spacing_unit":"","ocean_menu_link_color":"","ocean_menu_link_color_hover":"","ocean_menu_link_color_active":"","ocean_menu_link_background":"","ocean_menu_link_hover_background":"","ocean_menu_link_active_background":"","ocean_menu_social_links_bg":"","ocean_menu_social_hover_links_bg":"","ocean_menu_social_links_color":"","ocean_menu_social_hover_links_color":"","ocean_disable_title":"default","ocean_disable_heading":"default","ocean_post_title":"","ocean_post_subheading":"","ocean_post_title_style":"","ocean_post_title_background_color":"","ocean_post_title_background":0,"ocean_post_title_bg_image_position":"","ocean_post_title_bg_image_attachment":"","ocean_post_title_bg_image_repeat":"","ocean_post_title_bg_image_size":"","ocean_post_title_height":0,"ocean_post_title_bg_overlay":0.5,"ocean_post_title_bg_overlay_color":"","ocean_disable_breadcrumbs":"default","ocean_breadcrumbs_color":"","ocean_breadcrumbs_separator_color":"","ocean_breadcrumbs_links_color":"","ocean_breadcrumbs_links_hover_color":"","ocean_display_footer_widgets":"default","ocean_display_footer_bottom":"default","ocean_custom_footer_template":"0","footnotes":""},"class_list":["post-6305","page","type-page","status-publish","hentry","entry","owp-thumbs-layout-horizontal","owp-btn-normal","owp-tabs-layout-horizontal","has-no-thumbnails","has-product-nav"],"aioseo_notices":[],"_links":{"self":[{"href":"https:\/\/bospal.com\/de\/wp-json\/wp\/v2\/pages\/6305","targetHints":{"allow":["GET"]}}],"collection":[{"href":"https:\/\/bospal.com\/de\/wp-json\/wp\/v2\/pages"}],"about":[{"href":"https:\/\/bospal.com\/de\/wp-json\/wp\/v2\/types\/page"}],"author":[{"embeddable":true,"href":"https:\/\/bospal.com\/de\/wp-json\/wp\/v2\/users\/5"}],"replies":[{"embeddable":true,"href":"https:\/\/bospal.com\/de\/wp-json\/wp\/v2\/comments?post=6305"}],"version-history":[{"count":0,"href":"https:\/\/bospal.com\/de\/wp-json\/wp\/v2\/pages\/6305\/revisions"}],"wp:attachment":[{"href":"https:\/\/bospal.com\/de\/wp-json\/wp\/v2\/media?parent=6305"}],"curies":[{"name":"wp","href":"https:\/\/api.w.org\/{rel}","templated":true}]}}