{"id":6307,"date":"2021-08-30T15:03:39","date_gmt":"2021-08-30T13:03:39","guid":{"rendered":"https:\/\/bospal.com\/?page_id=6307"},"modified":"2024-01-29T13:06:52","modified_gmt":"2024-01-29T12:06:52","slug":"bospal-exportkisten-erleichtern-das-beladen-von-containern","status":"publish","type":"page","link":"https:\/\/bospal.com\/de\/bospal-exportkisten-erleichtern-das-beladen-von-containern\/","title":{"rendered":"BosPal-Exportkisten"},"content":{"rendered":"\n<p><\/p>\n\n\n\n<figure class=\"wp-block-image size-large\"><img fetchpriority=\"high\" decoding=\"async\" width=\"1024\" height=\"678\" src=\"https:\/\/bospal.com\/wp-content\/uploads\/2019\/11\/DSC_0804-1024x678.jpg\" alt=\"exportverpackungen\" class=\"wp-image-4007\" srcset=\"https:\/\/bospal.com\/wp-content\/uploads\/2019\/11\/DSC_0804-1024x678.jpg 1024w, https:\/\/bospal.com\/wp-content\/uploads\/2019\/11\/DSC_0804-600x397.jpg 600w, https:\/\/bospal.com\/wp-content\/uploads\/2019\/11\/DSC_0804-300x199.jpg 300w, https:\/\/bospal.com\/wp-content\/uploads\/2019\/11\/DSC_0804-768x509.jpg 768w\" sizes=\"(max-width: 1024px) 100vw, 1024px\" \/><\/figure>\n\n\n\n<h2 class=\"wp-block-heading\">Festigkeit der Paletten und Beladen von Containern gehen Hand in Hand<\/h2>\n\n\n\n<p>Die au\u00dfergew\u00f6hnliche Festigkeit der Paletten wirkt sich auf die Art und Weise, wie Paletten beladen werden, aus, obwohl dies gar nicht so offensichtlich ist. Standard-Transportkisten werden oft in kleineren Mengen und unter Einhaltung von mehr Abstand zwischen ihnen transportiert. All dies aus Angst vor m\u00f6glichen St\u00f6\u00dfen beim Transport, die zu Sch\u00e4den f\u00fchren k\u00f6nnten. Mit BosPal-Paletten sieht das <strong>Beladen eines Containers<\/strong> jedoch ganz anders aus. Diese Paletten k\u00f6nnen auf jeden Fall nebeneinander gestapelt werden, da die Gefahr einer Besch\u00e4digung sehr gering ist und durch die stromlinienf\u00f6rmige Form mehr Platz vorhanden ist. Die Festigkeit der BosPal-Produkte ist haupts\u00e4chlich auf die Verwendung von gepresstem Holz bei der Herstellung zur\u00fcckzuf\u00fchren. Seine Eigenschaften sind viel besser als die von gew\u00f6hnlichem Holz. Die genannte Festigkeit ist etwa dreimal und die H\u00e4rte sogar f\u00fcnfmal so hoch. Diese Merkmale sind in vielerlei Hinsicht von wesentlicher Bedeutung, beispielsweise f\u00fcr die Sicherheit der bef\u00f6rderten Produkte. Sie wirken sich aber auch auf viele andere Bereiche aus, z. B. auf die Art und Weise, wie <strong>Container beladen <\/strong>werden.<\/p>\n\n\n\n<h2 class=\"wp-block-heading\">Vierseitige Griffm\u00f6glichkeit gibt Ihnen mehr Freiraum beim Beladen von Containern.<\/h2>\n\n\n\n<p>BosPal-Paletten haben bis zu vier Eing\u00e4nge, so dass der Komfort beim Beladen mit Waren au\u00dfergew\u00f6hnlich hoch ist. Mit dieser L\u00f6sung kann der Hubwagen die Paletten von allen Seiten anpacken, was die Arbeit wesentlich erleichtert und pr\u00e4ziser macht. Auf diese Weise haben Sie nat\u00fcrlich mehr Freiraum bei der Raumgestaltung im Lager oder im Container. Die vierseitigen Beladungsm\u00f6glichkeiten machen es auch m\u00f6glich, den <strong>Container<\/strong> mit einem Hubwagen zu beladen, auch wenn der Innenraum bereits weitgehend belegt ist. Dies gilt auch f\u00fcr andere enge R\u00e4ume, in die BosPal-Paletten verladen werden. Dies ist auch dank der besonderen Parameter der Paletten m\u00f6glich. Es ist auch bekannt, dass die Eing\u00e4nge an allen vier Seiten einen positiven Einfluss auf die Dynamik der Arbeit haben. Der Stapler muss keine Zeit verschwenden, um die Palette von der richtigen Seite anzufahren, so dass alles viel effizienter abl\u00e4uft. Ein weiterer Faktor, der das Beladen erleichtert, ist die spezielle Profilierung der BosPal-Exportverpackungen. Die Profilierung dient dazu, dass zum Zeitpunkt der Stapelung eine Palette in die andere passt. Dies spart nicht nur Zeit f\u00fcr das Beladen, sondern auch Transporteinzelkosten.<\/p>\n","protected":false},"excerpt":{"rendered":"<p>Festigkeit der Paletten und Beladen von Containern gehen Hand in Hand Die au\u00dfergew\u00f6hnliche Festigkeit der Paletten wirkt sich auf die Art und Weise, wie Paletten beladen werden, aus, obwohl dies gar nicht so offensichtlich ist. Standard-Transportkisten werden oft in kleineren Mengen und unter Einhaltung von mehr Abstand zwischen ihnen transportiert. All dies aus Angst vor [&hellip;]<\/p>\n","protected":false},"author":5,"featured_media":0,"parent":0,"menu_order":0,"comment_status":"closed","ping_status":"closed","template":"","meta":{"ocean_post_layout":"","ocean_both_sidebars_style":"","ocean_both_sidebars_content_width":0,"ocean_both_sidebars_sidebars_width":0,"ocean_sidebar":"","ocean_second_sidebar":"0","ocean_disable_margins":"enable","ocean_add_body_class":"","ocean_shortcode_before_top_bar":"","ocean_shortcode_after_top_bar":"","ocean_shortcode_before_header":"","ocean_shortcode_after_header":"","ocean_has_shortcode":"","ocean_shortcode_after_title":"","ocean_shortcode_before_footer_widgets":"","ocean_shortcode_after_footer_widgets":"","ocean_shortcode_before_footer_bottom":"","ocean_shortcode_after_footer_bottom":"","ocean_display_top_bar":"default","ocean_display_header":"default","ocean_header_style":"","ocean_center_header_left_menu":"0","ocean_custom_header_template":"0","ocean_custom_logo":0,"ocean_custom_retina_logo":0,"ocean_custom_logo_max_width":0,"ocean_custom_logo_tablet_max_width":0,"ocean_custom_logo_mobile_max_width":0,"ocean_custom_logo_max_height":0,"ocean_custom_logo_tablet_max_height":0,"ocean_custom_logo_mobile_max_height":0,"ocean_header_custom_menu":"272","ocean_menu_typo_font_family":"0","ocean_menu_typo_font_subset":"","ocean_menu_typo_font_size":0,"ocean_menu_typo_font_size_tablet":0,"ocean_menu_typo_font_size_mobile":0,"ocean_menu_typo_font_size_unit":"px","ocean_menu_typo_font_weight":"","ocean_menu_typo_font_weight_tablet":"","ocean_menu_typo_font_weight_mobile":"","ocean_menu_typo_transform":"","ocean_menu_typo_transform_tablet":"","ocean_menu_typo_transform_mobile":"","ocean_menu_typo_line_height":0,"ocean_menu_typo_line_height_tablet":0,"ocean_menu_typo_line_height_mobile":0,"ocean_menu_typo_line_height_unit":"","ocean_menu_typo_spacing":0,"ocean_menu_typo_spacing_tablet":0,"ocean_menu_typo_spacing_mobile":0,"ocean_menu_typo_spacing_unit":"","ocean_menu_link_color":"","ocean_menu_link_color_hover":"","ocean_menu_link_color_active":"","ocean_menu_link_background":"","ocean_menu_link_hover_background":"","ocean_menu_link_active_background":"","ocean_menu_social_links_bg":"","ocean_menu_social_hover_links_bg":"","ocean_menu_social_links_color":"","ocean_menu_social_hover_links_color":"","ocean_disable_title":"default","ocean_disable_heading":"default","ocean_post_title":"","ocean_post_subheading":"","ocean_post_title_style":"","ocean_post_title_background_color":"","ocean_post_title_background":0,"ocean_post_title_bg_image_position":"","ocean_post_title_bg_image_attachment":"","ocean_post_title_bg_image_repeat":"","ocean_post_title_bg_image_size":"","ocean_post_title_height":0,"ocean_post_title_bg_overlay":0.5,"ocean_post_title_bg_overlay_color":"","ocean_disable_breadcrumbs":"default","ocean_breadcrumbs_color":"","ocean_breadcrumbs_separator_color":"","ocean_breadcrumbs_links_color":"","ocean_breadcrumbs_links_hover_color":"","ocean_display_footer_widgets":"default","ocean_display_footer_bottom":"default","ocean_custom_footer_template":"0","footnotes":""},"class_list":["post-6307","page","type-page","status-publish","hentry","entry","owp-thumbs-layout-horizontal","owp-btn-normal","owp-tabs-layout-horizontal","has-no-thumbnails","has-product-nav"],"aioseo_notices":[],"_links":{"self":[{"href":"https:\/\/bospal.com\/de\/wp-json\/wp\/v2\/pages\/6307","targetHints":{"allow":["GET"]}}],"collection":[{"href":"https:\/\/bospal.com\/de\/wp-json\/wp\/v2\/pages"}],"about":[{"href":"https:\/\/bospal.com\/de\/wp-json\/wp\/v2\/types\/page"}],"author":[{"embeddable":true,"href":"https:\/\/bospal.com\/de\/wp-json\/wp\/v2\/users\/5"}],"replies":[{"embeddable":true,"href":"https:\/\/bospal.com\/de\/wp-json\/wp\/v2\/comments?post=6307"}],"version-history":[{"count":0,"href":"https:\/\/bospal.com\/de\/wp-json\/wp\/v2\/pages\/6307\/revisions"}],"wp:attachment":[{"href":"https:\/\/bospal.com\/de\/wp-json\/wp\/v2\/media?parent=6307"}],"curies":[{"name":"wp","href":"https:\/\/api.w.org\/{rel}","templated":true}]}}