{"id":6309,"date":"2021-08-30T15:04:24","date_gmt":"2021-08-30T13:04:24","guid":{"rendered":"https:\/\/bospal.com\/?page_id=6309"},"modified":"2024-01-29T13:32:25","modified_gmt":"2024-01-29T12:32:25","slug":"okologische-produktion-von-bospal-paletten","status":"publish","type":"page","link":"https:\/\/bospal.com\/de\/okologische-produktion-von-bospal-paletten\/","title":{"rendered":"\u00d6kologische Palettenproduktion"},"content":{"rendered":"\n<p>Die moderne Methode zur <strong>Herstellung von BosPal-Exportpaletten <\/strong>besteht in der Pressholztechnologie. Diese Art von Holz ist viel dauerhafter und h\u00e4rter als gew\u00f6hnliches Holz. Sie sorgt daf\u00fcr, dass die in den Paletten transportierten Materialien bestm\u00f6glich gesch\u00fctzt sind. Dar\u00fcber hinaus werden die BosPal-Produkte auf sehr \u00f6kologische Weise hergestellt &#8211; durch die Verwendung von S\u00e4gewerksabf\u00e4llen und Recycling. Und das alles aus Sorge um die Umwelt. Selbst in einem so fr\u00fchen Stadium wie das der <strong>Produktion der Paletten<\/strong> achten wir darauf, negative Auswirkungen m\u00f6glichst gering zu halten. Gleiches gilt f\u00fcr die Endverarbeitung der Verpackungen und deren Transport. Wir wollen sicherstellen, dass jeder Vorgang des Herstellungsprozesses sicher f\u00fcr unser \u00d6kosystem ist. Dies ist f\u00fcr uns ebenso wichtig wie die Einhaltung aller Sicherheits- und Qualit\u00e4tsgarantien. Wichtig ist auch, dass das <strong>Verpackungsrecycling <\/strong>wiederholt durchgef\u00fchrt werden kann. Diese Art von Ma\u00dfnahmen stellt f\u00fcr viele Unternehmen nicht selten eine gro\u00dfe Herausforderung dar. Auch f\u00fcr uns, aber wir sehen ein, dass es notwendig ist, besonders jetzt, wo so viel ungenutzter Abfall und Verschmutzung produziert wird.<\/p>\n\n\n\n<figure class=\"wp-block-image size-large\"><img fetchpriority=\"high\" decoding=\"async\" width=\"1024\" height=\"545\" src=\"https:\/\/bospal.com\/wp-content\/uploads\/2019\/12\/sky_tree_2-1024x545.jpg\" alt=\"\" class=\"wp-image-5142\" srcset=\"https:\/\/bospal.com\/wp-content\/uploads\/2019\/12\/sky_tree_2-1024x545.jpg 1024w, https:\/\/bospal.com\/wp-content\/uploads\/2019\/12\/sky_tree_2-600x319.jpg 600w, https:\/\/bospal.com\/wp-content\/uploads\/2019\/12\/sky_tree_2-300x160.jpg 300w, https:\/\/bospal.com\/wp-content\/uploads\/2019\/12\/sky_tree_2-768x408.jpg 768w, https:\/\/bospal.com\/wp-content\/uploads\/2019\/12\/sky_tree_2-1536x817.jpg 1536w, https:\/\/bospal.com\/wp-content\/uploads\/2019\/12\/sky_tree_2.jpg 1920w\" sizes=\"(max-width: 1024px) 100vw, 1024px\" \/><\/figure>\n\n\n\n<h2 class=\"wp-block-heading\">Kosten f\u00fcr die Palettenentsorgung auf Null reduziert<\/h2>\n\n\n\n<p>Jeder Unternehmer ist sich bewusst, dass die Wahl des Verpackungsmaterials die Abfallwirtschaft beeinflusst. Dies bedeutet zus\u00e4tzliche Kosten, da der Abfall entsorgt werden muss. <strong>Die Entsorgung der Paletten <\/strong>ist in der Regel im Preis der Einzelverpackung inbegriffen, so dass letztlich der Verbraucher diesen Prozess weitgehend selbst finanziert. Wir hingegen schlagen eine L\u00f6sung vor, die die Entsorgungskosten vollst\u00e4ndig ausschlie\u00dft. Dies ist auf den \u00f6kologischen Ansatz bei der Herstellung zur\u00fcckzuf\u00fchren, der h\u00e4ufig auf dem <strong>Recycling von Verpackungen<\/strong> beruht. Wir sind stolz darauf, die perfekte Materialkette geschaffen zu haben, damit alle von uns produzierten Verpackungen, die nicht mehr weiterverwendet werden k\u00f6nnen, ein zweites Leben erhalten. Mit anderen Worten: die Entsorgung aller BosPal-Produkte ist v\u00f6llig kostenlos. Daher ist die Nutzung unseres Angebots eine automatische Unterst\u00fctzung f\u00fcr innovative und \u00f6kologische L\u00f6sungen, die die Umwelt vor Verschmutzung sch\u00fctzen. Diese Ma\u00dfnahmen verringern die Notwendigkeit, B\u00e4ume zu f\u00e4llen, da ein Holz st\u00e4ndig im Umlauf ist und viele Jahre lang dem Schutz von Waren dient.<\/p>\n\n\n\n<figure class=\"wp-block-image size-large\"><img decoding=\"async\" width=\"601\" height=\"339\" src=\"https:\/\/bospal.com\/wp-content\/uploads\/2019\/12\/presswood_pallet.jpg\" alt=\"\" class=\"wp-image-5140\"\/><\/figure>\n\n\n\n<h2 class=\"wp-block-heading\">Recycling von BosPal-Verpackungen und Qualit\u00e4t bei deren Wiederverwendung<\/h2>\n\n\n\n<p>\u00d6kologische Ma\u00dfnahmen werden nat\u00fcrlich mit Blick auf die Umwelt eingef\u00fchrt, aber dabei vergessen wir nicht, die h\u00f6chste Qualit\u00e4t der BosPal-Produkte zu erhalten. Die Wiederverwendung verbrauchter Verpackungen bedeutet gar nicht, dass sie minderwertiger sind als ihre Vorg\u00e4nger oder als die aus neuem Holz. Ganz im Gegenteil. <strong>Die Wiederverwertung von Verpackungen <\/strong>beeintr\u00e4chtigt ihre Festigkeit nicht. Jede neue Palette, die aus einem bereits verbrauchten Produkt entsteht, ist von h\u00f6chster Qualit\u00e4t. Sie wird nat\u00fcrlich im Holzpressverfahren hergestellt. <strong>Die Herstellung <\/strong>dieser Art <strong>von Paletten<\/strong> unterscheidet sich im Wesentlichen nicht von der anderer Unternehmen, die kein Recycling anwenden. Der einzige Unterschied besteht darin, dass sie zuvor zu ihrer Produktionsform verarbeitet werden m\u00fcssen. Dank der von uns angewandten Methoden ist jedes BosPal-Produkt sicher, leicht und verhindert das Eindringen von Feuchtigkeit. Wenn es also m\u00f6glich ist, einen solchen Effekt zu erzielen, ohne zur Zerst\u00f6rung der Umwelt beizutragen, warum sollten wir dann nicht davon Gebrauch machen?<\/p>\n","protected":false},"excerpt":{"rendered":"<p>Die moderne Methode zur Herstellung von BosPal-Exportpaletten besteht in der Pressholztechnologie. Diese Art von Holz ist viel dauerhafter und h\u00e4rter als gew\u00f6hnliches Holz. Sie sorgt daf\u00fcr, dass die in den Paletten transportierten Materialien bestm\u00f6glich gesch\u00fctzt sind. Dar\u00fcber hinaus werden die BosPal-Produkte auf sehr \u00f6kologische Weise hergestellt &#8211; durch die Verwendung von S\u00e4gewerksabf\u00e4llen und Recycling. Und [&hellip;]<\/p>\n","protected":false},"author":5,"featured_media":0,"parent":0,"menu_order":0,"comment_status":"closed","ping_status":"closed","template":"","meta":{"ocean_post_layout":"","ocean_both_sidebars_style":"","ocean_both_sidebars_content_width":0,"ocean_both_sidebars_sidebars_width":0,"ocean_sidebar":"","ocean_second_sidebar":"0","ocean_disable_margins":"enable","ocean_add_body_class":"","ocean_shortcode_before_top_bar":"","ocean_shortcode_after_top_bar":"","ocean_shortcode_before_header":"","ocean_shortcode_after_header":"","ocean_has_shortcode":"","ocean_shortcode_after_title":"","ocean_shortcode_before_footer_widgets":"","ocean_shortcode_after_footer_widgets":"","ocean_shortcode_before_footer_bottom":"","ocean_shortcode_after_footer_bottom":"","ocean_display_top_bar":"default","ocean_display_header":"default","ocean_header_style":"","ocean_center_header_left_menu":"0","ocean_custom_header_template":"0","ocean_custom_logo":0,"ocean_custom_retina_logo":0,"ocean_custom_logo_max_width":0,"ocean_custom_logo_tablet_max_width":0,"ocean_custom_logo_mobile_max_width":0,"ocean_custom_logo_max_height":0,"ocean_custom_logo_tablet_max_height":0,"ocean_custom_logo_mobile_max_height":0,"ocean_header_custom_menu":"272","ocean_menu_typo_font_family":"0","ocean_menu_typo_font_subset":"","ocean_menu_typo_font_size":0,"ocean_menu_typo_font_size_tablet":0,"ocean_menu_typo_font_size_mobile":0,"ocean_menu_typo_font_size_unit":"px","ocean_menu_typo_font_weight":"","ocean_menu_typo_font_weight_tablet":"","ocean_menu_typo_font_weight_mobile":"","ocean_menu_typo_transform":"","ocean_menu_typo_transform_tablet":"","ocean_menu_typo_transform_mobile":"","ocean_menu_typo_line_height":0,"ocean_menu_typo_line_height_tablet":0,"ocean_menu_typo_line_height_mobile":0,"ocean_menu_typo_line_height_unit":"","ocean_menu_typo_spacing":0,"ocean_menu_typo_spacing_tablet":0,"ocean_menu_typo_spacing_mobile":0,"ocean_menu_typo_spacing_unit":"","ocean_menu_link_color":"","ocean_menu_link_color_hover":"","ocean_menu_link_color_active":"","ocean_menu_link_background":"","ocean_menu_link_hover_background":"","ocean_menu_link_active_background":"","ocean_menu_social_links_bg":"","ocean_menu_social_hover_links_bg":"","ocean_menu_social_links_color":"","ocean_menu_social_hover_links_color":"","ocean_disable_title":"default","ocean_disable_heading":"default","ocean_post_title":"","ocean_post_subheading":"","ocean_post_title_style":"","ocean_post_title_background_color":"","ocean_post_title_background":0,"ocean_post_title_bg_image_position":"","ocean_post_title_bg_image_attachment":"","ocean_post_title_bg_image_repeat":"","ocean_post_title_bg_image_size":"","ocean_post_title_height":0,"ocean_post_title_bg_overlay":0.5,"ocean_post_title_bg_overlay_color":"","ocean_disable_breadcrumbs":"default","ocean_breadcrumbs_color":"","ocean_breadcrumbs_separator_color":"","ocean_breadcrumbs_links_color":"","ocean_breadcrumbs_links_hover_color":"","ocean_display_footer_widgets":"default","ocean_display_footer_bottom":"default","ocean_custom_footer_template":"0","footnotes":""},"class_list":["post-6309","page","type-page","status-publish","hentry","entry","owp-thumbs-layout-horizontal","owp-btn-normal","owp-tabs-layout-horizontal","has-no-thumbnails","has-product-nav"],"aioseo_notices":[],"_links":{"self":[{"href":"https:\/\/bospal.com\/de\/wp-json\/wp\/v2\/pages\/6309","targetHints":{"allow":["GET"]}}],"collection":[{"href":"https:\/\/bospal.com\/de\/wp-json\/wp\/v2\/pages"}],"about":[{"href":"https:\/\/bospal.com\/de\/wp-json\/wp\/v2\/types\/page"}],"author":[{"embeddable":true,"href":"https:\/\/bospal.com\/de\/wp-json\/wp\/v2\/users\/5"}],"replies":[{"embeddable":true,"href":"https:\/\/bospal.com\/de\/wp-json\/wp\/v2\/comments?post=6309"}],"version-history":[{"count":0,"href":"https:\/\/bospal.com\/de\/wp-json\/wp\/v2\/pages\/6309\/revisions"}],"wp:attachment":[{"href":"https:\/\/bospal.com\/de\/wp-json\/wp\/v2\/media?parent=6309"}],"curies":[{"name":"wp","href":"https:\/\/api.w.org\/{rel}","templated":true}]}}