{"id":6328,"date":"2021-08-30T15:58:16","date_gmt":"2021-08-30T13:58:16","guid":{"rendered":"https:\/\/bospal.com\/?page_id=6328"},"modified":"2024-01-29T14:08:25","modified_gmt":"2024-01-29T13:08:25","slug":"produktion-der-paletten","status":"publish","type":"page","link":"https:\/\/bospal.com\/de\/produktion-der-paletten\/","title":{"rendered":"Produktion der Paletten"},"content":{"rendered":"\t\t<div data-elementor-type=\"wp-page\" data-elementor-id=\"6328\" class=\"elementor elementor-6328\" data-elementor-post-type=\"page\">\n\t\t\t\t\t\t<section class=\"elementor-section elementor-top-section elementor-element elementor-element-0abfb32 elementor-section-boxed elementor-section-height-default elementor-section-height-default\" data-id=\"0abfb32\" data-element_type=\"section\" data-e-type=\"section\">\n\t\t\t\t\t\t<div class=\"elementor-container elementor-column-gap-default\">\n\t\t\t\t\t<div class=\"elementor-column elementor-col-100 elementor-top-column elementor-element elementor-element-cdb1b0b\" data-id=\"cdb1b0b\" data-element_type=\"column\" data-e-type=\"column\">\n\t\t\t<div class=\"elementor-widget-wrap elementor-element-populated\">\n\t\t\t\t\t\t<div class=\"elementor-element elementor-element-cca6ca1 elementor-widget elementor-widget-text-editor\" data-id=\"cca6ca1\" data-element_type=\"widget\" data-e-type=\"widget\" data-widget_type=\"text-editor.default\">\n\t\t\t\t<div class=\"elementor-widget-container\">\n\t\t\t\t\t\t\t\t\t<p>Unsere Firma spezialisiert sich auf die Herstellung der \u00f6kologischen Exportkisten, Kistenpaletten und Paletten aus Pressholz, die bei vielen Industriezweigen unentbehrlich sind. Diese Produkte erm\u00f6glichen es, den Raum optimaler auszunutzen. Sie erh\u00f6hen den Schutz der Ware beim Transport und bilden interessante Produktexpositionen. Eins steht fest \u2013 unsere Firma setzt auf die Qualit\u00e4t und auf eine breite Palette der angebotenen Produkte.\u00a0<strong>Die Herstellung der Paletten<\/strong>\u00a0und der Kistenpaletten ist f\u00fcr viele Branchen, bei denen sie eingesetzt werden, von einer gravierenden Bedeutung.<\/p><h2>Vorteile der Paletten aus Pressholz<\/h2><p><strong>Die Produktionspaletten<\/strong>\u00a0aus Pressholz zeichnen sich durch eine riesige Zuverl\u00e4ssigkeit und Best\u00e4ndigkeit aus. Es handelt sich hier um \u00f6kologisches und biologisch abbaubares Material. Dies bedeutet, dass ihr Gebrauch keinerlei f\u00fcr die nat\u00fcrliche Umwelt sch\u00e4dlich ist. Mehr noch \u2013 die Paletten, die nicht mehr gebrauchsf\u00e4hig sind und ihre Rolle nicht mehr ausf\u00fchren, k\u00f6nnen zur Wiederverwertung \u00fcbergeben werden. Deswegen werden die Paletten aus Pressholz in der Industriewelt so hochgesch\u00e4tzt. Die von uns angebotenen Produkte tragen zur Beschleunigung der Verladung und Abladung, und zur Minimierung der Sch\u00e4den an Produkten bei. Sie nutzen den ganzen verf\u00fcgbaren Transportraum und erm\u00f6glichen es, den Platz in Lagern zu sparen.<\/p><figure><img fetchpriority=\"high\" decoding=\"async\" src=\"https:\/\/bospal.com\/wp-content\/uploads\/2019\/11\/presswood_crate_ispm_certified.jpg\" sizes=\"(max-width: 658px) 100vw, 658px\" srcset=\"https:\/\/bospal.com\/wp-content\/uploads\/2019\/11\/presswood_crate_ispm_certified.jpg 658w, https:\/\/bospal.com\/wp-content\/uploads\/2019\/11\/presswood_crate_ispm_certified-300x199.jpg 300w\" alt=\"Verpackungen aus Pressholz bospal\" width=\"658\" height=\"437\" \/><\/figure><h2>Warum lohnt es sich die Paletten aus Pressholz auszuw\u00e4hlen?<\/h2><ul><li>Kleines Gewicht \u2013 ein wichtiges Merkmal, insbesondere bei einer Ladung, die selbst sehr viel wiegt. Es lohnt sich nicht, dieses Gewicht zu erh\u00f6hen.<\/li><li>Solide Ausf\u00fchrung \u2013 es ist ein riesiger Vorteil dieses Produktes. Die Paletten weisen dank ihrer speziell entwickelten Struktur eine hohe Best\u00e4ndigkeit gegen St\u00f6\u00dfe von allen Seiten auf.<\/li><li>\u00c4sthetik \u2013 die Paletten zeichnen sich durch sehr gute visuelle Eigenschaften. Ihre Ausf\u00fchrung ist sehr solide.<\/li><li>Funktionalit\u00e4t \u2013 die Paletten besitzen keine \u00d6ffnungen, wodurch die Ware auf keine Art und Weise den Verschmutzungen oder Zerst\u00f6rungen ausgesetzt wird, die sich aus ung\u00fcnstigen Witterungsbedingungen ergeben k\u00f6nnten.<\/li><\/ul><h2>Abmessung, die an Ihre Bed\u00fcrfnisse angepasst ist<\/h2><p>In unserem Sortiment besitzen wir Paletten mit verschiedenen Abmessungen, die unterschiedlichen Produktarten angepasst sind. Wir produzieren auch die\u00a0<strong>Paletten auf Bestellung<\/strong>. Wir sind flexibel. Wir passen uns den Anforderungen unserer Kunden an und produzieren\u00a0<strong>ma\u00dfgeschneiderte<\/strong>\u00a0Produkte.<\/p><h2>Kistenpaletten<\/h2><p>Wir bieten auch Kistenpaletten aus Pressholz an, dank denen die Waren reibungslos verladen und abgeladen werden k\u00f6nnen. Durch den Einsatz der zus\u00e4tzlichen Verbindungen der W\u00e4nde mittels der Klammer BosPal Smart Clamps TM wird die Notwendigkeit ausgeschlossen, zus\u00e4tzliche Sicherungen zu verwenden. Durch einheitliche und sehr dichte Holz-Struktur werden Produkte von allen Seiten isoliert. Des Weiteren ist es m\u00f6glich, einen NFC-Chip zu installieren, der f\u00fcr eine automatische Aktualisierung des Lagerbestands sorgt. Bei der Abladung schicken die\u00a0<a href=\"https:\/\/bospal.com\/standard-kisten\/\">Kisten<\/a>\u00a0eine Meldung zum System der Lagerbestandsverwaltung. Dadurch ist eine sofortige Benachrichtigung \u00fcber die ordnungsgem\u00e4\u00dfe Anlieferung der Produkte sowie eine komplette \u00dcberwachung des Umlaufs der Produkte und Verpackungen m\u00f6glich.<\/p><h2>\u00d6kologische L\u00f6sungen<\/h2><p>Das Pressholz wird aus S\u00e4gewerk-Abf\u00e4llen hergestellt, die unter hohem Druck bei einer hohen Temperatur gepresst werden. Ein erneuter Einsatz desselben Materials hat eine riesige Bedeutung f\u00fcr die nat\u00fcrliche Umwelt. Wir m\u00f6chten die M\u00f6glichkeiten f\u00f6rdern und popularisieren, die mit breit verstandenen Recyclingsformen zusammenh\u00e4ngen. Wir bieten die Entsorgung aller Produkte unserer Firma.<\/p><figure><img decoding=\"async\" src=\"https:\/\/bospal.com\/wp-content\/uploads\/2019\/11\/photo-3.png\" sizes=\"(max-width: 505px) 100vw, 505px\" srcset=\"https:\/\/bospal.com\/wp-content\/uploads\/2019\/11\/photo-3.png 505w, https:\/\/bospal.com\/wp-content\/uploads\/2019\/11\/photo-3-300x230.png 300w\" alt=\"Palettenproduktion\" width=\"505\" height=\"388\" \/><\/figure><h2>Hersteller der Paletten und Kastenpaletten \u2013 solide Ausf\u00fchrung<\/h2><p>Als Firma setzen wir auf st\u00e4ndige Entwicklung. Wir sind auf viele Kooperationsformen aufgeschlossen. Wir sind uns dessen bewusst, dass nur solide und dauerhafte Arbeitsergebnisse entsprechende Vorteile bringen. Deswegen bem\u00fchen wir uns in einem m\u00f6glichst gro\u00dfen Ausma\u00df die Erwartungen unserer Kunden zu erf\u00fcllen.<\/p>\t\t\t\t\t\t\t\t<\/div>\n\t\t\t\t<\/div>\n\t\t\t\t\t<\/div>\n\t\t<\/div>\n\t\t\t\t\t<\/div>\n\t\t<\/section>\n\t\t\t\t<\/div>\n\t\t","protected":false},"excerpt":{"rendered":"<p>Unsere Firma spezialisiert sich auf die Herstellung der \u00f6kologischen Exportkisten, Kistenpaletten und Paletten aus Pressholz, die bei vielen Industriezweigen unentbehrlich sind. Diese Produkte erm\u00f6glichen es, den Raum optimaler auszunutzen. Sie erh\u00f6hen den Schutz der Ware beim Transport und bilden interessante Produktexpositionen. Eins steht fest \u2013 unsere Firma setzt auf die Qualit\u00e4t und auf eine breite [&hellip;]<\/p>\n","protected":false},"author":5,"featured_media":0,"parent":0,"menu_order":0,"comment_status":"closed","ping_status":"closed","template":"","meta":{"ocean_post_layout":"","ocean_both_sidebars_style":"","ocean_both_sidebars_content_width":0,"ocean_both_sidebars_sidebars_width":0,"ocean_sidebar":"","ocean_second_sidebar":"0","ocean_disable_margins":"enable","ocean_add_body_class":"","ocean_shortcode_before_top_bar":"","ocean_shortcode_after_top_bar":"","ocean_shortcode_before_header":"","ocean_shortcode_after_header":"","ocean_has_shortcode":"","ocean_shortcode_after_title":"","ocean_shortcode_before_footer_widgets":"","ocean_shortcode_after_footer_widgets":"","ocean_shortcode_before_footer_bottom":"","ocean_shortcode_after_footer_bottom":"","ocean_display_top_bar":"default","ocean_display_header":"default","ocean_header_style":"","ocean_center_header_left_menu":"0","ocean_custom_header_template":"0","ocean_custom_logo":0,"ocean_custom_retina_logo":0,"ocean_custom_logo_max_width":0,"ocean_custom_logo_tablet_max_width":0,"ocean_custom_logo_mobile_max_width":0,"ocean_custom_logo_max_height":0,"ocean_custom_logo_tablet_max_height":0,"ocean_custom_logo_mobile_max_height":0,"ocean_header_custom_menu":"272","ocean_menu_typo_font_family":"0","ocean_menu_typo_font_subset":"","ocean_menu_typo_font_size":0,"ocean_menu_typo_font_size_tablet":0,"ocean_menu_typo_font_size_mobile":0,"ocean_menu_typo_font_size_unit":"px","ocean_menu_typo_font_weight":"","ocean_menu_typo_font_weight_tablet":"","ocean_menu_typo_font_weight_mobile":"","ocean_menu_typo_transform":"","ocean_menu_typo_transform_tablet":"","ocean_menu_typo_transform_mobile":"","ocean_menu_typo_line_height":0,"ocean_menu_typo_line_height_tablet":0,"ocean_menu_typo_line_height_mobile":0,"ocean_menu_typo_line_height_unit":"","ocean_menu_typo_spacing":0,"ocean_menu_typo_spacing_tablet":0,"ocean_menu_typo_spacing_mobile":0,"ocean_menu_typo_spacing_unit":"","ocean_menu_link_color":"","ocean_menu_link_color_hover":"","ocean_menu_link_color_active":"","ocean_menu_link_background":"","ocean_menu_link_hover_background":"","ocean_menu_link_active_background":"","ocean_menu_social_links_bg":"","ocean_menu_social_hover_links_bg":"","ocean_menu_social_links_color":"","ocean_menu_social_hover_links_color":"","ocean_disable_title":"default","ocean_disable_heading":"default","ocean_post_title":"","ocean_post_subheading":"","ocean_post_title_style":"","ocean_post_title_background_color":"","ocean_post_title_background":0,"ocean_post_title_bg_image_position":"","ocean_post_title_bg_image_attachment":"","ocean_post_title_bg_image_repeat":"","ocean_post_title_bg_image_size":"","ocean_post_title_height":0,"ocean_post_title_bg_overlay":0.5,"ocean_post_title_bg_overlay_color":"","ocean_disable_breadcrumbs":"default","ocean_breadcrumbs_color":"","ocean_breadcrumbs_separator_color":"","ocean_breadcrumbs_links_color":"","ocean_breadcrumbs_links_hover_color":"","ocean_display_footer_widgets":"default","ocean_display_footer_bottom":"default","ocean_custom_footer_template":"0","footnotes":""},"class_list":["post-6328","page","type-page","status-publish","hentry","entry","owp-thumbs-layout-horizontal","owp-btn-normal","owp-tabs-layout-horizontal","has-no-thumbnails","has-product-nav"],"aioseo_notices":[],"_links":{"self":[{"href":"https:\/\/bospal.com\/de\/wp-json\/wp\/v2\/pages\/6328","targetHints":{"allow":["GET"]}}],"collection":[{"href":"https:\/\/bospal.com\/de\/wp-json\/wp\/v2\/pages"}],"about":[{"href":"https:\/\/bospal.com\/de\/wp-json\/wp\/v2\/types\/page"}],"author":[{"embeddable":true,"href":"https:\/\/bospal.com\/de\/wp-json\/wp\/v2\/users\/5"}],"replies":[{"embeddable":true,"href":"https:\/\/bospal.com\/de\/wp-json\/wp\/v2\/comments?post=6328"}],"version-history":[{"count":0,"href":"https:\/\/bospal.com\/de\/wp-json\/wp\/v2\/pages\/6328\/revisions"}],"wp:attachment":[{"href":"https:\/\/bospal.com\/de\/wp-json\/wp\/v2\/media?parent=6328"}],"curies":[{"name":"wp","href":"https:\/\/api.w.org\/{rel}","templated":true}]}}