{"id":18808,"date":"2019-11-02T21:01:33","date_gmt":"2019-11-02T20:01:33","guid":{"rendered":"https:\/\/bospal.com\/fabrication-demballages-en-bois-presse\/"},"modified":"2024-08-30T08:46:29","modified_gmt":"2024-08-30T06:46:29","slug":"fabrication-demballages-en-bois-presse","status":"publish","type":"page","link":"https:\/\/bospal.com\/fr\/fabrication-demballages-en-bois-presse\/","title":{"rendered":"Fabrication d&#8217;emballages en bois press\u00e9"},"content":{"rendered":"\t\t<div data-elementor-type=\"wp-page\" data-elementor-id=\"18808\" class=\"elementor elementor-18808 elementor-356\" data-elementor-post-type=\"page\">\n\t\t\t\t\t\t<section class=\"elementor-section elementor-top-section elementor-element elementor-element-5bf1ec44 elementor-section-full_width elementor-section-height-default elementor-section-height-default\" data-id=\"5bf1ec44\" data-element_type=\"section\" data-e-type=\"section\">\n\t\t\t\t\t\t<div class=\"elementor-container elementor-column-gap-default\">\n\t\t\t\t\t<div class=\"elementor-column elementor-col-100 elementor-top-column elementor-element elementor-element-2188f2e2\" data-id=\"2188f2e2\" data-element_type=\"column\" data-e-type=\"column\">\n\t\t\t<div class=\"elementor-widget-wrap elementor-element-populated\">\n\t\t\t\t\t\t<div class=\"elementor-element elementor-element-4d537501 elementor-widget elementor-widget-template\" data-id=\"4d537501\" data-element_type=\"widget\" data-e-type=\"widget\" data-widget_type=\"template.default\">\n\t\t\t\t<div class=\"elementor-widget-container\">\n\t\t\t\t\t\t\t<div class=\"elementor-template\">\n\t\t\t\t\t<div data-elementor-type=\"section\" data-elementor-id=\"18927\" class=\"elementor elementor-18927 elementor-10027\" data-elementor-post-type=\"elementor_library\">\n\t\t\t\t\t<section class=\"elementor-section elementor-top-section elementor-element elementor-element-801d2e8 elementor-section-height-min-height elementor-hidden-phone elementor-section-full_width elementor-section-items-top elementor-section-height-default\" data-id=\"801d2e8\" data-element_type=\"section\" data-e-type=\"section\">\n\t\t\t\t\t\t<div class=\"elementor-container elementor-column-gap-default\">\n\t\t\t\t\t<div class=\"elementor-column elementor-col-33 elementor-top-column elementor-element elementor-element-46078a2 elementor-hidden-tablet elementor-invisible\" data-id=\"46078a2\" data-element_type=\"column\" data-e-type=\"column\" data-settings=\"{&quot;background_background&quot;:&quot;classic&quot;,&quot;animation&quot;:&quot;slideInUp&quot;,&quot;animation_delay&quot;:1500}\">\n\t\t\t<div class=\"elementor-widget-wrap elementor-element-populated\">\n\t\t\t\t\t\t<div class=\"elementor-element elementor-element-951f72a elementor-widget elementor-widget-text-editor\" data-id=\"951f72a\" data-element_type=\"widget\" data-e-type=\"widget\" data-widget_type=\"text-editor.default\">\n\t\t\t\t<div class=\"elementor-widget-container\">\n\t\t\t\t\t\t\t\t\t<p><b>LAISSONS  <\/b><\/p>\n<p><b>CR\u00c9ER  <\/b><\/p>\n<p><b>VOTRE FORME<\/b><\/p>\n\t\t\t\t\t\t\t\t<\/div>\n\t\t\t\t<\/div>\n\t\t\t\t\t<\/div>\n\t\t<\/div>\n\t\t\t\t<div class=\"elementor-column elementor-col-33 elementor-top-column elementor-element elementor-element-52b21d0 animated-fast elementor-invisible\" data-id=\"52b21d0\" data-element_type=\"column\" data-e-type=\"column\" data-settings=\"{&quot;background_background&quot;:&quot;classic&quot;,&quot;animation&quot;:&quot;slideInUp&quot;,&quot;animation_delay&quot;:1800}\">\n\t\t\t<div class=\"elementor-widget-wrap elementor-element-populated\">\n\t\t\t\t\t\t<div class=\"elementor-element elementor-element-51f3af2 elementor-widget elementor-widget-toggle\" data-id=\"51f3af2\" data-element_type=\"widget\" data-e-type=\"widget\" data-widget_type=\"toggle.default\">\n\t\t\t\t<div class=\"elementor-widget-container\">\n\t\t\t\t\t\t\t<div class=\"elementor-toggle\">\n\t\t\t\t\t\t\t<div class=\"elementor-toggle-item\">\n\t\t\t\t\t<div id=\"elementor-tab-title-8591\" class=\"elementor-tab-title\" data-tab=\"1\" role=\"button\" aria-controls=\"elementor-tab-content-8591\" aria-expanded=\"false\">\n\t\t\t\t\t\t\t\t\t\t\t\t<span class=\"elementor-toggle-icon elementor-toggle-icon-right\" aria-hidden=\"true\">\n\t\t\t\t\t\t\t\t\t\t\t\t\t\t\t<span class=\"elementor-toggle-icon-closed\"><svg class=\"e-font-icon-svg e-fas-caret-down\" viewBox=\"0 0 320 512\" xmlns=\"http:\/\/www.w3.org\/2000\/svg\"><path d=\"M31.3 192h257.3c17.8 0 26.7 21.5 14.1 34.1L174.1 354.8c-7.8 7.8-20.5 7.8-28.3 0L17.2 226.1C4.6 213.5 13.5 192 31.3 192z\"><\/path><\/svg><\/span>\n\t\t\t\t\t\t\t\t<span class=\"elementor-toggle-icon-opened\"><svg class=\"elementor-toggle-icon-opened e-font-icon-svg e-fas-caret-up\" viewBox=\"0 0 320 512\" xmlns=\"http:\/\/www.w3.org\/2000\/svg\"><path d=\"M288.662 352H31.338c-17.818 0-26.741-21.543-14.142-34.142l128.662-128.662c7.81-7.81 20.474-7.81 28.284 0l128.662 128.662c12.6 12.599 3.676 34.142-14.142 34.142z\"><\/path><\/svg><\/span>\n\t\t\t\t\t\t\t\t\t\t\t\t\t<\/span>\n\t\t\t\t\t\t\t\t\t\t\t\t<a class=\"elementor-toggle-title\" tabindex=\"0\">Pour votre secteur<\/a>\n\t\t\t\t\t<\/div>\n\n\t\t\t\t\t<div id=\"elementor-tab-content-8591\" class=\"elementor-tab-content elementor-clearfix\" data-tab=\"1\" role=\"region\" aria-labelledby=\"elementor-tab-title-8591\"><p style=\"line-height: 30px; color: #7a7a7a; margin-bottom: 10px;\"><strong>Que peut apporter l&#8217;emballage BosPal\u2122 \u00e0 votre secteur ?<\/strong><\/p>\n<p><a href=\"https:\/\/bospal.com\/fr\/emballages-pour-lindustrie-automobile\/\">Pour le secteur automobile<\/a><\/p>\n<p><a href=\"https:\/\/bospal.com\/fr\/emballages-pour-le-secteur-des-energies-renouvelables\/\">Pour le secteur des \u00e9nergies renouvelables<\/a><\/p>\n<p><a href=\"https:\/\/bospal.com\/fr\/emballage-pour-lindustrie-brassicole\/\">Pour le secteur brassicole<\/a><\/p>\n<p><a href=\"https:\/\/bospal.com\/fr\/emballage-des-outils\/\">Pour le secteur de l&rsquo;outillage<\/a><\/p>\n<p><a href=\"https:\/\/bospal.com\/fr\/emballage-pour-le-secteur-de-lelectronique-grand-public-appareils-electromenagers\/\">Pour le secteur de l&rsquo;\u00e9lectronique grand public et des appareils \u00e9lectrom\u00e9nagers<\/a><\/p>\n<\/div>\n\t\t\t\t<\/div>\n\t\t\t\t\t\t\t\t<\/div>\n\t\t\t\t\t\t<\/div>\n\t\t\t\t<\/div>\n\t\t\t\t\t<\/div>\n\t\t<\/div>\n\t\t\t\t<div class=\"elementor-column elementor-col-33 elementor-top-column elementor-element elementor-element-e7614fc animated-fast elementor-invisible\" data-id=\"e7614fc\" data-element_type=\"column\" data-e-type=\"column\" data-settings=\"{&quot;background_background&quot;:&quot;classic&quot;,&quot;animation&quot;:&quot;slideInUp&quot;,&quot;animation_delay&quot;:1800}\">\n\t\t\t<div class=\"elementor-widget-wrap elementor-element-populated\">\n\t\t\t\t\t\t<div class=\"elementor-element elementor-element-836c686 elementor-widget elementor-widget-toggle\" data-id=\"836c686\" data-element_type=\"widget\" data-e-type=\"widget\" data-widget_type=\"toggle.default\">\n\t\t\t\t<div class=\"elementor-widget-container\">\n\t\t\t\t\t\t\t<div class=\"elementor-toggle\">\n\t\t\t\t\t\t\t<div class=\"elementor-toggle-item\">\n\t\t\t\t\t<div id=\"elementor-tab-title-1371\" class=\"elementor-tab-title\" data-tab=\"1\" role=\"button\" aria-controls=\"elementor-tab-content-1371\" aria-expanded=\"false\">\n\t\t\t\t\t\t\t\t\t\t\t\t<span class=\"elementor-toggle-icon elementor-toggle-icon-right\" aria-hidden=\"true\">\n\t\t\t\t\t\t\t\t\t\t\t\t\t\t\t<span class=\"elementor-toggle-icon-closed\"><svg class=\"e-font-icon-svg e-fas-caret-down\" viewBox=\"0 0 320 512\" xmlns=\"http:\/\/www.w3.org\/2000\/svg\"><path d=\"M31.3 192h257.3c17.8 0 26.7 21.5 14.1 34.1L174.1 354.8c-7.8 7.8-20.5 7.8-28.3 0L17.2 226.1C4.6 213.5 13.5 192 31.3 192z\"><\/path><\/svg><\/span>\n\t\t\t\t\t\t\t\t<span class=\"elementor-toggle-icon-opened\"><svg class=\"elementor-toggle-icon-opened e-font-icon-svg e-fas-caret-up\" viewBox=\"0 0 320 512\" xmlns=\"http:\/\/www.w3.org\/2000\/svg\"><path d=\"M288.662 352H31.338c-17.818 0-26.741-21.543-14.142-34.142l128.662-128.662c7.81-7.81 20.474-7.81 28.284 0l128.662 128.662c12.6 12.599 3.676 34.142-14.142 34.142z\"><\/path><\/svg><\/span>\n\t\t\t\t\t\t\t\t\t\t\t\t\t<\/span>\n\t\t\t\t\t\t\t\t\t\t\t\t<a class=\"elementor-toggle-title\" tabindex=\"0\">Pour votre entreprise<\/a>\n\t\t\t\t\t<\/div>\n\n\t\t\t\t\t<div id=\"elementor-tab-content-1371\" class=\"elementor-tab-content elementor-clearfix\" data-tab=\"1\" role=\"region\" aria-labelledby=\"elementor-tab-title-1371\"><p style=\"line-height: 30px; color: #7a7a7a; margin-bottom: 10px;\"><strong>Que peut apporter BosPal\u2122 \u00e0 votre entreprise ?<\/strong><\/p>\n<p><a href=\"https:\/\/bospal.com\/fr\/meilleure-utilisation-de-lespace-de-stockage\/\">Meilleure utilisation de l&rsquo;espace<\/a><\/p>\n<p><a href=\"https:\/\/bospal.com\/fr\/presentoirs-de-magasin\/\">Pr\u00e9sentations originales des produits<\/a><\/p>\n<p><a href=\"https:\/\/bospal.com\/fr\/emballage-de-protection-pour-lexportation\/\">Protection accrue dans les transports<\/a><\/p>\n<p><a href=\"https:\/\/bospal.com\/fr\/procedures-dexportation-simplifiees\/\">Proc\u00e9dures d&rsquo;exportation simplifi\u00e9es<\/a><\/p>\n<\/div>\n\t\t\t\t<\/div>\n\t\t\t\t\t\t\t\t<\/div>\n\t\t\t\t\t\t<\/div>\n\t\t\t\t<\/div>\n\t\t\t\t\t<\/div>\n\t\t<\/div>\n\t\t\t\t\t<\/div>\n\t\t<\/section>\n\t\t\t\t<\/div>\n\t\t\t\t<\/div>\n\t\t\t\t\t\t<\/div>\n\t\t\t\t<\/div>\n\t\t\t\t\t<\/div>\n\t\t<\/div>\n\t\t\t\t\t<\/div>\n\t\t<\/section>\n\t\t\t\t<section class=\"elementor-section elementor-top-section elementor-element elementor-element-5e33f9d elementor-reverse-mobile elementor-section-boxed elementor-section-height-default elementor-section-height-default\" data-id=\"5e33f9d\" data-element_type=\"section\" data-e-type=\"section\">\n\t\t\t\t\t\t<div class=\"elementor-container elementor-column-gap-default\">\n\t\t\t\t\t<div class=\"elementor-column elementor-col-66 elementor-top-column elementor-element elementor-element-452e775 elementor-hidden-phone\" data-id=\"452e775\" data-element_type=\"column\" data-e-type=\"column\" data-settings=\"{&quot;background_background&quot;:&quot;classic&quot;}\">\n\t\t\t<div class=\"elementor-widget-wrap elementor-element-populated\">\n\t\t\t\t\t\t<div class=\"elementor-element elementor-element-48f4877 elementor-widget elementor-widget-heading\" data-id=\"48f4877\" data-element_type=\"widget\" data-e-type=\"widget\" data-widget_type=\"heading.default\">\n\t\t\t\t<div class=\"elementor-widget-container\">\n\t\t\t\t\t<h1 class=\"elementor-heading-title elementor-size-default\">LA FABRICATION D'EMBALLAGES EN BOIS PRESS\u00c9<\/h1>\t\t\t\t<\/div>\n\t\t\t\t<\/div>\n\t\t\t\t\t<\/div>\n\t\t<\/div>\n\t\t\t\t<div class=\"elementor-column elementor-col-33 elementor-top-column elementor-element elementor-element-f0d9301 elementor-hidden-tablet elementor-hidden-mobile\" data-id=\"f0d9301\" data-element_type=\"column\" data-e-type=\"column\" data-settings=\"{&quot;background_background&quot;:&quot;classic&quot;}\">\n\t\t\t<div class=\"elementor-widget-wrap elementor-element-populated\">\n\t\t\t\t\t\t<div class=\"elementor-element elementor-element-04b5f15 elementor-hidden-tablet elementor-hidden-mobile elementor-view-default elementor-widget elementor-widget-icon\" data-id=\"04b5f15\" data-element_type=\"widget\" data-e-type=\"widget\" data-widget_type=\"icon.default\">\n\t\t\t\t<div class=\"elementor-widget-container\">\n\t\t\t\t\t\t\t<div class=\"elementor-icon-wrapper\">\n\t\t\t<div class=\"elementor-icon\">\n\t\t\t<svg xmlns=\"http:\/\/www.w3.org\/2000\/svg\" xml:space=\"preserve\" style=\"enable-background:new 0 0 496.592 496.592\" viewBox=\"0 0 496.592 496.592\"><path d=\"M400.296 328v-51.696l-21.816 8.488-.064-.144-.52-.944c-8.36-13.016-21.88-22.072-37.104-24.832l-52.496-9.552v-4.144c19.632-11.4 34.008-30.848 38.488-53.84 14.544-3.008 25.512-15.912 25.512-31.336V80.984a50.169 50.169 0 0 0-35.84-48.136l-4-4C293.848 10.24 269.112 0 242.8 0c-54.312 0-98.504 44.184-98.504 98.504V160c0 15.424 10.968 28.328 25.512 31.336 4.488 22.992 18.856 42.448 38.488 53.84v4.144l-52.488 9.544c-15.208 2.76-28.72 11.8-37.088 24.808l-.48 1.168-21.944-8.536V328c-13.232 0-24 10.768-24 24v32c0 13.232 10.768 24 24 24v29.472l152 59.12 152-59.12V408c13.232 0 24-10.768 24-24v-32c0-13.232-10.768-24-24-24zm-97.008-59.688 34.64 6.296c10.2 1.856 19.232 7.744 25.256 16.128l-77.4 30.096 17.504-52.52zm-78.312-15.8c7.384 2.256 15.208 3.488 23.32 3.488s15.936-1.232 23.32-3.488L248.296 270l-23.32-17.488zm11.144 28.352-16.328 16.32-10.592-31.768 5.096-.92 21.824 16.368zm46.176-16.36 5.096.92-10.592 31.768-16.328-16.32 21.824-16.368zm46-90.728v-27.552c4.76 2.776 8 7.88 8 13.776s-3.24 11-8 13.776zm-160 0c-4.76-2.776-8-7.88-8-13.776s3.24-11 8-13.776v27.552zm0-53.776v9.136a31.73 31.73 0 0 0-8 3.312V98.504C160.296 53.016 197.304 16 242.8 16c22.032 0 42.76 8.584 58.344 24.168l7.056 7.064 2.152.528a34.19 34.19 0 0 1 25.944 33.224v51.464a31.44 31.44 0 0 0-8-3.312V120h-25.368c-21.68 0-42.4-10.352-55.4-27.688l-6.36-8.496-15.896 15.904C212.184 112.8 194.792 120 176.296 120h-8zm16 56v-40.368c19.752-1.832 38.08-10.4 52.288-24.6l3.112-3.112c16.04 17.704 39.144 28.08 63.232 28.08h9.368v40c0 35.288-28.712 64-64 64s-64-28.712-64-64zm-25.632 98.608 34.64-6.296 17.504 52.52-77.416-30.104c6.024-8.392 15.072-14.264 25.272-16.12zM88.296 384v-32c0-4.416 3.592-8 8-8 13.232 0 24 10.768 24 24s-10.768 24-24 24c-4.408 0-8-3.584-8-8zm152 92.304-128-49.768v-21.928c14.104-6.192 24-20.248 24-36.608 0-16.36-9.896-30.416-24-36.608v-31.696l128 49.776v126.832zm-23.752-153.232 31.752-31.76 31.752 31.752-31.752 12.352-31.752-12.344zm167.752 103.456-128 49.768V349.472l128-49.776v31.696c-14.104 6.192-24 20.248-24 36.608 0 16.36 9.896 30.416 24 36.608v21.92zm24-42.528c0 4.416-3.592 8-8 8-13.232 0-24-10.768-24-24s10.768-24 24-24c4.408 0 8 3.584 8 8v32z\"><\/path><\/svg>\t\t\t<\/div>\n\t\t<\/div>\n\t\t\t\t\t\t<\/div>\n\t\t\t\t<\/div>\n\t\t\t\t\t<\/div>\n\t\t<\/div>\n\t\t\t\t\t<\/div>\n\t\t<\/section>\n\t\t\t\t<section class=\"elementor-section elementor-top-section elementor-element elementor-element-ec93be3 elementor-section-boxed elementor-section-height-default elementor-section-height-default\" data-id=\"ec93be3\" data-element_type=\"section\" data-e-type=\"section\">\n\t\t\t\t\t\t<div class=\"elementor-container elementor-column-gap-default\">\n\t\t\t\t\t<div class=\"elementor-column elementor-col-100 elementor-top-column elementor-element elementor-element-3f0505b\" data-id=\"3f0505b\" data-element_type=\"column\" data-e-type=\"column\">\n\t\t\t<div class=\"elementor-widget-wrap elementor-element-populated\">\n\t\t\t\t\t\t<div class=\"elementor-element elementor-element-a223d47 elementor-widget elementor-widget-text-editor\" data-id=\"a223d47\" data-element_type=\"widget\" data-e-type=\"widget\" data-widget_type=\"text-editor.default\">\n\t\t\t\t<div class=\"elementor-widget-container\">\n\t\t\t\t\t\t\t\t\t<h2>COMMENT SONT PRODUITS LES EMBALLAGES EN BOIS PRESS\u00c9 DE BOSPAL ?<\/h2>\n\t\t\t\t\t\t\t\t<\/div>\n\t\t\t\t<\/div>\n\t\t\t\t\t<\/div>\n\t\t<\/div>\n\t\t\t\t\t<\/div>\n\t\t<\/section>\n\t\t\t\t<section class=\"elementor-section elementor-top-section elementor-element elementor-element-24499fa elementor-section-boxed elementor-section-height-default elementor-section-height-default\" data-id=\"24499fa\" data-element_type=\"section\" data-e-type=\"section\">\n\t\t\t\t\t\t<div class=\"elementor-container elementor-column-gap-default\">\n\t\t\t\t\t<div class=\"elementor-column elementor-col-33 elementor-top-column elementor-element elementor-element-c61fe87\" data-id=\"c61fe87\" data-element_type=\"column\" data-e-type=\"column\">\n\t\t\t<div class=\"elementor-widget-wrap elementor-element-populated\">\n\t\t\t\t\t\t<div class=\"elementor-element elementor-element-543d028 elementor-widget elementor-widget-image\" data-id=\"543d028\" data-element_type=\"widget\" data-e-type=\"widget\" data-widget_type=\"image.default\">\n\t\t\t\t<div class=\"elementor-widget-container\">\n\t\t\t\t\t\t\t\t\t\t\t\t\t\t\t<img fetchpriority=\"high\" decoding=\"async\" width=\"768\" height=\"576\" src=\"https:\/\/bospal.com\/wp-content\/uploads\/2024\/05\/zrebka-tartaczna.jpg\" class=\"attachment-medium_large size-medium_large wp-image-18810\" alt=\"\" \/>\t\t\t\t\t\t\t\t\t\t\t\t\t\t\t<\/div>\n\t\t\t\t<\/div>\n\t\t\t\t<div class=\"elementor-element elementor-element-89d3385 elementor-widget elementor-widget-text-editor\" data-id=\"89d3385\" data-element_type=\"widget\" data-e-type=\"widget\" data-widget_type=\"text-editor.default\">\n\t\t\t\t<div class=\"elementor-widget-container\">\n\t\t\t\t\t\t\t\t\t<h4>Ce qui n&rsquo;est pas utilis\u00e9 \u00e0 la scierie est achemin\u00e9 vers notre usine.<\/h4>\n\t\t\t\t\t\t\t\t<\/div>\n\t\t\t\t<\/div>\n\t\t\t\t<div class=\"elementor-element elementor-element-83bf07c elementor-widget elementor-widget-text-editor\" data-id=\"83bf07c\" data-element_type=\"widget\" data-e-type=\"widget\" data-widget_type=\"text-editor.default\">\n\t\t\t\t<div class=\"elementor-widget-container\">\n\t\t\t\t\t\t\t\t\t<p>Dans le cas d&rsquo;autres palettes, la production n\u00e9cessite une mati\u00e8re premi\u00e8re de qualit\u00e9 sup\u00e9rieure, provenant de l&rsquo;abattage des arbres.<br \/>\nNos produits sont fabriqu\u00e9s en g\u00e9rant les d\u00e9chets des scieries et en les recyclant. <\/p><\/p>\n\t\t\t\t\t\t\t\t<\/div>\n\t\t\t\t<\/div>\n\t\t\t\t\t<\/div>\n\t\t<\/div>\n\t\t\t\t<div class=\"elementor-column elementor-col-33 elementor-top-column elementor-element elementor-element-c4509eb\" data-id=\"c4509eb\" data-element_type=\"column\" data-e-type=\"column\">\n\t\t\t<div class=\"elementor-widget-wrap elementor-element-populated\">\n\t\t\t\t\t\t<div class=\"elementor-element elementor-element-209c828 elementor-widget elementor-widget-image\" data-id=\"209c828\" data-element_type=\"widget\" data-e-type=\"widget\" data-widget_type=\"image.default\">\n\t\t\t\t<div class=\"elementor-widget-container\">\n\t\t\t\t\t\t\t\t\t\t\t\t\t\t\t<img decoding=\"async\" width=\"429\" height=\"360\" src=\"https:\/\/bospal.com\/wp-content\/uploads\/2019\/11\/presswood_pallet_produciton.jpg\" class=\"attachment-medium_large size-medium_large wp-image-18809\" alt=\"\" srcset=\"https:\/\/bospal.com\/wp-content\/uploads\/2019\/11\/presswood_pallet_produciton.jpg 429w, https:\/\/bospal.com\/wp-content\/uploads\/2019\/11\/presswood_pallet_produciton-300x252.jpg 300w\" sizes=\"(max-width: 429px) 100vw, 429px\" \/>\t\t\t\t\t\t\t\t\t\t\t\t\t\t\t<\/div>\n\t\t\t\t<\/div>\n\t\t\t\t<div class=\"elementor-element elementor-element-d31be67 elementor-widget elementor-widget-text-editor\" data-id=\"d31be67\" data-element_type=\"widget\" data-e-type=\"widget\" data-widget_type=\"text-editor.default\">\n\t\t\t\t<div class=\"elementor-widget-container\">\n\t\t\t\t\t\t\t\t\t<h4>Pressage \u00e0 haute temp\u00e9rature et \u00e0 haute pression<\/h4>\n\t\t\t\t\t\t\t\t<\/div>\n\t\t\t\t<\/div>\n\t\t\t\t<div class=\"elementor-element elementor-element-30e3987 elementor-widget elementor-widget-text-editor\" data-id=\"30e3987\" data-element_type=\"widget\" data-e-type=\"widget\" data-widget_type=\"text-editor.default\">\n\t\t\t\t<div class=\"elementor-widget-container\">\n\t\t\t\t\t\t\t\t\t<p>Le bois brut est m\u00e9lang\u00e9 \u00e0 de la r\u00e9sine.<br \/>\nLe m\u00e9lange ainsi obtenu est introduit dans des presses hydrauliques fonctionnant sous haute pression.<br \/>\nLa force de pression des presses sp\u00e9cialement con\u00e7ues, dirig\u00e9e vers les moules, combin\u00e9e aux temp\u00e9ratures \u00e9lev\u00e9es, soude le m\u00e9lange pour cr\u00e9er un composant l\u00e9ger et solide.  <\/p>\n\t\t\t\t\t\t\t\t<\/div>\n\t\t\t\t<\/div>\n\t\t\t\t\t<\/div>\n\t\t<\/div>\n\t\t\t\t<div class=\"elementor-column elementor-col-33 elementor-top-column elementor-element elementor-element-37c12a6\" data-id=\"37c12a6\" data-element_type=\"column\" data-e-type=\"column\">\n\t\t\t<div class=\"elementor-widget-wrap elementor-element-populated\">\n\t\t\t\t\t\t<div class=\"elementor-element elementor-element-bc5760f elementor-widget elementor-widget-image\" data-id=\"bc5760f\" data-element_type=\"widget\" data-e-type=\"widget\" data-widget_type=\"image.default\">\n\t\t\t\t<div class=\"elementor-widget-container\">\n\t\t\t\t\t\t\t\t\t\t\t\t\t\t\t<img decoding=\"async\" width=\"768\" height=\"509\" src=\"https:\/\/bospal.com\/wp-content\/uploads\/2019\/11\/DSC_0828-1-768x509.jpg\" class=\"attachment-medium_large size-medium_large wp-image-18839\" alt=\"\" srcset=\"https:\/\/bospal.com\/wp-content\/uploads\/2019\/11\/DSC_0828-1-768x509.jpg 768w, https:\/\/bospal.com\/wp-content\/uploads\/2019\/11\/DSC_0828-1-600x397.jpg 600w, https:\/\/bospal.com\/wp-content\/uploads\/2019\/11\/DSC_0828-1-300x199.jpg 300w, https:\/\/bospal.com\/wp-content\/uploads\/2019\/11\/DSC_0828-1-1024x678.jpg 1024w\" sizes=\"(max-width: 768px) 100vw, 768px\" \/>\t\t\t\t\t\t\t\t\t\t\t\t\t\t\t<\/div>\n\t\t\t\t<\/div>\n\t\t\t\t<div class=\"elementor-element elementor-element-0c7df73 elementor-widget elementor-widget-text-editor\" data-id=\"0c7df73\" data-element_type=\"widget\" data-e-type=\"widget\" data-widget_type=\"text-editor.default\">\n\t\t\t\t<div class=\"elementor-widget-container\">\n\t\t\t\t\t\t\t\t\t<h4>Produit fini<\/h4>\n\t\t\t\t\t\t\t\t<\/div>\n\t\t\t\t<\/div>\n\t\t\t\t<div class=\"elementor-element elementor-element-97f011e elementor-widget elementor-widget-text-editor\" data-id=\"97f011e\" data-element_type=\"widget\" data-e-type=\"widget\" data-widget_type=\"text-editor.default\">\n\t\t\t\t<div class=\"elementor-widget-container\">\n\t\t\t\t\t\t\t\t\t<p>C&rsquo;est ainsi que l&rsquo;on obtient notre produit &#8211; des palettes et des caisses en bois press\u00e9 durables et respectueuses de l&rsquo;environnement.<br \/>\nGr\u00e2ce \u00e0 ce processus de production, nos produits sont r\u00e9sistants aux pesticides, ce qui signifie qu&rsquo;ils sont conformes \u00e0 la norme NIMP-15 et qu&rsquo;ils ne doivent pas \u00eatre soumis \u00e0 des inspections ou \u00e0 des traitements phytosanitaires. <\/p>\n\t\t\t\t\t\t\t\t<\/div>\n\t\t\t\t<\/div>\n\t\t\t\t\t<\/div>\n\t\t<\/div>\n\t\t\t\t\t<\/div>\n\t\t<\/section>\n\t\t\t\t<\/div>\n\t\t","protected":false},"excerpt":{"rendered":"<p>LA FABRICATION D&rsquo;EMBALLAGES EN BOIS PRESS\u00c9 COMMENT SONT PRODUITS LES EMBALLAGES EN BOIS PRESS\u00c9 DE BOSPAL ? Ce qui n&rsquo;est pas utilis\u00e9 \u00e0 la scierie est achemin\u00e9 vers notre usine. Dans le cas d&rsquo;autres palettes, la production n\u00e9cessite une mati\u00e8re premi\u00e8re de qualit\u00e9 sup\u00e9rieure, provenant de l&rsquo;abattage des arbres. Nos produits sont fabriqu\u00e9s en g\u00e9rant [&hellip;]<\/p>\n","protected":false},"author":5,"featured_media":0,"parent":0,"menu_order":0,"comment_status":"closed","ping_status":"closed","template":"","meta":{"ocean_post_layout":"full-screen","ocean_both_sidebars_style":"","ocean_both_sidebars_content_width":0,"ocean_both_sidebars_sidebars_width":0,"ocean_sidebar":"0","ocean_second_sidebar":"0","ocean_disable_margins":"enable","ocean_add_body_class":"","ocean_shortcode_before_top_bar":"","ocean_shortcode_after_top_bar":"","ocean_shortcode_before_header":"","ocean_shortcode_after_header":"","ocean_has_shortcode":"","ocean_shortcode_after_title":"","ocean_shortcode_before_footer_widgets":"","ocean_shortcode_after_footer_widgets":"","ocean_shortcode_before_footer_bottom":"","ocean_shortcode_after_footer_bottom":"","ocean_display_top_bar":"off","ocean_display_header":"default","ocean_header_style":"","ocean_center_header_left_menu":"0","ocean_custom_header_template":"0","ocean_custom_logo":0,"ocean_custom_retina_logo":0,"ocean_custom_logo_max_width":0,"ocean_custom_logo_tablet_max_width":0,"ocean_custom_logo_mobile_max_width":0,"ocean_custom_logo_max_height":0,"ocean_custom_logo_tablet_max_height":0,"ocean_custom_logo_mobile_max_height":0,"ocean_header_custom_menu":"7","ocean_menu_typo_font_family":"0","ocean_menu_typo_font_subset":"","ocean_menu_typo_font_size":0,"ocean_menu_typo_font_size_tablet":0,"ocean_menu_typo_font_size_mobile":0,"ocean_menu_typo_font_size_unit":"px","ocean_menu_typo_font_weight":"","ocean_menu_typo_font_weight_tablet":"","ocean_menu_typo_font_weight_mobile":"","ocean_menu_typo_transform":"","ocean_menu_typo_transform_tablet":"","ocean_menu_typo_transform_mobile":"","ocean_menu_typo_line_height":0,"ocean_menu_typo_line_height_tablet":0,"ocean_menu_typo_line_height_mobile":0,"ocean_menu_typo_line_height_unit":"","ocean_menu_typo_spacing":0,"ocean_menu_typo_spacing_tablet":0,"ocean_menu_typo_spacing_mobile":0,"ocean_menu_typo_spacing_unit":"","ocean_menu_link_color":"","ocean_menu_link_color_hover":"","ocean_menu_link_color_active":"","ocean_menu_link_background":"","ocean_menu_link_hover_background":"","ocean_menu_link_active_background":"","ocean_menu_social_links_bg":"","ocean_menu_social_hover_links_bg":"","ocean_menu_social_links_color":"","ocean_menu_social_hover_links_color":"","ocean_disable_title":"on","ocean_disable_heading":"default","ocean_post_title":"","ocean_post_subheading":"","ocean_post_title_style":"","ocean_post_title_background_color":"","ocean_post_title_background":0,"ocean_post_title_bg_image_position":"","ocean_post_title_bg_image_attachment":"","ocean_post_title_bg_image_repeat":"","ocean_post_title_bg_image_size":"","ocean_post_title_height":0,"ocean_post_title_bg_overlay":0.5,"ocean_post_title_bg_overlay_color":"","ocean_disable_breadcrumbs":"default","ocean_breadcrumbs_color":"","ocean_breadcrumbs_separator_color":"","ocean_breadcrumbs_links_color":"","ocean_breadcrumbs_links_hover_color":"","ocean_display_footer_widgets":"default","ocean_display_footer_bottom":"default","ocean_custom_footer_template":"0","footnotes":""},"class_list":["post-18808","page","type-page","status-publish","hentry","entry","owp-thumbs-layout-horizontal","owp-btn-normal","owp-tabs-layout-horizontal","has-no-thumbnails","has-product-nav"],"aioseo_notices":[],"_links":{"self":[{"href":"https:\/\/bospal.com\/fr\/wp-json\/wp\/v2\/pages\/18808","targetHints":{"allow":["GET"]}}],"collection":[{"href":"https:\/\/bospal.com\/fr\/wp-json\/wp\/v2\/pages"}],"about":[{"href":"https:\/\/bospal.com\/fr\/wp-json\/wp\/v2\/types\/page"}],"author":[{"embeddable":true,"href":"https:\/\/bospal.com\/fr\/wp-json\/wp\/v2\/users\/5"}],"replies":[{"embeddable":true,"href":"https:\/\/bospal.com\/fr\/wp-json\/wp\/v2\/comments?post=18808"}],"version-history":[{"count":0,"href":"https:\/\/bospal.com\/fr\/wp-json\/wp\/v2\/pages\/18808\/revisions"}],"wp:attachment":[{"href":"https:\/\/bospal.com\/fr\/wp-json\/wp\/v2\/media?parent=18808"}],"curies":[{"name":"wp","href":"https:\/\/api.w.org\/{rel}","templated":true}]}}