{"id":18920,"date":"2019-12-04T12:58:10","date_gmt":"2019-12-04T11:58:10","guid":{"rendered":"https:\/\/bospal.com\/politique-de-confidentialite\/"},"modified":"2024-08-27T13:41:25","modified_gmt":"2024-08-27T11:41:25","slug":"politique-de-confidentialite","status":"publish","type":"page","link":"https:\/\/bospal.com\/fr\/politique-de-confidentialite\/","title":{"rendered":"Politique de confidentialit\u00e9"},"content":{"rendered":"\t\t<div data-elementor-type=\"wp-page\" data-elementor-id=\"18920\" class=\"elementor elementor-18920 elementor-4937\" data-elementor-post-type=\"page\">\n\t\t\t\t\t\t<section class=\"elementor-section elementor-top-section elementor-element elementor-element-622b1df elementor-reverse-mobile elementor-section-boxed elementor-section-height-default elementor-section-height-default\" data-id=\"622b1df\" data-element_type=\"section\" data-e-type=\"section\">\n\t\t\t\t\t\t<div class=\"elementor-container elementor-column-gap-default\">\n\t\t\t\t\t<div class=\"elementor-column elementor-col-66 elementor-top-column elementor-element elementor-element-933c3b2 elementor-hidden-phone\" data-id=\"933c3b2\" data-element_type=\"column\" data-e-type=\"column\" data-settings=\"{&quot;background_background&quot;:&quot;classic&quot;}\">\n\t\t\t<div class=\"elementor-widget-wrap elementor-element-populated\">\n\t\t\t\t\t\t<div class=\"elementor-element elementor-element-5189074 elementor-widget elementor-widget-heading\" data-id=\"5189074\" data-element_type=\"widget\" data-e-type=\"widget\" data-widget_type=\"heading.default\">\n\t\t\t\t<div class=\"elementor-widget-container\">\n\t\t\t\t\t<h1 class=\"elementor-heading-title elementor-size-default\">POLITIQUE DE CONFIDENTIALIT\u00c9<\/h1>\t\t\t\t<\/div>\n\t\t\t\t<\/div>\n\t\t\t\t\t<\/div>\n\t\t<\/div>\n\t\t\t\t<div class=\"elementor-column elementor-col-33 elementor-top-column elementor-element elementor-element-af18d6d elementor-hidden-tablet elementor-hidden-mobile\" data-id=\"af18d6d\" data-element_type=\"column\" data-e-type=\"column\" data-settings=\"{&quot;background_background&quot;:&quot;classic&quot;}\">\n\t\t\t<div class=\"elementor-widget-wrap elementor-element-populated\">\n\t\t\t\t\t\t<div class=\"elementor-element elementor-element-a52098b elementor-hidden-tablet elementor-hidden-mobile elementor-view-default elementor-widget elementor-widget-icon\" data-id=\"a52098b\" data-element_type=\"widget\" data-e-type=\"widget\" data-widget_type=\"icon.default\">\n\t\t\t\t<div class=\"elementor-widget-container\">\n\t\t\t\t\t\t\t<div class=\"elementor-icon-wrapper\">\n\t\t\t<div class=\"elementor-icon\">\n\t\t\t<svg xmlns=\"http:\/\/www.w3.org\/2000\/svg\" xml:space=\"preserve\" style=\"enable-background:new 0 0 496.592 496.592\" viewBox=\"0 0 496.592 496.592\"><path d=\"M400.296 328v-51.696l-21.816 8.488-.064-.144-.52-.944c-8.36-13.016-21.88-22.072-37.104-24.832l-52.496-9.552v-4.144c19.632-11.4 34.008-30.848 38.488-53.84 14.544-3.008 25.512-15.912 25.512-31.336V80.984a50.169 50.169 0 0 0-35.84-48.136l-4-4C293.848 10.24 269.112 0 242.8 0c-54.312 0-98.504 44.184-98.504 98.504V160c0 15.424 10.968 28.328 25.512 31.336 4.488 22.992 18.856 42.448 38.488 53.84v4.144l-52.488 9.544c-15.208 2.76-28.72 11.8-37.088 24.808l-.48 1.168-21.944-8.536V328c-13.232 0-24 10.768-24 24v32c0 13.232 10.768 24 24 24v29.472l152 59.12 152-59.12V408c13.232 0 24-10.768 24-24v-32c0-13.232-10.768-24-24-24zm-97.008-59.688 34.64 6.296c10.2 1.856 19.232 7.744 25.256 16.128l-77.4 30.096 17.504-52.52zm-78.312-15.8c7.384 2.256 15.208 3.488 23.32 3.488s15.936-1.232 23.32-3.488L248.296 270l-23.32-17.488zm11.144 28.352-16.328 16.32-10.592-31.768 5.096-.92 21.824 16.368zm46.176-16.36 5.096.92-10.592 31.768-16.328-16.32 21.824-16.368zm46-90.728v-27.552c4.76 2.776 8 7.88 8 13.776s-3.24 11-8 13.776zm-160 0c-4.76-2.776-8-7.88-8-13.776s3.24-11 8-13.776v27.552zm0-53.776v9.136a31.73 31.73 0 0 0-8 3.312V98.504C160.296 53.016 197.304 16 242.8 16c22.032 0 42.76 8.584 58.344 24.168l7.056 7.064 2.152.528a34.19 34.19 0 0 1 25.944 33.224v51.464a31.44 31.44 0 0 0-8-3.312V120h-25.368c-21.68 0-42.4-10.352-55.4-27.688l-6.36-8.496-15.896 15.904C212.184 112.8 194.792 120 176.296 120h-8zm16 56v-40.368c19.752-1.832 38.08-10.4 52.288-24.6l3.112-3.112c16.04 17.704 39.144 28.08 63.232 28.08h9.368v40c0 35.288-28.712 64-64 64s-64-28.712-64-64zm-25.632 98.608 34.64-6.296 17.504 52.52-77.416-30.104c6.024-8.392 15.072-14.264 25.272-16.12zM88.296 384v-32c0-4.416 3.592-8 8-8 13.232 0 24 10.768 24 24s-10.768 24-24 24c-4.408 0-8-3.584-8-8zm152 92.304-128-49.768v-21.928c14.104-6.192 24-20.248 24-36.608 0-16.36-9.896-30.416-24-36.608v-31.696l128 49.776v126.832zm-23.752-153.232 31.752-31.76 31.752 31.752-31.752 12.352-31.752-12.344zm167.752 103.456-128 49.768V349.472l128-49.776v31.696c-14.104 6.192-24 20.248-24 36.608 0 16.36 9.896 30.416 24 36.608v21.92zm24-42.528c0 4.416-3.592 8-8 8-13.232 0-24-10.768-24-24s10.768-24 24-24c4.408 0 8 3.584 8 8v32z\"><\/path><\/svg>\t\t\t<\/div>\n\t\t<\/div>\n\t\t\t\t\t\t<\/div>\n\t\t\t\t<\/div>\n\t\t\t\t\t<\/div>\n\t\t<\/div>\n\t\t\t\t\t<\/div>\n\t\t<\/section>\n\t\t\t\t<section class=\"elementor-section elementor-top-section elementor-element elementor-element-5e0a3c1 elementor-section-full_width elementor-section-height-default elementor-section-height-default\" data-id=\"5e0a3c1\" data-element_type=\"section\" data-e-type=\"section\">\n\t\t\t\t\t\t<div class=\"elementor-container elementor-column-gap-default\">\n\t\t\t\t\t<div class=\"elementor-column elementor-col-100 elementor-top-column elementor-element elementor-element-1809c99\" data-id=\"1809c99\" data-element_type=\"column\" data-e-type=\"column\">\n\t\t\t<div class=\"elementor-widget-wrap elementor-element-populated\">\n\t\t\t\t\t\t<div class=\"elementor-element elementor-element-3332144 elementor-widget elementor-widget-text-editor\" data-id=\"3332144\" data-element_type=\"widget\" data-e-type=\"widget\" data-widget_type=\"text-editor.default\">\n\t\t\t\t<div class=\"elementor-widget-container\">\n\t\t\t\t\t\t\t\t\t<ol>\n \t<li>La pr\u00e9sente politique de confidentialit\u00e9 d\u00e9crit la mani\u00e8re dont les donn\u00e9es personnelles obtenues par le biais du site web www.bospal.com sont prot\u00e9g\u00e9es et trait\u00e9es.<\/li>\n \t<li>Le propri\u00e9taire du site web www.bospal.com et, en m\u00eame temps, l&rsquo;administrateur des donn\u00e9es, c&rsquo;est-\u00e0-dire l&rsquo;entit\u00e9 qui d\u00e9cide comment vos donn\u00e9es personnelles seront utilis\u00e9es, est Dariusz Dudys exer\u00e7ant une activit\u00e9 commerciale sous le nom d&rsquo;Eddi Complex D.Dudys. Sp.K., Krakowska 98a, 32-650 K\u0119ty, enregistr\u00e9 dans le registre central des entreprises et des informations sur l&rsquo;activit\u00e9 commerciale de la R\u00e9publique de Pologne tenu par le ministre responsable de l&rsquo;\u00e9conomie ; NIP : 5492436294 ; REGON : 122958846.<\/li>\n \t<li>Les donn\u00e9es \u00e0 caract\u00e8re personnel collect\u00e9es par le biais du site web sont trait\u00e9es conform\u00e9ment au r\u00e8glement (UE) 2016\/679 du Parlement europ\u00e9en et du Conseil du 27 avril 2016. relatif \u00e0 la protection des personnes physiques \u00e0 l&rsquo;\u00e9gard du traitement des donn\u00e9es \u00e0 caract\u00e8re personnel et \u00e0 la libre circulation de ces donn\u00e9es et abrogeant la directive 95\/46\/CE (r\u00e8glement g\u00e9n\u00e9ral sur la protection des donn\u00e9es). la libre circulation de ces donn\u00e9es et abrogeant la directive 95\/46\/CE ( r\u00e8glement g\u00e9n\u00e9ral sur la protection des donn\u00e9es), ci-apr\u00e8s d\u00e9nomm\u00e9 \u00a0\u00bb RODO\u00a0\u00bb. <\/li>\n<\/ol> D&rsquo;o\u00f9 proviennent les donn\u00e9es? <ol>\n \t<li>Nous les avons re\u00e7us de clients qui ont rempli le formulaire de contact sur le site www.bospal.com.<\/li>\n<\/ol> Comment collectons-nous les donn\u00e9es? <ol>\n \t<li>Eddi Complex D.Dudys. Sp.K. veille tout particuli\u00e8rement \u00e0 prot\u00e9ger les int\u00e9r\u00eats des personnes concern\u00e9es et s&rsquo;assure notamment que les donn\u00e9es qu&rsquo;elle collecte sont trait\u00e9es conform\u00e9ment \u00e0 la loi, qu&rsquo;elles sont collect\u00e9es pour des finalit\u00e9s d\u00e9termin\u00e9es et l\u00e9gitimes et qu&rsquo;elles ne sont pas soumises \u00e0 un traitement ult\u00e9rieur incompatible avec ces finalit\u00e9s, qu&rsquo;elles sont substantiellement correctes et ad\u00e9quates au regard des finalit\u00e9s pour lesquelles elles sont trait\u00e9es et qu&rsquo;elles sont conserv\u00e9es sous une forme permettant l&rsquo;identification des personnes concern\u00e9es pendant une dur\u00e9e n&rsquo;exc\u00e9dant pas celle n\u00e9cessaire \u00e0 la r\u00e9alisation de la finalit\u00e9 du traitement.  <\/li>\n \t<li>Complexe Eddi D.Dudys. Sp.K. recueille des informations sur les personnes physiques exer\u00e7ant une action en justice qui n&rsquo;est pas directement li\u00e9e \u00e0 leur activit\u00e9, lespersonnes physiques exer\u00e7ant une activit\u00e9 commerciale ou professionnelle en leur nom propre , et les personnes physiques repr\u00e9sentant des personnes morales ou des entit\u00e9s organisationnelles qui ne sont pas des personnes morales, auxquelles la loi conf\u00e8re la capacit\u00e9 juridique, exer\u00e7ant des activit\u00e9s commerciales ou professionnelles en leur nom propre, ci-apr\u00e8s d\u00e9nomm\u00e9s collectivement les Clients.  <\/li>\n \t<li>Les donn\u00e9es personnelles des clients sont collect\u00e9es lors de : a) l &lsquo;utilisation du formulaire de contact.<\/li>\n \t<li>Lorsqu&rsquo;il utilise le formulaire de contact, le client fournit : a) son adresse \u00e9lectronique ; b) son nom ;  <\/li>\n \t<li>Lors de l&rsquo;utilisation du site web, des informations suppl\u00e9mentaires peuvent \u00eatre collect\u00e9es, notamment : l&rsquo;adresse IP attribu\u00e9e \u00e0 l&rsquo;ordinateur du client ou l&rsquo;adresse IP externe du fournisseur d&rsquo;acc\u00e8s \u00e0 Internet, le nom de domaine, le type de navigateur, le temps d&rsquo;acc\u00e8s, le type de syst\u00e8me d&rsquo;exploitation.<\/li>\n \t<li>Des donn\u00e9es de navigation peuvent \u00e9galement \u00eatre collect\u00e9es aupr\u00e8s des clients, y compris des informations sur les liens et r\u00e9f\u00e9rences sur lesquels ils choisissent de cliquer ou sur d&rsquo;autres actions qu&rsquo;ils effectuent sur notre site web. sur lesquels ils choisissent de cliquer ou d&rsquo; autres actions qu &lsquo;ils entreprennent sur notre site web.<\/li>\n<\/ol> Comment utilisons-nous et \u00e0 qui confions-nous les donn\u00e9es que nous collectons? <ol>\n \t<li>Lors de l&rsquo; utilisation du formulaire de contact sur le site web , les donn\u00e9es du client sont trait\u00e9es afin de r\u00e9pondre au message envoy\u00e9 &#8211; sur la base de l&rsquo; art. 6 para. 1 ( b) RODO.  <\/li>\n \t<li>Les donn\u00e9es de navigation peuvent \u00eatre utilis\u00e9es pour fournir un meilleur service aux clients, pour analyser les donn\u00e9es statistiques et pour adapter le site web aux pr\u00e9f\u00e9rences des clients, ainsi que pour g\u00e9rer la boutique en ligne.<\/li>\n \t<li>Les donn\u00e9es personnelles fournies par le client seront trait\u00e9es dans le but de se d\u00e9fendre contre les r\u00e9clamations et de les faire valoir &#8211; sur la base de l&rsquo; art. 6 para. 1 ( f) RODO &#8211; l&rsquo; int\u00e9r\u00eat l\u00e9gitime d&rsquo; Eddi Complex D.Dudys. Sp.K., pour une dur\u00e9e maximale de 10 ans apr\u00e8s la fin du contrat.<\/li>\n \t<li>Les donn\u00e9es personnelles de nos clients ne sont actuellement pas trait\u00e9es en dehors de l&rsquo; Union europ\u00e9enne.<\/li>\n \t<li>Dans le cadre des finalit\u00e9s mentionn\u00e9es ci-dessus, les destinataires des donn\u00e9es \u00e0 caract\u00e8re personnel peuvent \u00eatre des entit\u00e9s agissant en tant qu&rsquo;interm\u00e9diaires dans l&rsquo;ex\u00e9cution des obligations contractuelles du responsable du traitement, par exemple des fournisseurs de services informatiques, des comptables, des cabinets d&rsquo;avocats, des fournisseurs de paiement en ligne, des soci\u00e9t\u00e9s de courrier.<\/li>\n<\/ol> Combien de temps conservons-nous vos donn\u00e9es ? Nous traitons et conservons vos donn\u00e9es en principe pendant la dur\u00e9e de notre relation contractuelle et jusqu&rsquo;\u00e0 ce que les objectifs du traitement soient atteints. Dans la mesure o\u00f9 cela est prescrit par la loi, certaines donn\u00e9es personnelles sont \u00e9galement conserv\u00e9es pour des p\u00e9riodes plus longues.   Quels sont les droits des clients sur leurs donn\u00e9es personnelles? <ol>\n \t<li>Droit de retirer son consentement &#8211; base juridique Art. 7 para. 3 RODO  <\/li>\n \t<li>Droit d&rsquo; opposition au traitement des donn\u00e9es &#8211; base juridique Article 21 RODO <\/li>\n \t<li>Droit de suppression des donn\u00e9es (\u00ab\u00a0droit \u00e0 l&rsquo;oubli\u00a0\u00bb) &#8211; base juridique Article 17 RODO Les clients ont le droit de supprimer toutes les donn\u00e9es trait\u00e9es par Eddi Complex D.Dudys. Sp.K., sauf dans les cas suivants : a) une commande a \u00e9t\u00e9 lanc\u00e9e et n&rsquo;a pas encore \u00e9t\u00e9 exp\u00e9di\u00e9e, b) les clients ont une dette impay\u00e9e envers Eddi Complex D.Dudys. Sp.K., quel que soit le mode de paiement, c) le client a effectu\u00e9 un achat, nous conserverons les donn\u00e9es personnelles concernant la transaction \u00e0 des fins comptables.<\/li>\n \t<li>Droit de restreindre le traitement des donn\u00e9es &#8211; base juridique Article 18 RODO <\/li>\n \t<li>Droit d&rsquo; acc\u00e8s aux donn\u00e9es &#8211; base juridique art. 15 RODO Vous avez le droit de demander \u00e0 tout moment des informations sur les donn\u00e9es personnelles vous concernant que nous d\u00e9tenons. <\/li>\n \t<li>Droit de rectification des donn\u00e9es &#8211; base l\u00e9gale art. 16 RODO Le client a le droit de demander la rectification de ses donn\u00e9es personnelles, si elles sont incorrectes, et de compl\u00e9ter les donn\u00e9es incompl\u00e8tes. <\/li>\n \t<li>Droit \u00e0 la portabilit\u00e9 des donn\u00e9es &#8211; base l\u00e9gale Article 20 RODO Le client peut \u00e0 tout moment modifier, consulter ou supprimer ses donn\u00e9es personnelles dans la zone de son compte, apr\u00e8s avoir introduit un login et un mot de passe. En cas d&rsquo;oubli de son mot de passe, le Client dispose d&rsquo;un lien \u00ab\u00a0rappel de mot de passe\u00a0\u00bb sur la page de connexion, qui le redirige vers un formulaire, dont le remplissage avec l&rsquo;adresse \u00e9lectronique fournie lors de l&rsquo;inscription permettra d&rsquo;envoyer un mot de passe de remplacement.  <\/li>\n \t<li>Le client a le droit de d\u00e9poser une plainte aupr\u00e8s du pr\u00e9sident de l &lsquo; autorit\u00e9 de protection des donn\u00e9es, concernant une violation de son droit \u00e0 la protection des donn\u00e9es ou d&rsquo; autres droits accord\u00e9s en vertu du RODO.<\/li>\n<\/ol> Comment s\u00e9curisons-nous nos services? <ol>\n \t<li>Nos normes techniques &#8211; Le transfert de donn\u00e9es s&rsquo; effectue \u00e0 l&rsquo;aide du protocole de transmission Secure Socket Layer (SSL).<\/li>\n \t<li>Le site web peut contenir des liens vers d&rsquo;autres sites web. L&rsquo;Administrateur vous recommande vivement, lorsque vous vous rendez sur d&rsquo;autres sites, de lire la politique de protection de la vie priv\u00e9e qui y est \u00e9tablie. Cette politique de confidentialit\u00e9 ne s&rsquo;applique qu&rsquo;\u00e0 ce site web.  <\/li>\n \t<li>Le responsable du traitement applique des mesures techniques et organisationnelles pour assurer la protection des donn\u00e9es \u00e0 caract\u00e8re personnel trait\u00e9es, en fonction des risques et des cat\u00e9gories de donn\u00e9es prot\u00e9g\u00e9es, et notamment pour prot\u00e9ger les donn\u00e9es contre l&rsquo;acc\u00e8s par des personnes non autoris\u00e9es, contre la prise de connaissance par une personne non autoris\u00e9e, contre le traitement en violation de la r\u00e9glementation applicable, et contre l&rsquo;alt\u00e9ration, la perte, l&rsquo;endommagement ou la destruction des donn\u00e9es.<\/li>\n<\/ol> Comment pouvez-vous d\u00e9poser une plainte en cas de violation de la s\u00e9curit\u00e9 des donn\u00e9es ou de la l\u00e9gislation sur la protection des donn\u00e9es ? Si vous souhaitez exercer votre droit d&rsquo;opposition, veuillez contacter : adresse e-mail : info@bospal.com adresse postale : Eddi Complex D.Dudys. Sp.K. Krakowska 98a, 32-650 K\u0119ty Comment nous contacter pour plus d&rsquo;informations sur le traitement de vos donn\u00e9es personnelles ? Le responsable du traitement a d\u00e9sign\u00e9 un point de contact pour les questions relatives au traitement et \u00e0 la protection des donn\u00e9es \u00e0 caract\u00e8re personnel &#8211; voici ses coordonn\u00e9es : adresse \u00e9lectronique : info@bospal.com adresse postale : Eddi Complex D.Dudys. Sp.K., Krakowska 98a, 32-650 K\u0119ty Comment mettons-nous \u00e0 jour nos principes ? Nous nous r\u00e9servons le droit de mettre \u00e0 jour ou de moderniser nos principes de protection des donn\u00e9es \u00e0 tout moment et sans pr\u00e9avis en publiant la nouvelle version modifi\u00e9e sur notre site web www.bospal.com. La nouvelle formulation de la politique entrera en vigueur d\u00e8s sa publication sur notre site web. <h3><\/h3>\t\t\t\t\t\t\t\t<\/div>\n\t\t\t\t<\/div>\n\t\t\t\t\t<\/div>\n\t\t<\/div>\n\t\t\t\t\t<\/div>\n\t\t<\/section>\n\t\t\t\t<\/div>\n\t\t","protected":false},"excerpt":{"rendered":"<p>POLITIQUE DE CONFIDENTIALIT\u00c9 La pr\u00e9sente politique de confidentialit\u00e9 d\u00e9crit la mani\u00e8re dont les donn\u00e9es personnelles obtenues par le biais du site web www.bospal.com sont prot\u00e9g\u00e9es et trait\u00e9es. Le propri\u00e9taire du site web www.bospal.com et, en m\u00eame temps, l&rsquo;administrateur des donn\u00e9es, c&rsquo;est-\u00e0-dire l&rsquo;entit\u00e9 qui d\u00e9cide comment vos donn\u00e9es personnelles seront utilis\u00e9es, est Dariusz Dudys exer\u00e7ant une [&hellip;]<\/p>\n","protected":false},"author":5,"featured_media":0,"parent":0,"menu_order":0,"comment_status":"closed","ping_status":"closed","template":"","meta":{"ocean_post_layout":"full-screen","ocean_both_sidebars_style":"","ocean_both_sidebars_content_width":0,"ocean_both_sidebars_sidebars_width":0,"ocean_sidebar":"0","ocean_second_sidebar":"0","ocean_disable_margins":"enable","ocean_add_body_class":"","ocean_shortcode_before_top_bar":"","ocean_shortcode_after_top_bar":"","ocean_shortcode_before_header":"","ocean_shortcode_after_header":"","ocean_has_shortcode":"","ocean_shortcode_after_title":"","ocean_shortcode_before_footer_widgets":"","ocean_shortcode_after_footer_widgets":"","ocean_shortcode_before_footer_bottom":"","ocean_shortcode_after_footer_bottom":"","ocean_display_top_bar":"off","ocean_display_header":"default","ocean_header_style":"","ocean_center_header_left_menu":"0","ocean_custom_header_template":"0","ocean_custom_logo":0,"ocean_custom_retina_logo":0,"ocean_custom_logo_max_width":0,"ocean_custom_logo_tablet_max_width":0,"ocean_custom_logo_mobile_max_width":0,"ocean_custom_logo_max_height":0,"ocean_custom_logo_tablet_max_height":0,"ocean_custom_logo_mobile_max_height":0,"ocean_header_custom_menu":"7","ocean_menu_typo_font_family":"0","ocean_menu_typo_font_subset":"","ocean_menu_typo_font_size":0,"ocean_menu_typo_font_size_tablet":0,"ocean_menu_typo_font_size_mobile":0,"ocean_menu_typo_font_size_unit":"px","ocean_menu_typo_font_weight":"","ocean_menu_typo_font_weight_tablet":"","ocean_menu_typo_font_weight_mobile":"","ocean_menu_typo_transform":"","ocean_menu_typo_transform_tablet":"","ocean_menu_typo_transform_mobile":"","ocean_menu_typo_line_height":0,"ocean_menu_typo_line_height_tablet":0,"ocean_menu_typo_line_height_mobile":0,"ocean_menu_typo_line_height_unit":"","ocean_menu_typo_spacing":0,"ocean_menu_typo_spacing_tablet":0,"ocean_menu_typo_spacing_mobile":0,"ocean_menu_typo_spacing_unit":"","ocean_menu_link_color":"","ocean_menu_link_color_hover":"","ocean_menu_link_color_active":"","ocean_menu_link_background":"","ocean_menu_link_hover_background":"","ocean_menu_link_active_background":"","ocean_menu_social_links_bg":"","ocean_menu_social_hover_links_bg":"","ocean_menu_social_links_color":"","ocean_menu_social_hover_links_color":"","ocean_disable_title":"on","ocean_disable_heading":"default","ocean_post_title":"","ocean_post_subheading":"","ocean_post_title_style":"","ocean_post_title_background_color":"","ocean_post_title_background":0,"ocean_post_title_bg_image_position":"","ocean_post_title_bg_image_attachment":"","ocean_post_title_bg_image_repeat":"","ocean_post_title_bg_image_size":"","ocean_post_title_height":0,"ocean_post_title_bg_overlay":0.5,"ocean_post_title_bg_overlay_color":"","ocean_disable_breadcrumbs":"default","ocean_breadcrumbs_color":"","ocean_breadcrumbs_separator_color":"","ocean_breadcrumbs_links_color":"","ocean_breadcrumbs_links_hover_color":"","ocean_display_footer_widgets":"default","ocean_display_footer_bottom":"default","ocean_custom_footer_template":"0","footnotes":""},"class_list":["post-18920","page","type-page","status-publish","hentry","entry","owp-thumbs-layout-horizontal","owp-btn-normal","owp-tabs-layout-horizontal","has-no-thumbnails","has-product-nav"],"aioseo_notices":[],"_links":{"self":[{"href":"https:\/\/bospal.com\/fr\/wp-json\/wp\/v2\/pages\/18920","targetHints":{"allow":["GET"]}}],"collection":[{"href":"https:\/\/bospal.com\/fr\/wp-json\/wp\/v2\/pages"}],"about":[{"href":"https:\/\/bospal.com\/fr\/wp-json\/wp\/v2\/types\/page"}],"author":[{"embeddable":true,"href":"https:\/\/bospal.com\/fr\/wp-json\/wp\/v2\/users\/5"}],"replies":[{"embeddable":true,"href":"https:\/\/bospal.com\/fr\/wp-json\/wp\/v2\/comments?post=18920"}],"version-history":[{"count":0,"href":"https:\/\/bospal.com\/fr\/wp-json\/wp\/v2\/pages\/18920\/revisions"}],"wp:attachment":[{"href":"https:\/\/bospal.com\/fr\/wp-json\/wp\/v2\/media?parent=18920"}],"curies":[{"name":"wp","href":"https:\/\/api.w.org\/{rel}","templated":true}]}}