{"id":15559,"date":"2019-12-04T12:58:10","date_gmt":"2019-12-04T11:58:10","guid":{"rendered":"https:\/\/bospal.com\/informativa-sulla-privacy\/"},"modified":"2024-01-30T16:44:07","modified_gmt":"2024-01-30T15:44:07","slug":"informativa-sulla-privacy","status":"publish","type":"page","link":"https:\/\/bospal.com\/it\/informativa-sulla-privacy\/","title":{"rendered":"Informativa sulla privacy"},"content":{"rendered":"\t\t<div data-elementor-type=\"wp-page\" data-elementor-id=\"15559\" class=\"elementor elementor-15559 elementor-4937\" data-elementor-post-type=\"page\">\n\t\t\t\t\t\t<section class=\"elementor-section elementor-top-section elementor-element elementor-element-622b1df elementor-reverse-mobile elementor-section-boxed elementor-section-height-default elementor-section-height-default\" data-id=\"622b1df\" data-element_type=\"section\" data-e-type=\"section\">\n\t\t\t\t\t\t<div class=\"elementor-container elementor-column-gap-default\">\n\t\t\t\t\t<div class=\"elementor-column elementor-col-66 elementor-top-column elementor-element elementor-element-933c3b2 elementor-hidden-phone\" data-id=\"933c3b2\" data-element_type=\"column\" data-e-type=\"column\" data-settings=\"{&quot;background_background&quot;:&quot;classic&quot;}\">\n\t\t\t<div class=\"elementor-widget-wrap elementor-element-populated\">\n\t\t\t\t\t\t<div class=\"elementor-element elementor-element-5189074 elementor-widget elementor-widget-heading\" data-id=\"5189074\" data-element_type=\"widget\" data-e-type=\"widget\" data-widget_type=\"heading.default\">\n\t\t\t\t<div class=\"elementor-widget-container\">\n\t\t\t\t\t<h1 class=\"elementor-heading-title elementor-size-default\">POLITICA SULLA PRIVACY<\/h1>\t\t\t\t<\/div>\n\t\t\t\t<\/div>\n\t\t\t\t\t<\/div>\n\t\t<\/div>\n\t\t\t\t<div class=\"elementor-column elementor-col-33 elementor-top-column elementor-element elementor-element-af18d6d elementor-hidden-tablet elementor-hidden-mobile\" data-id=\"af18d6d\" data-element_type=\"column\" data-e-type=\"column\" data-settings=\"{&quot;background_background&quot;:&quot;classic&quot;}\">\n\t\t\t<div class=\"elementor-widget-wrap elementor-element-populated\">\n\t\t\t\t\t\t<div class=\"elementor-element elementor-element-a52098b elementor-hidden-tablet elementor-hidden-mobile elementor-view-default elementor-widget elementor-widget-icon\" data-id=\"a52098b\" data-element_type=\"widget\" data-e-type=\"widget\" data-widget_type=\"icon.default\">\n\t\t\t\t<div class=\"elementor-widget-container\">\n\t\t\t\t\t\t\t<div class=\"elementor-icon-wrapper\">\n\t\t\t<div class=\"elementor-icon\">\n\t\t\t<svg xmlns=\"http:\/\/www.w3.org\/2000\/svg\" xml:space=\"preserve\" style=\"enable-background:new 0 0 496.592 496.592\" viewBox=\"0 0 496.592 496.592\"><path d=\"M400.296 328v-51.696l-21.816 8.488-.064-.144-.52-.944c-8.36-13.016-21.88-22.072-37.104-24.832l-52.496-9.552v-4.144c19.632-11.4 34.008-30.848 38.488-53.84 14.544-3.008 25.512-15.912 25.512-31.336V80.984a50.169 50.169 0 0 0-35.84-48.136l-4-4C293.848 10.24 269.112 0 242.8 0c-54.312 0-98.504 44.184-98.504 98.504V160c0 15.424 10.968 28.328 25.512 31.336 4.488 22.992 18.856 42.448 38.488 53.84v4.144l-52.488 9.544c-15.208 2.76-28.72 11.8-37.088 24.808l-.48 1.168-21.944-8.536V328c-13.232 0-24 10.768-24 24v32c0 13.232 10.768 24 24 24v29.472l152 59.12 152-59.12V408c13.232 0 24-10.768 24-24v-32c0-13.232-10.768-24-24-24zm-97.008-59.688 34.64 6.296c10.2 1.856 19.232 7.744 25.256 16.128l-77.4 30.096 17.504-52.52zm-78.312-15.8c7.384 2.256 15.208 3.488 23.32 3.488s15.936-1.232 23.32-3.488L248.296 270l-23.32-17.488zm11.144 28.352-16.328 16.32-10.592-31.768 5.096-.92 21.824 16.368zm46.176-16.36 5.096.92-10.592 31.768-16.328-16.32 21.824-16.368zm46-90.728v-27.552c4.76 2.776 8 7.88 8 13.776s-3.24 11-8 13.776zm-160 0c-4.76-2.776-8-7.88-8-13.776s3.24-11 8-13.776v27.552zm0-53.776v9.136a31.73 31.73 0 0 0-8 3.312V98.504C160.296 53.016 197.304 16 242.8 16c22.032 0 42.76 8.584 58.344 24.168l7.056 7.064 2.152.528a34.19 34.19 0 0 1 25.944 33.224v51.464a31.44 31.44 0 0 0-8-3.312V120h-25.368c-21.68 0-42.4-10.352-55.4-27.688l-6.36-8.496-15.896 15.904C212.184 112.8 194.792 120 176.296 120h-8zm16 56v-40.368c19.752-1.832 38.08-10.4 52.288-24.6l3.112-3.112c16.04 17.704 39.144 28.08 63.232 28.08h9.368v40c0 35.288-28.712 64-64 64s-64-28.712-64-64zm-25.632 98.608 34.64-6.296 17.504 52.52-77.416-30.104c6.024-8.392 15.072-14.264 25.272-16.12zM88.296 384v-32c0-4.416 3.592-8 8-8 13.232 0 24 10.768 24 24s-10.768 24-24 24c-4.408 0-8-3.584-8-8zm152 92.304-128-49.768v-21.928c14.104-6.192 24-20.248 24-36.608 0-16.36-9.896-30.416-24-36.608v-31.696l128 49.776v126.832zm-23.752-153.232 31.752-31.76 31.752 31.752-31.752 12.352-31.752-12.344zm167.752 103.456-128 49.768V349.472l128-49.776v31.696c-14.104 6.192-24 20.248-24 36.608 0 16.36 9.896 30.416 24 36.608v21.92zm24-42.528c0 4.416-3.592 8-8 8-13.232 0-24-10.768-24-24s10.768-24 24-24c4.408 0 8 3.584 8 8v32z\"><\/path><\/svg>\t\t\t<\/div>\n\t\t<\/div>\n\t\t\t\t\t\t<\/div>\n\t\t\t\t<\/div>\n\t\t\t\t\t<\/div>\n\t\t<\/div>\n\t\t\t\t\t<\/div>\n\t\t<\/section>\n\t\t\t\t<section class=\"elementor-section elementor-top-section elementor-element elementor-element-5e0a3c1 elementor-section-full_width elementor-section-height-default elementor-section-height-default\" data-id=\"5e0a3c1\" data-element_type=\"section\" data-e-type=\"section\">\n\t\t\t\t\t\t<div class=\"elementor-container elementor-column-gap-default\">\n\t\t\t\t\t<div class=\"elementor-column elementor-col-100 elementor-top-column elementor-element elementor-element-1809c99\" data-id=\"1809c99\" data-element_type=\"column\" data-e-type=\"column\">\n\t\t\t<div class=\"elementor-widget-wrap elementor-element-populated\">\n\t\t\t\t\t\t<div class=\"elementor-element elementor-element-3332144 elementor-widget elementor-widget-text-editor\" data-id=\"3332144\" data-element_type=\"widget\" data-e-type=\"widget\" data-widget_type=\"text-editor.default\">\n\t\t\t\t<div class=\"elementor-widget-container\">\n\t\t\t\t\t\t\t\t\t<ol>\n \t<li>La presente Informativa sulla privacy descrive le modalit\u00e0 di protezione e trattamento dei dati personali ottenuti attraverso il sito web www.bospal.com\n<\/li>\n \t<li>Il proprietario del sito web www.bospal.com e, allo stesso tempo, l&#8217;Amministratore dei dati, cio\u00e8 l&#8217;entit\u00e0 che decide come verranno utilizzati i vostri dati personali, \u00e8 Dariusz Dudys che svolge attivit\u00e0 commerciale sotto il nome di Eddi Complex D.Dudys. Sp.K., Krakowska 98a, 32-650 K\u0119ty, iscritto nel Registro Centrale delle Imprese e delle Informazioni sulle Attivit\u00e0 Commerciali della Repubblica di Polonia tenuto dal Ministro dell&#8217;Economia; NIP: 5492436294; REGON: 122958846.\n\n\n\n<\/li>\n \t<li>I dati personali raccolti attraverso il sito web sono trattati in conformit\u00e0 al Regolamento (UE) 2016\/679 del Parlamento Europeo e del Consiglio del 27 aprile 2016 relativo alla protezione delle persone fisiche con riguardo al trattamento dei dati personali, nonch\u00e9 alla libera circolazione di tali dati e che abroga la direttiva 95\/46\/CE (Regolamento generale sulla protezione dei dati), di seguito denominato RODO.\n \n\n<\/li>\n<\/ol>\nDa dove provengono i dati?\n<ol>\n \t<li>Li abbiamo ricevuti dai clienti quando hanno compilato il modulo di contatto su www.bospal.com<\/li>\n<\/ol>\nCome raccogliamo i dati?\n<ol>\n \t<li>Eddi Complex D.Dudys. Sp.K. presta particolare attenzione alla tutela degli interessi degli interessati e, in particolare, garantisce che i dati raccolti siano trattati in conformit\u00e0 alla legge; raccolti per finalit\u00e0 specifiche e legittime e non sottoposti a ulteriori trattamenti incompatibili con tali finalit\u00e0; sostanzialmente corretti e adeguati rispetto alle finalit\u00e0 per le quali sono trattati; conservati in una forma che consenta l&#8217;identificazione degli interessati per un periodo di tempo non superiore a quello necessario al conseguimento delle finalit\u00e0 del trattamento.  \n\n\n\n\n<\/li>\n \t<li>Eddi Complex D.Dudys. Sp.K. raccoglie informazioni relative a persone fisiche che svolgono un&#8217;azione legale non direttamente connessa alla loro attivit\u00e0, a persone fisiche che svolgono un&#8217;attivit\u00e0 commerciale o professionale per proprio conto e a persone fisiche che rappresentano persone giuridiche o entit\u00e0 organizzative che non sono persone giuridiche e alle quali la legge riconosce la capacit\u00e0 giuridica, che svolgono un&#8217;attivit\u00e0 commerciale o professionale per proprio conto, di seguito denominate collettivamente Clienti.  \n\n\n\n<\/li>\n \t<li>I dati personali dei clienti vengono raccolti quando: a) si utilizza il modulo di contatto;\n<\/li>\n \t<li>Quando utilizza il modulo di contatto, il Cliente dovr\u00e0 fornire: a) indirizzo e-mail; b) nome;\n\n<\/li>\n \t<li>Quando si utilizza il Sito, possono essere raccolte ulteriori informazioni, in particolare: l&#8217;indirizzo IP assegnato al computer del Cliente o l&#8217;indirizzo IP esterno del provider Internet, il nome del dominio, il tipo di browser, l&#8217;orario di accesso, il tipo di sistema operativo;\n\n<\/li>\n \t<li>I dati di navigazione possono essere raccolti anche dai Clienti, comprese le informazioni sui link e sui riferimenti che scelgono di cliccare o su altre azioni che compiono sul nostro Sito web.<\/li>\n<\/ol>\nCome utilizziamo e a chi affidiamo i dati raccolti?\n<ol>\n \t<li>Quando si utilizza il modulo di contatto sul Sito, i dati dei Clienti sono trattati al fine di rispondere al messaggio inviato &#8211; sulla base dell&#8217;articolo 6(1)(b) RODO.  <\/li>\n \t<li>I dati di navigazione possono essere utilizzati per fornire ai clienti un servizio migliore, per analizzare i dati statistici e per adattare il sito web alle preferenze dei clienti, nonch\u00e9 per amministrare il Negozio online;\n\n<\/li>\n \t<li>I dati personali forniti dal Cliente saranno trattati ai fini della difesa e del perseguimento dei crediti &#8211; sulla base dell&#8217;articolo 6, paragrafo 1, lettera f) del RODO &#8211; del legittimo interesse di Eddi Complex D.Dudys. Sp.K., per un massimo di 10 anni dal termine del contratto;\n  \n<\/li>\n \t<li>I dati personali dei nostri clienti non sono attualmente trattati al di fuori dell&#8217;Unione Europea;<\/li>\n \t<li>In relazione alle finalit\u00e0 di cui sopra, i destinatari dei dati personali possono essere soggetti che intermediano gli obblighi contrattuali eseguiti dal titolare del trattamento, ad esempio fornitori di servizi informatici, commercialisti, studi legali, fornitori di pagamenti online, corrieri<\/li>\n<\/ol>\nPer quanto tempo conserviamo i vostri dati? In linea di principio trattiamo e conserviamo i vostri dati per la durata del nostro rapporto contrattuale e fino al raggiungimento degli obiettivi del rispettivo trattamento. Nella misura in cui ci\u00f2 \u00e8 prescritto dalla legge, alcuni dati personali vengono conservati anche per periodi pi\u00f9 lunghi. Quali diritti hanno i clienti in relazione ai loro dati personali?\n\n \n\n\n<ol>\n \t<li>Diritto di revoca del consenso &#8211; base giuridica Articolo 7(3) RODO  <\/li>\n \t<li>Diritto di opposizione al trattamento dei dati &#8211; base giuridica Articolo 21 RODO <\/li>\n \t<li>Diritto alla cancellazione dei dati (&#8220;diritto all&#8217;oblio&#8221;) &#8211; base giuridica Articolo 17 RODO I clienti hanno il diritto di cancellare i dati trattati da Eddi Complex D.Dudys. Sp.K. tranne nei casi in cui: a) sia stato avviato un ordine non ancora spedito, b) il cliente abbia un debito in sospeso con Eddi Complex D.Dudys. Sp.K., indipendentemente dal metodo di pagamento, c) il Cliente ha effettuato un acquisto, conserveremo i dati personali relativi alla transazione per scopi contabili. \n\n  \n\n\n\n\n<\/li>\n \t<li>Diritto di limitare il trattamento dei dati &#8211; base giuridica Articolo 18 RODO <\/li>\n \t<li>Diritto di accesso &#8211; base giuridica Articolo 15 RODO In qualsiasi momento, l&#8217;utente ha il diritto di richiedere informazioni sui suoi dati personali in nostro possesso. \n\n<\/li>\n \t<li>Diritto di rettifica &#8211; base giuridica Articolo 16 RODO Il cliente ha il diritto di richiedere la rettifica dei propri dati personali se questi sono errati, nonch\u00e9 di completare dati incompleti. \n<\/li>\n \t<li>Diritto alla portabilit\u00e0 dei dati &#8211; base giuridica Articolo 20 RODO In qualsiasi momento, il Cliente pu\u00f2 modificare, visualizzare o cancellare i propri dati personali nell&#8217;area del proprio account, avendo prima inserito un login e una password. Se il Cliente dimentica la propria password, nella pagina di login \u00e8 presente un link &#8220;promemoria password&#8221;, che reindirizza il Cliente a un modulo, la cui compilazione con l&#8217;indirizzo e-mail fornito al momento della registrazione invier\u00e0 una password sostitutiva. \n <\/li>\n \t<li>Il cliente ha il diritto di presentare un reclamo al Presidente dell&#8217;Autorit\u00e0 per la protezione dei dati in caso di violazione del suo diritto alla protezione dei dati o di altri diritti garantiti dal RODO.<\/li>\n<\/ol>\nCome proteggiamo i nostri servizi?\n<ol>\n \t<li>I nostri standard tecnici &#8211; Il trasferimento dei dati avviene tramite il protocollo di trasmissione Secure Socket Layer (SSL);<\/li>\n \t<li>Il sito web pu\u00f2 contenere link ad altri siti web. L&#8217;Amministratore invita a leggere l&#8217;informativa sulla privacy di altri siti. La presente informativa sulla privacy si applica solo a questo sito web.  <\/li>\n \t<li>Il responsabile del trattamento applicher\u00e0 misure tecniche e organizzative per garantire la protezione dei dati personali trattati in modo adeguato ai rischi e alle categorie di dati protetti e, in particolare, protegger\u00e0 i dati dal loro accesso a persone non autorizzate, dal loro prelievo da parte di una persona non autorizzata, dal loro trattamento in violazione delle norme applicabili e dalla loro alterazione, perdita, danneggiamento o distruzione.<\/li>\n<\/ol>\nCome si pu\u00f2 presentare un reclamo in caso di violazione della sicurezza dei dati o della legislazione sulla protezione dei dati? Se desiderate esercitare il vostro diritto di opposizione, contattate: indirizzo e-mail: info@bospal.com indirizzo postale: Eddi Complex D.Dudys. Sp.K. , Krakowska 98a, 32-650 K\u0119ty Come contattarci per ulteriori informazioni sul trattamento dei vostri dati personali? Il titolare del trattamento ha nominato un punto di contatto per le questioni relative al trattamento e alla protezione dei dati personali &#8211; ecco i dati di contatto: indirizzo e-mail: info@bospal.com indirizzo postale: Eddi Complex D.Dudys. Sp.K., Krakowska 98a, 32-650 K\u0119ty Come aggiorniamo i nostri principi? Ci riserviamo il diritto di aggiornare o modernizzare le nostre norme sulla protezione dei dati in qualsiasi momento e senza preavviso, pubblicando la nuova versione modificata sul nostro sito web www.bospal.com. La nuova formulazione delle norme si applicher\u00e0 non appena sar\u00e0 pubblicata sul nostro sito web.\n\n\n\n\n\n  \n\n\n\n\n\n\n\n\n\n\n\n\n\n\n<h3><\/h3>\t\t\t\t\t\t\t\t<\/div>\n\t\t\t\t<\/div>\n\t\t\t\t\t<\/div>\n\t\t<\/div>\n\t\t\t\t\t<\/div>\n\t\t<\/section>\n\t\t\t\t<\/div>\n\t\t","protected":false},"excerpt":{"rendered":"<p>POLITICA SULLA PRIVACY La presente Informativa sulla privacy descrive le modalit\u00e0 di protezione e trattamento dei dati personali ottenuti attraverso il sito web www.bospal.com Il proprietario del sito web www.bospal.com e, allo stesso tempo, l&#8217;Amministratore dei dati, cio\u00e8 l&#8217;entit\u00e0 che decide come verranno utilizzati i vostri dati personali, \u00e8 Dariusz Dudys che svolge attivit\u00e0 commerciale [&hellip;]<\/p>\n","protected":false},"author":5,"featured_media":0,"parent":0,"menu_order":0,"comment_status":"closed","ping_status":"closed","template":"","meta":{"ocean_post_layout":"full-screen","ocean_both_sidebars_style":"","ocean_both_sidebars_content_width":0,"ocean_both_sidebars_sidebars_width":0,"ocean_sidebar":"0","ocean_second_sidebar":"0","ocean_disable_margins":"enable","ocean_add_body_class":"","ocean_shortcode_before_top_bar":"","ocean_shortcode_after_top_bar":"","ocean_shortcode_before_header":"","ocean_shortcode_after_header":"","ocean_has_shortcode":"","ocean_shortcode_after_title":"","ocean_shortcode_before_footer_widgets":"","ocean_shortcode_after_footer_widgets":"","ocean_shortcode_before_footer_bottom":"","ocean_shortcode_after_footer_bottom":"","ocean_display_top_bar":"off","ocean_display_header":"default","ocean_header_style":"","ocean_center_header_left_menu":"0","ocean_custom_header_template":"0","ocean_custom_logo":0,"ocean_custom_retina_logo":0,"ocean_custom_logo_max_width":0,"ocean_custom_logo_tablet_max_width":0,"ocean_custom_logo_mobile_max_width":0,"ocean_custom_logo_max_height":0,"ocean_custom_logo_tablet_max_height":0,"ocean_custom_logo_mobile_max_height":0,"ocean_header_custom_menu":"7","ocean_menu_typo_font_family":"0","ocean_menu_typo_font_subset":"","ocean_menu_typo_font_size":0,"ocean_menu_typo_font_size_tablet":0,"ocean_menu_typo_font_size_mobile":0,"ocean_menu_typo_font_size_unit":"px","ocean_menu_typo_font_weight":"","ocean_menu_typo_font_weight_tablet":"","ocean_menu_typo_font_weight_mobile":"","ocean_menu_typo_transform":"","ocean_menu_typo_transform_tablet":"","ocean_menu_typo_transform_mobile":"","ocean_menu_typo_line_height":0,"ocean_menu_typo_line_height_tablet":0,"ocean_menu_typo_line_height_mobile":0,"ocean_menu_typo_line_height_unit":"","ocean_menu_typo_spacing":0,"ocean_menu_typo_spacing_tablet":0,"ocean_menu_typo_spacing_mobile":0,"ocean_menu_typo_spacing_unit":"","ocean_menu_link_color":"","ocean_menu_link_color_hover":"","ocean_menu_link_color_active":"","ocean_menu_link_background":"","ocean_menu_link_hover_background":"","ocean_menu_link_active_background":"","ocean_menu_social_links_bg":"","ocean_menu_social_hover_links_bg":"","ocean_menu_social_links_color":"","ocean_menu_social_hover_links_color":"","ocean_disable_title":"on","ocean_disable_heading":"default","ocean_post_title":"","ocean_post_subheading":"","ocean_post_title_style":"","ocean_post_title_background_color":"","ocean_post_title_background":0,"ocean_post_title_bg_image_position":"","ocean_post_title_bg_image_attachment":"","ocean_post_title_bg_image_repeat":"","ocean_post_title_bg_image_size":"","ocean_post_title_height":0,"ocean_post_title_bg_overlay":0.5,"ocean_post_title_bg_overlay_color":"","ocean_disable_breadcrumbs":"default","ocean_breadcrumbs_color":"","ocean_breadcrumbs_separator_color":"","ocean_breadcrumbs_links_color":"","ocean_breadcrumbs_links_hover_color":"","ocean_display_footer_widgets":"default","ocean_display_footer_bottom":"default","ocean_custom_footer_template":"0","footnotes":""},"class_list":["post-15559","page","type-page","status-publish","hentry","entry","owp-thumbs-layout-horizontal","owp-btn-normal","owp-tabs-layout-horizontal","has-no-thumbnails","has-product-nav"],"aioseo_notices":[],"_links":{"self":[{"href":"https:\/\/bospal.com\/it\/wp-json\/wp\/v2\/pages\/15559","targetHints":{"allow":["GET"]}}],"collection":[{"href":"https:\/\/bospal.com\/it\/wp-json\/wp\/v2\/pages"}],"about":[{"href":"https:\/\/bospal.com\/it\/wp-json\/wp\/v2\/types\/page"}],"author":[{"embeddable":true,"href":"https:\/\/bospal.com\/it\/wp-json\/wp\/v2\/users\/5"}],"replies":[{"embeddable":true,"href":"https:\/\/bospal.com\/it\/wp-json\/wp\/v2\/comments?post=15559"}],"version-history":[{"count":0,"href":"https:\/\/bospal.com\/it\/wp-json\/wp\/v2\/pages\/15559\/revisions"}],"wp:attachment":[{"href":"https:\/\/bospal.com\/it\/wp-json\/wp\/v2\/media?parent=15559"}],"curies":[{"name":"wp","href":"https:\/\/api.w.org\/{rel}","templated":true}]}}